{"id":60,"date":"2020-06-03T09:25:39","date_gmt":"2020-06-03T09:25:39","guid":{"rendered":"http:\/\/industrey-demo.pbminfotech.com\/demo1\/?page_id=12842"},"modified":"2025-07-11T08:42:17","modified_gmt":"2025-07-11T01:42:17","slug":"lien-he","status":"publish","type":"page","link":"https:\/\/yonglibeltingvietnam.com\/en\/lien-he\/","title":{"rendered":"Contact"},"content":{"rendered":"<div data-elementor-type=\"wp-page\" data-elementor-id=\"60\" class=\"elementor elementor-60\" data-elementor-post-type=\"page\">\n\t\t\t\t\t\t<section class=\"elementor-section elementor-top-section elementor-element elementor-element-f07879f tstk-col-stretched-none tstk-bg-color-over-image elementor-section-boxed elementor-section-height-default elementor-section-height-default\" data-id=\"f07879f\" data-element_type=\"section\">\n\t\t\t\t\t\t<div class=\"elementor-container elementor-column-gap-no\">\n\t\t\t\t\t<div class=\"elementor-column elementor-col-33 elementor-top-column elementor-element elementor-element-9fa0836 tstk-bg-color-over-image\" data-id=\"9fa0836\" data-element_type=\"column\">\n\t\t\t<div class=\"elementor-widget-wrap elementor-element-populated\">\n\t\t\t\t\t\t<div class=\"elementor-element elementor-element-39bc241 tstk-align-left elementor-widget elementor-widget-tstk_heading\" data-id=\"39bc241\" data-element_type=\"widget\" data-widget_type=\"tstk_heading.default\">\n\t\t\t\t<div class=\"elementor-widget-container\">\n\t\t\t\t\t\t<div class=\"tstk-heading-subheading left-align\"><h2 class=\"tstk-element-title\">\r\n\t\t\t\r\n\t\t\t\tK\u1ebeT N\u1ed0I V\u1edaI CH\u00daNG T\u00d4I KHI C\u1ea6N\r\n\t\t\t\r\n\t\t\t<\/h2>\r\n\t\t<\/div>\t\t\t\t<\/div>\n\t\t\t\t<\/div>\n\t\t\t\t\t<\/div>\n\t\t<\/div>\n\t\t\t\t<div class=\"elementor-column elementor-col-66 elementor-top-column elementor-element elementor-element-aad0478 tstk-bg-color-over-image\" data-id=\"aad0478\" data-element_type=\"column\">\n\t\t\t<div class=\"elementor-widget-wrap elementor-element-populated\">\n\t\t\t\t\t\t<div class=\"elementor-element elementor-element-e39754e elementor-widget elementor-widget-text-editor\" data-id=\"e39754e\" data-element_type=\"widget\" data-widget_type=\"text-editor.default\">\n\t\t\t\t<div class=\"elementor-widget-container\">\n\t\t\t\t\t\t\t\t\t<p>\u0110\u1ed9i ng\u0169 c\u1ee7a ch\u00fang t\u00f4i lu\u00f4n s\u1eb5n s\u00e0ng l\u1eafng nghe v\u00e0 ph\u1ea3n h\u1ed3i nhanh ch\u00f3ng.<br data-start=\"269\" data-end=\"272\" \/>\u0110\u1eebng ng\u1ea7n ng\u1ea1i k\u1ebft n\u1ed1i \u2013 ch\u00fang t\u00f4i \u1edf \u0111\u00e2y \u0111\u1ec3 \u0111\u1ed3ng h\u00e0nh c\u00f9ng b\u1ea1n trong m\u1ecdi d\u1ef1 \u00e1n.<\/p>\t\t\t\t\t\t\t\t<\/div>\n\t\t\t\t<\/div>\n\t\t\t\t\t<\/div>\n\t\t<\/div>\n\t\t\t\t\t<\/div>\n\t\t<\/section>\n\t\t\t\t<section class=\"elementor-section elementor-top-section elementor-element elementor-element-880706a tstk-col-stretched-right elementor-section-stretched tstk-margin-zero tstk-bg-color-over-image elementor-section-boxed elementor-section-height-default elementor-section-height-default\" data-id=\"880706a\" data-element_type=\"section\" data-settings=\"{&quot;stretch_section&quot;:&quot;section-stretched&quot;}\">\n\t\t\t\t\t\t<div class=\"elementor-container elementor-column-gap-no\">\n\t\t\t\t\t<div class=\"elementor-column elementor-col-33 elementor-top-column elementor-element elementor-element-f82c092 tstk-bg-color-yes tstk-elementor-bg-color-blackish tstk-text-color-white tstk-bg-color-over-image\" data-id=\"f82c092\" data-element_type=\"column\">\n\t\t\t<div class=\"elementor-widget-wrap elementor-element-populated\">\n\t\t\t\t\t\t<div class=\"elementor-element elementor-element-9301b3b elementor-widget elementor-widget-tstk_icon_heading\" data-id=\"9301b3b\" data-element_type=\"widget\" data-widget_type=\"tstk_icon_heading.default\">\n\t\t\t\t<div class=\"elementor-widget-container\">\n\t\t\t\t\t<div class=\"tstk-ihbox tstk-ihbox-style-9\">\r\n<div class=\"tstk-ihbox-box d-flex align-items-center\">\r\n\t<div class=\"tstk-ihbox-icon\"><div class=\"tstk-ihbox-icon-wrapper\"><i class=\"tstk-industrey-icon tstk-industrey-icon-telephone\"><\/i><\/div><\/div>\t\r\n\t<div class=\"tstk-ihbox-contents\">\t\r\n\t\t<h2 class=\"tstk-element-title\">\r\n\t\t\t\t\t\r\n\t\t\t\t\t\tS\u1ed1 \u0111i\u1ec7n tho\u1ea1i\r\n\t\t\t\t\t\r\n\t\t\t\t\t<\/h2>\r\n\t\t\t\t\t\r\n\t\t\t\t<div class=\"tstk-heading-desc\">0903 851 636<\/div>\t\t\t<\/div><!-- .tstk-ihbox-contents -->\r\n<\/div><\/div>\t\t\t\t<\/div>\n\t\t\t\t<\/div>\n\t\t\t\t<div class=\"elementor-element elementor-element-9001bf5 elementor-widget elementor-widget-tstk_icon_heading\" data-id=\"9001bf5\" data-element_type=\"widget\" data-widget_type=\"tstk_icon_heading.default\">\n\t\t\t\t<div class=\"elementor-widget-container\">\n\t\t\t\t\t<div class=\"tstk-ihbox tstk-ihbox-style-9\">\r\n<div class=\"tstk-ihbox-box d-flex align-items-center\">\r\n\t<div class=\"tstk-ihbox-icon\"><div class=\"tstk-ihbox-icon-wrapper\"><i class=\"tstk-industrey-icon tstk-industrey-icon-email\"><\/i><\/div><\/div>\t\r\n\t<div class=\"tstk-ihbox-contents\">\t\r\n\t\t<h2 class=\"tstk-element-title\">\r\n\t\t\t\t\t\r\n\t\t\t\t\t\tEmail\r\n\t\t\t\t\t\r\n\t\t\t\t\t<\/h2>\r\n\t\t\t\t\t\r\n\t\t\t\t<div class=\"tstk-heading-desc\">jenny.do@yonglibelt.com<\/div>\t\t\t<\/div><!-- .tstk-ihbox-contents -->\r\n<\/div><\/div>\t\t\t\t<\/div>\n\t\t\t\t<\/div>\n\t\t\t\t<div class=\"elementor-element elementor-element-926aeb6 elementor-widget elementor-widget-tstk_icon_heading\" data-id=\"926aeb6\" data-element_type=\"widget\" data-widget_type=\"tstk_icon_heading.default\">\n\t\t\t\t<div class=\"elementor-widget-container\">\n\t\t\t\t\t<div class=\"tstk-ihbox tstk-ihbox-style-9\">\r\n<div class=\"tstk-ihbox-box d-flex align-items-center\">\r\n\t<div class=\"tstk-ihbox-icon\"><div class=\"tstk-ihbox-icon-wrapper\"><i class=\"tstk-industrey-icon tstk-industrey-icon-location\"><\/i><\/div><\/div>\t\r\n\t<div class=\"tstk-ihbox-contents\">\t\r\n\t\t<h2 class=\"tstk-element-title\">\r\n\t\t\t\t\t\r\n\t\t\t\t\t\tYongli HCM: \r\n\t\t\t\t\t\r\n\t\t\t\t\t<\/h2>\r\n\t\t\t\t\t\r\n\t\t\t\t<div class=\"tstk-heading-desc\">L\u00f4 D21\/II, D22\/II, \u0110\u01b0\u1eddng s\u1ed1 2B, KCN V\u0129nh L\u1ed9c, P. B\u00ecnh T\u00e2n, Tp. HCM - Vi\u1ec7t Nam<\/div>\t\t\t<\/div><!-- .tstk-ihbox-contents -->\r\n<\/div><\/div>\t\t\t\t<\/div>\n\t\t\t\t<\/div>\n\t\t\t\t<div class=\"elementor-element elementor-element-e5df5f4 elementor-widget elementor-widget-tstk_icon_heading\" data-id=\"e5df5f4\" data-element_type=\"widget\" data-widget_type=\"tstk_icon_heading.default\">\n\t\t\t\t<div class=\"elementor-widget-container\">\n\t\t\t\t\t<div class=\"tstk-ihbox tstk-ihbox-style-9\">\r\n<div class=\"tstk-ihbox-box d-flex align-items-center\">\r\n\t<div class=\"tstk-ihbox-icon\"><div class=\"tstk-ihbox-icon-wrapper\"><i class=\"tstk-industrey-icon tstk-industrey-icon-location\"><\/i><\/div><\/div>\t\r\n\t<div class=\"tstk-ihbox-contents\">\t\r\n\t\t<h2 class=\"tstk-element-title\">\r\n\t\t\t\t\t\r\n\t\t\t\t\t\tYongli HN: \r\n\t\t\t\t\t\r\n\t\t\t\t\t<\/h2>\r\n\t\t\t\t\t\r\n\t\t\t\t<div class=\"tstk-heading-desc\">L\u00f4 1, CCN An Kh\u00e1nh, Km8 \u0111\u01b0\u1eddng L\u00e1ng-H\u00f2a L\u1ea1c, P. T\u00e2y M\u1ed7, Tp. HN - Vi\u1ec7t Nam<\/div>\t\t\t<\/div><!-- .tstk-ihbox-contents -->\r\n<\/div><\/div>\t\t\t\t<\/div>\n\t\t\t\t<\/div>\n\t\t\t\t\t<\/div>\n\t\t<\/div>\n\t\t\t\t<div class=\"elementor-column elementor-col-66 elementor-top-column elementor-element elementor-element-dcdf295 tstk-bg-color-yes tstk-elementor-bg-color-light tstk-bg-image-over-color\" data-id=\"dcdf295\" data-element_type=\"column\" data-settings=\"{&quot;background_background&quot;:&quot;classic&quot;}\">\n\t\t\t<div class=\"elementor-widget-wrap elementor-element-populated\">\n\t\t\t\t\t\t<div class=\"elementor-element elementor-element-cf2f0d3 elementor-widget elementor-widget-shortcode\" data-id=\"cf2f0d3\" data-element_type=\"widget\" data-widget_type=\"shortcode.default\">\n\t\t\t\t<div class=\"elementor-widget-container\">\n\t\t\t\t\t\t\t<div class=\"elementor-shortcode\">\n<div class=\"wpcf7 no-js\" id=\"wpcf7-f40-o1\" lang=\"en-US\" dir=\"ltr\" data-wpcf7-id=\"40\">\n<div class=\"screen-reader-response\"><p role=\"status\" aria-live=\"polite\" aria-atomic=\"true\"><\/p> <ul><\/ul><\/div>\n<form action=\"\/en\/wp-json\/wp\/v2\/pages\/60#wpcf7-f40-o1\" method=\"post\" class=\"wpcf7-form init\" aria-label=\"Contact form\" novalidate=\"novalidate\" data-status=\"init\" data-trp-original-action=\"\/en\/wp-json\/wp\/v2\/pages\/60#wpcf7-f40-o1\">\n<div style=\"display: none;\">\n<input type=\"hidden\" name=\"_wpcf7\" value=\"40\" \/>\n<input type=\"hidden\" name=\"_wpcf7_version\" value=\"6.0.6\" \/>\n<input type=\"hidden\" name=\"_wpcf7_locale\" value=\"en_US\" \/>\n<input type=\"hidden\" name=\"_wpcf7_unit_tag\" value=\"wpcf7-f40-o1\" \/>\n<input type=\"hidden\" name=\"_wpcf7_container_post\" value=\"0\" \/>\n<input type=\"hidden\" name=\"_wpcf7_posted_data_hash\" value=\"\" \/>\n<\/div>\n<div class=\"main-form tstk-form-style-2\">\n\t<div class=\"row\">\n\t\t<div class=\"col-sm-6\">\n\t\t\t<div class=\"input-group\">\n\t\t\t\t<p><span class=\"wpcf7-form-control-wrap\" data-name=\"your-name\"><input size=\"40\" maxlength=\"400\" class=\"wpcf7-form-control wpcf7-text\" aria-invalid=\"false\" placeholder=\"Your name\" value=\"\" type=\"text\" name=\"your-name\" \/><\/span>\n\t\t\t\t<\/p>\n\t\t\t<\/div>\n\t\t<\/div>\n\t\t<div class=\"col-sm-6\">\n\t\t\t<div class=\"input-group\">\n\t\t\t\t<p><span class=\"wpcf7-form-control-wrap\" data-name=\"your-email\"><input size=\"40\" maxlength=\"400\" class=\"wpcf7-form-control wpcf7-email wpcf7-validates-as-required wpcf7-text wpcf7-validates-as-email\" aria-required=\"true\" aria-invalid=\"false\" placeholder=\"Email address\" value=\"\" type=\"email\" name=\"your-email\" \/><\/span>\n\t\t\t\t<\/p>\n\t\t\t<\/div>\n\t\t<\/div>\n\t\t<div class=\"col-sm-6\">\n\t\t\t<div class=\"input-group\">\n\t\t\t\t<p><span class=\"wpcf7-form-control-wrap\" data-name=\"your-name\"><input size=\"40\" maxlength=\"400\" class=\"wpcf7-form-control wpcf7-text\" aria-invalid=\"false\" placeholder=\"Your number\" value=\"\" type=\"text\" name=\"your-name\" \/><\/span>\n\t\t\t\t<\/p>\n\t\t\t<\/div>\n\t\t<\/div>\n\t\t<div class=\"col-sm-6\">\n\t\t\t<div class=\"input-group\">\n\t\t\t\t<p><span class=\"wpcf7-form-control-wrap\" data-name=\"Select\"><select class=\"wpcf7-form-control wpcf7-select\" aria-invalid=\"false\" name=\"Select\"><option value=\"C\u01a1 kh\u00ed\">C\u01a1 kh\u00ed<\/option><option value=\"D\u1ea7u kh\u00ed\">D\u1ea7u kh\u00ed<\/option><option value=\"X\u00e2y d\u1ef1ng\">X\u00e2y d\u1ef1ng<\/option><\/select><\/span>\n\t\t\t\t<\/p>\n\t\t\t<\/div>\n\t\t<\/div>\n\t\t<div class=\"col-sm-12\">\n\t\t\t<div class=\"input-group\">\n\t\t\t\t<p><span class=\"wpcf7-form-control-wrap\" data-name=\"message\"><textarea cols=\"40\" rows=\"5\" maxlength=\"2000\" class=\"wpcf7-form-control wpcf7-textarea\" aria-invalid=\"false\" placeholder=\"Content\" name=\"message\"><\/textarea><\/span>\n\t\t\t\t<\/p>\n\t\t\t<\/div>\n\t\t<\/div>\n\t\t<div class=\"col-lg-6 col-md-12\">\n\t\t\t<div class=\"input-group input-button\">\n\t\t\t\t<p><button id='submit' class='wpcf7-form-control wpcf7-submit'><span>G\u1eedi tin nh\u1eafn<\/span><\/button>\n\t\t\t\t<\/p>\n\t\t\t<\/div>\n\t\t<\/div>\n\t<\/div>\n<\/div><div class=\"wpcf7-response-output\" aria-hidden=\"true\"><\/div>\n<input type=\"hidden\" name=\"trp-form-language\" value=\"en\"\/><\/form>\n<\/div>\n<\/div>\n\t\t\t\t\t\t<\/div>\n\t\t\t\t<\/div>\n\t\t\t\t\t<\/div>\n\t\t<\/div>\n\t\t\t\t\t<\/div>\n\t\t<\/section>\n\t\t\t\t<section class=\"elementor-section elementor-top-section elementor-element elementor-element-b4289f4 tstk-col-stretched-right elementor-section-full_width elementor-section-stretched tstk-bg-color-over-image elementor-section-height-default elementor-section-height-default\" data-id=\"b4289f4\" data-element_type=\"section\" data-settings=\"{&quot;stretch_section&quot;:&quot;section-stretched&quot;}\">\n\t\t\t\t\t\t<div class=\"elementor-container elementor-column-gap-default\">\n\t\t\t\t\t<div class=\"elementor-column elementor-col-100 elementor-top-column elementor-element elementor-element-0677769 tstk-bg-color-over-image\" data-id=\"0677769\" data-element_type=\"column\">\n\t\t\t<div class=\"elementor-widget-wrap elementor-element-populated\">\n\t\t\t\t\t\t<div class=\"elementor-element elementor-element-555b92b elementor-widget elementor-widget-google_maps\" data-id=\"555b92b\" data-element_type=\"widget\" data-widget_type=\"google_maps.default\">\n\t\t\t\t<div class=\"elementor-widget-container\">\n\t\t\t\t\t\t\t<div class=\"elementor-custom-embed\">\n\t\t\t<iframe loading=\"lazy\"\n\t\t\t\t\tsrc=\"https:\/\/maps.google.com\/maps?q=%C4%90%C6%B0%E1%BB%9Dng%20s%E1%BB%91%202B%2C%20KCN%20V%C4%A9nh%20L%E1%BB%99c%2C%20P.B%C3%ACnh%20H%C6%B0ng%20H%C3%B2a%20B%2C%20Q.B%C3%ACnh%20T%C3%A2n%2C%20Tp.%20H%E1%BB%93%20Ch%C3%AD%20Minh&#038;t=m&#038;z=14&#038;output=embed&#038;iwloc=near\"\n\t\t\t\t\ttitle=\"\u0110\u01b0\u1eddng s\u1ed1 2B, KCN V\u0129nh L\u1ed9c, P.B\u00ecnh H\u01b0ng H\u00f2a B, Q.B\u00ecnh T\u00e2n, Tp. H\u1ed3 Ch\u00ed Minh\"\n\t\t\t\t\taria-label=\"\u0110\u01b0\u1eddng s\u1ed1 2B, KCN V\u0129nh L\u1ed9c, P.B\u00ecnh H\u01b0ng H\u00f2a B, Q.B\u00ecnh T\u00e2n, Tp. H\u1ed3 Ch\u00ed Minh\"\n\t\t\t><\/iframe>\n\t\t<\/div>\n\t\t\t\t\t\t<\/div>\n\t\t\t\t<\/div>\n\t\t\t\t\t<\/div>\n\t\t<\/div>\n\t\t\t\t\t<\/div>\n\t\t<\/section>\n\t\t\t\t<\/div>","protected":false},"excerpt":{"rendered":"<p>K\u1ebeT N\u1ed0I V\u1edaI CH\u00daNG T\u00d4I KHI C\u1ea6N \u0110\u1ed9i ng\u0169 c\u1ee7a ch\u00fang t\u00f4i lu\u00f4n s\u1eb5n s\u00e0ng l\u1eafng nghe v\u00e0 ph\u1ea3n h\u1ed3i nhanh ch\u00f3ng.\u0110\u1eebng ng\u1ea7n ng\u1ea1i k\u1ebft n\u1ed1i \u2013 ch\u00fang t\u00f4i \u1edf \u0111\u00e2y \u0111\u1ec3 \u0111\u1ed3ng h\u00e0nh c\u00f9ng b\u1ea1n trong m\u1ecdi d\u1ef1 \u00e1n. S\u1ed1 \u0111i\u1ec7n tho\u1ea1i 0903 851 636 Email jenny.do@yonglibelt.com Yongli HCM: L\u00f4 D21\/II, D22\/II, \u0110\u01b0\u1eddng s\u1ed1 2B, KCN V\u0129nh L\u1ed9c, P. B\u00ecnh T\u00e2n, Tp. HCM &#8211; Vi\u1ec7t Nam Yongli HN: L\u00f4[&hellip;]<\/p>","protected":false},"author":1,"featured_media":0,"parent":0,"menu_order":14,"comment_status":"closed","ping_status":"closed","template":"","meta":{"_acf_changed":false,"footnotes":""},"class_list":["post-60","page","type-page","status-publish","hentry"],"acf":[],"yoast_head":"<!-- This site is optimized with the Yoast SEO Premium plugin v20.9 (Yoast SEO v20.9) - https:\/\/yoast.com\/wordpress\/plugins\/seo\/ -->\n<title>Li\u00ean h\u1ec7 - YONGLI BELTING VIETNAM - B\u0102NG T\u1ea2I YONGLI T\u1ea0I VI\u1ec6T NAM<\/title>\n<meta name=\"robots\" content=\"index, follow, max-snippet:-1, max-image-preview:large, max-video-preview:-1\" \/>\n<link rel=\"canonical\" href=\"https:\/\/yonglibeltingvietnam.com\/en\/lien-he\/\" \/>\n<meta property=\"og:locale\" content=\"en_US\" \/>\n<meta property=\"og:type\" content=\"article\" \/>\n<meta property=\"og:title\" content=\"Li\u00ean h\u1ec7\" \/>\n<meta property=\"og:description\" content=\"K\u1ebeT N\u1ed0I V\u1edaI CH\u00daNG T\u00d4I KHI C\u1ea6N \u0110\u1ed9i ng\u0169 c\u1ee7a ch\u00fang t\u00f4i lu\u00f4n s\u1eb5n s\u00e0ng l\u1eafng nghe v\u00e0 ph\u1ea3n h\u1ed3i nhanh ch\u00f3ng.\u0110\u1eebng ng\u1ea7n ng\u1ea1i k\u1ebft n\u1ed1i \u2013 ch\u00fang t\u00f4i \u1edf \u0111\u00e2y \u0111\u1ec3 \u0111\u1ed3ng h\u00e0nh c\u00f9ng b\u1ea1n trong m\u1ecdi d\u1ef1 \u00e1n. S\u1ed1 \u0111i\u1ec7n tho\u1ea1i 0903 851 636 Email jenny.do@yonglibelt.com Yongli HCM: L\u00f4 D21\/II, D22\/II, \u0110\u01b0\u1eddng s\u1ed1 2B, KCN V\u0129nh L\u1ed9c, P. B\u00ecnh T\u00e2n, Tp. HCM &#8211; Vi\u1ec7t Nam Yongli HN: L\u00f4[&hellip;]\" \/>\n<meta property=\"og:url\" content=\"https:\/\/yonglibeltingvietnam.com\/en\/lien-he\/\" \/>\n<meta property=\"og:site_name\" content=\"YONGLI BELTING VIETNAM - B\u0102NG T\u1ea2I YONGLI T\u1ea0I VI\u1ec6T NAM\" \/>\n<meta property=\"article:modified_time\" content=\"2025-07-11T01:42:17+00:00\" \/>\n<meta name=\"twitter:card\" content=\"summary_large_image\" \/>\n<meta name=\"twitter:label1\" content=\"Est. reading time\" \/>\n\t<meta name=\"twitter:data1\" content=\"1 minute\" \/>\n<script type=\"application\/ld+json\" class=\"yoast-schema-graph\">{\"@context\":\"https:\/\/schema.org\",\"@graph\":[{\"@type\":\"WebPage\",\"@id\":\"https:\/\/yonglibeltingvietnam.com\/lien-he\/\",\"url\":\"https:\/\/yonglibeltingvietnam.com\/lien-he\/\",\"name\":\"Li\u00ean h\u1ec7 - YONGLI BELTING VIETNAM - B\u0102NG T\u1ea2I YONGLI T\u1ea0I VI\u1ec6T NAM\",\"isPartOf\":{\"@id\":\"https:\/\/yonglibeltingvietnam.com\/#website\"},\"datePublished\":\"2020-06-03T09:25:39+00:00\",\"dateModified\":\"2025-07-11T01:42:17+00:00\",\"breadcrumb\":{\"@id\":\"https:\/\/yonglibeltingvietnam.com\/lien-he\/#breadcrumb\"},\"inLanguage\":\"en-US\",\"potentialAction\":[{\"@type\":\"ReadAction\",\"target\":[\"https:\/\/yonglibeltingvietnam.com\/lien-he\/\"]}]},{\"@type\":\"BreadcrumbList\",\"@id\":\"https:\/\/yonglibeltingvietnam.com\/lien-he\/#breadcrumb\",\"itemListElement\":[{\"@type\":\"ListItem\",\"position\":1,\"name\":\"Home\",\"item\":\"https:\/\/yonglibeltingvietnam.com\/\"},{\"@type\":\"ListItem\",\"position\":2,\"name\":\"Li\u00ean h\u1ec7\"}]},{\"@type\":\"WebSite\",\"@id\":\"https:\/\/yonglibeltingvietnam.com\/#website\",\"url\":\"https:\/\/yonglibeltingvietnam.com\/\",\"name\":\"YONGLI BELTING VIETNAM - B\u0102NG T\u1ea2I YONGLI T\u1ea0I VI\u1ec6T NAM\",\"description\":\"\",\"potentialAction\":[{\"@type\":\"SearchAction\",\"target\":{\"@type\":\"EntryPoint\",\"urlTemplate\":\"https:\/\/yonglibeltingvietnam.com\/?s={search_term_string}\"},\"query-input\":\"required name=search_term_string\"}],\"inLanguage\":\"en-US\"}]}<\/script>\n<!-- \/ Yoast SEO Premium plugin. -->","yoast_head_json":{"title":"Li\u00ean h\u1ec7 - YONGLI BELTING VIETNAM - B\u0102NG T\u1ea2I YONGLI T\u1ea0I VI\u1ec6T NAM","robots":{"index":"index","follow":"follow","max-snippet":"max-snippet:-1","max-image-preview":"max-image-preview:large","max-video-preview":"max-video-preview:-1"},"canonical":"https:\/\/yonglibeltingvietnam.com\/en\/lien-he\/","og_locale":"en_US","og_type":"article","og_title":"Li\u00ean h\u1ec7","og_description":"K\u1ebeT N\u1ed0I V\u1edaI CH\u00daNG T\u00d4I KHI C\u1ea6N \u0110\u1ed9i ng\u0169 c\u1ee7a ch\u00fang t\u00f4i lu\u00f4n s\u1eb5n s\u00e0ng l\u1eafng nghe v\u00e0 ph\u1ea3n h\u1ed3i nhanh ch\u00f3ng.\u0110\u1eebng ng\u1ea7n ng\u1ea1i k\u1ebft n\u1ed1i \u2013 ch\u00fang t\u00f4i \u1edf \u0111\u00e2y \u0111\u1ec3 \u0111\u1ed3ng h\u00e0nh c\u00f9ng b\u1ea1n trong m\u1ecdi d\u1ef1 \u00e1n. S\u1ed1 \u0111i\u1ec7n tho\u1ea1i 0903 851 636 Email jenny.do@yonglibelt.com Yongli HCM: L\u00f4 D21\/II, D22\/II, \u0110\u01b0\u1eddng s\u1ed1 2B, KCN V\u0129nh L\u1ed9c, P. B\u00ecnh T\u00e2n, Tp. HCM &#8211; Vi\u1ec7t Nam Yongli HN: L\u00f4[&hellip;]","og_url":"https:\/\/yonglibeltingvietnam.com\/en\/lien-he\/","og_site_name":"YONGLI BELTING VIETNAM - B\u0102NG T\u1ea2I YONGLI T\u1ea0I VI\u1ec6T NAM","article_modified_time":"2025-07-11T01:42:17+00:00","twitter_card":"summary_large_image","twitter_misc":{"Est. reading time":"1 minute"},"schema":{"@context":"https:\/\/schema.org","@graph":[{"@type":"WebPage","@id":"https:\/\/yonglibeltingvietnam.com\/lien-he\/","url":"https:\/\/yonglibeltingvietnam.com\/lien-he\/","name":"Li\u00ean h\u1ec7 - YONGLI BELTING VIETNAM - B\u0102NG T\u1ea2I YONGLI T\u1ea0I VI\u1ec6T NAM","isPartOf":{"@id":"https:\/\/yonglibeltingvietnam.com\/#website"},"datePublished":"2020-06-03T09:25:39+00:00","dateModified":"2025-07-11T01:42:17+00:00","breadcrumb":{"@id":"https:\/\/yonglibeltingvietnam.com\/lien-he\/#breadcrumb"},"inLanguage":"en-US","potentialAction":[{"@type":"ReadAction","target":["https:\/\/yonglibeltingvietnam.com\/lien-he\/"]}]},{"@type":"BreadcrumbList","@id":"https:\/\/yonglibeltingvietnam.com\/lien-he\/#breadcrumb","itemListElement":[{"@type":"ListItem","position":1,"name":"Home","item":"https:\/\/yonglibeltingvietnam.com\/"},{"@type":"ListItem","position":2,"name":"Li\u00ean h\u1ec7"}]},{"@type":"WebSite","@id":"https:\/\/yonglibeltingvietnam.com\/#website","url":"https:\/\/yonglibeltingvietnam.com\/","name":"YONGLI BELTING VIETNAM - B\u0102NG T\u1ea2I YONGLI T\u1ea0I VI\u1ec6T NAM","description":"","potentialAction":[{"@type":"SearchAction","target":{"@type":"EntryPoint","urlTemplate":"https:\/\/yonglibeltingvietnam.com\/?s={search_term_string}"},"query-input":"required name=search_term_string"}],"inLanguage":"en-US"}]}},"_links":{"self":[{"href":"https:\/\/yonglibeltingvietnam.com\/en\/wp-json\/wp\/v2\/pages\/60","targetHints":{"allow":["GET"]}}],"collection":[{"href":"https:\/\/yonglibeltingvietnam.com\/en\/wp-json\/wp\/v2\/pages"}],"about":[{"href":"https:\/\/yonglibeltingvietnam.com\/en\/wp-json\/wp\/v2\/types\/page"}],"author":[{"embeddable":true,"href":"https:\/\/yonglibeltingvietnam.com\/en\/wp-json\/wp\/v2\/users\/1"}],"replies":[{"embeddable":true,"href":"https:\/\/yonglibeltingvietnam.com\/en\/wp-json\/wp\/v2\/comments?post=60"}],"version-history":[{"count":4,"href":"https:\/\/yonglibeltingvietnam.com\/en\/wp-json\/wp\/v2\/pages\/60\/revisions"}],"predecessor-version":[{"id":970,"href":"https:\/\/yonglibeltingvietnam.com\/en\/wp-json\/wp\/v2\/pages\/60\/revisions\/970"}],"wp:attachment":[{"href":"https:\/\/yonglibeltingvietnam.com\/en\/wp-json\/wp\/v2\/media?parent=60"}],"curies":[{"name":"wp","href":"https:\/\/api.w.org\/{rel}","templated":true}]}}