{"id":1032,"date":"2025-07-22T16:03:57","date_gmt":"2025-07-22T09:03:57","guid":{"rendered":"https:\/\/yonglibeltingvietnam.com\/?post_type=product&#038;p=1032"},"modified":"2025-07-22T16:10:26","modified_gmt":"2025-07-22T09:10:26","slug":"day-curoa","status":"publish","type":"product","link":"https:\/\/yonglibeltingvietnam.com\/en\/product\/day-curoa\/","title":{"rendered":"D\u00c2Y CUROA"},"content":{"rendered":"<p>D\u00e2y Curoa \u0111\u1ed3ng b\u1ed9 s\u1eed d\u1ee5ng nhi\u1ec1u lo\u1ea1i v\u1eadt li\u1ec7u kh\u00e1c nhau, c\u00f3 th\u1ec3 cung c\u1ea5p gi\u1ea3i ph\u00e1p cho nhi\u1ec1u l\u0129nh v\u1ef1c c\u00f4ng nghi\u1ec7p kh\u00e1c nhau. D\u00e2y \u0111ai \u0111\u1ed3ng b\u1ed9 Yongli \u0111\u01b0\u1ee3c s\u1ea3n xu\u1ea5t th\u00f4ng qua quy tr\u00ecnh s\u1ea3n xu\u1ea5t \u1ed5n \u0111\u1ecbnh v\u00e0 ki\u1ec3m so\u00e1t nghi\u00eam ng\u1eb7t, v\u00e0 vi\u1ec7c s\u1eed d\u1ee5ng v\u1eadt li\u1ec7u polyurethane ch\u1ea5t l\u01b0\u1ee3ng cao gi\u00fap d\u00e2y \u0111ai c\u00f3 kh\u1ea3 n\u0103ng ch\u1ed1ng m\u00e0i m\u00f2n v\u00e0 ch\u1ed1ng c\u1eaft v\u01b0\u1ee3t tr\u1ed9i. C\u00e1c lo\u1ea1i d\u00e2y l\u00f5i hi\u1ec7u su\u1ea5t cao kh\u00e1c nhau c\u0169ng \u0111\u1ea3m b\u1ea3o t\u00ednh linh ho\u1ea1t t\u1ed1t khi v\u1eadn h\u00e0nh t\u1ea3i tr\u1ecdng cao.<\/p>","protected":false},"excerpt":{"rendered":"<p>D\u00e2y Curoa \u0111\u1ed3ng b\u1ed9 s\u1eed d\u1ee5ng nhi\u1ec1u lo\u1ea1i v\u1eadt li\u1ec7u kh\u00e1c nhau, c\u00f3 th\u1ec3 cung c\u1ea5p gi\u1ea3i ph\u00e1p cho nhi\u1ec1u l\u0129nh v\u1ef1c c\u00f4ng nghi\u1ec7p kh\u00e1c nhau. D\u00e2y \u0111ai \u0111\u1ed3ng b\u1ed9 Yongli \u0111\u01b0\u1ee3c s\u1ea3n xu\u1ea5t th\u00f4ng qua quy tr\u00ecnh s\u1ea3n xu\u1ea5t \u1ed5n \u0111\u1ecbnh v\u00e0 ki\u1ec3m so\u00e1t nghi\u00eam ng\u1eb7t, v\u00e0 vi\u1ec7c s\u1eed d\u1ee5ng v\u1eadt li\u1ec7u polyurethane ch\u1ea5t l\u01b0\u1ee3ng cao gi\u00fap d\u00e2y \u0111ai c\u00f3 kh\u1ea3 n\u0103ng ch\u1ed1ng m\u00e0i m\u00f2n v\u00e0 ch\u1ed1ng c\u1eaft v\u01b0\u1ee3t[&hellip;]<\/p>","protected":false},"featured_media":605,"comment_status":"closed","ping_status":"closed","template":"","meta":{"_acf_changed":false},"product_brand":[],"product_cat":[70],"product_tag":[],"class_list":{"0":"post-1032","1":"product","2":"type-product","3":"status-publish","4":"has-post-thumbnail","6":"product_cat-day-dai","8":"first","9":"instock","10":"shipping-taxable","11":"product-type-simple"},"acf":[],"yoast_head":"<!-- This site is optimized with the Yoast SEO Premium plugin v20.9 (Yoast SEO v20.9) - https:\/\/yoast.com\/wordpress\/plugins\/seo\/ -->\n<title>D\u00c2Y CUROA - YONGLI BELTING VIETNAM - B\u0102NG T\u1ea2I YONGLI T\u1ea0I VI\u1ec6T NAM<\/title>\n<meta name=\"description\" content=\"D\u00e2y Curoa \u0111\u1ed3ng b\u1ed9 s\u1eed d\u1ee5ng nhi\u1ec1u lo\u1ea1i v\u1eadt li\u1ec7u kh\u00e1c nhau, c\u00f3 th\u1ec3 cung c\u1ea5p gi\u1ea3i ph\u00e1p cho nhi\u1ec1u l\u0129nh v\u1ef1c c\u00f4ng nghi\u1ec7p kh\u00e1c nhau. D\u00e2y \u0111ai \u0111\u1ed3ng b\u1ed9 Yongli \u0111\u01b0\u1ee3c s\u1ea3n xu\u1ea5t th\u00f4ng qua quy tr\u00ecnh s\u1ea3n xu\u1ea5t \u1ed5n \u0111\u1ecbnh v\u00e0 ki\u1ec3m so\u00e1t nghi\u00eam ng\u1eb7t, v\u00e0 vi\u1ec7c s\u1eed d\u1ee5ng v\u1eadt li\u1ec7u polyurethane ch\u1ea5t l\u01b0\u1ee3ng cao gi\u00fap d\u00e2y \u0111ai c\u00f3 kh\u1ea3 n\u0103ng ch\u1ed1ng m\u00e0i m\u00f2n v\u00e0 ch\u1ed1ng c\u1eaft v\u01b0\u1ee3t tr\u1ed9i. C\u00e1c lo\u1ea1i d\u00e2y l\u00f5i hi\u1ec7u su\u1ea5t cao kh\u00e1c nhau c\u0169ng \u0111\u1ea3m b\u1ea3o t\u00ednh linh ho\u1ea1t t\u1ed1t khi v\u1eadn h\u00e0nh t\u1ea3i tr\u1ecdng cao.\" \/>\n<meta name=\"robots\" content=\"index, follow, max-snippet:-1, max-image-preview:large, max-video-preview:-1\" \/>\n<link rel=\"canonical\" href=\"https:\/\/yonglibeltingvietnam.com\/en\/product\/day-curoa\/\" \/>\n<meta property=\"og:locale\" content=\"en_US\" \/>\n<meta property=\"og:type\" content=\"article\" \/>\n<meta property=\"og:title\" content=\"D\u00c2Y CUROA\" \/>\n<meta property=\"og:description\" content=\"D\u00e2y Curoa \u0111\u1ed3ng b\u1ed9 s\u1eed d\u1ee5ng nhi\u1ec1u lo\u1ea1i v\u1eadt li\u1ec7u kh\u00e1c nhau, c\u00f3 th\u1ec3 cung c\u1ea5p gi\u1ea3i ph\u00e1p cho nhi\u1ec1u l\u0129nh v\u1ef1c c\u00f4ng nghi\u1ec7p kh\u00e1c nhau. D\u00e2y \u0111ai \u0111\u1ed3ng b\u1ed9 Yongli \u0111\u01b0\u1ee3c s\u1ea3n xu\u1ea5t th\u00f4ng qua quy tr\u00ecnh s\u1ea3n xu\u1ea5t \u1ed5n \u0111\u1ecbnh v\u00e0 ki\u1ec3m so\u00e1t nghi\u00eam ng\u1eb7t, v\u00e0 vi\u1ec7c s\u1eed d\u1ee5ng v\u1eadt li\u1ec7u polyurethane ch\u1ea5t l\u01b0\u1ee3ng cao gi\u00fap d\u00e2y \u0111ai c\u00f3 kh\u1ea3 n\u0103ng ch\u1ed1ng m\u00e0i m\u00f2n v\u00e0 ch\u1ed1ng c\u1eaft v\u01b0\u1ee3t tr\u1ed9i. C\u00e1c lo\u1ea1i d\u00e2y l\u00f5i hi\u1ec7u su\u1ea5t cao kh\u00e1c nhau c\u0169ng \u0111\u1ea3m b\u1ea3o t\u00ednh linh ho\u1ea1t t\u1ed1t khi v\u1eadn h\u00e0nh t\u1ea3i tr\u1ecdng cao.\" \/>\n<meta property=\"og:url\" content=\"https:\/\/yonglibeltingvietnam.com\/en\/product\/day-curoa\/\" \/>\n<meta property=\"og:site_name\" content=\"YONGLI BELTING VIETNAM - B\u0102NG T\u1ea2I YONGLI T\u1ea0I VI\u1ec6T NAM\" \/>\n<meta property=\"article:modified_time\" content=\"2025-07-22T09:10:26+00:00\" \/>\n<meta property=\"og:image\" content=\"https:\/\/yonglibeltingvietnam.com\/wp-content\/uploads\/2025\/05\/Timing-belt.jpg\" \/>\n\t<meta property=\"og:image:width\" content=\"1600\" \/>\n\t<meta property=\"og:image:height\" content=\"1000\" \/>\n\t<meta property=\"og:image:type\" content=\"image\/jpeg\" \/>\n<meta name=\"twitter:card\" content=\"summary_large_image\" \/>\n<meta name=\"twitter:label1\" content=\"Est. reading time\" \/>\n\t<meta name=\"twitter:data1\" content=\"1 minute\" \/>\n<script type=\"application\/ld+json\" class=\"yoast-schema-graph\">{\"@context\":\"https:\/\/schema.org\",\"@graph\":[{\"@type\":\"WebPage\",\"@id\":\"https:\/\/yonglibeltingvietnam.com\/san-pham\/day-curoa\/\",\"url\":\"https:\/\/yonglibeltingvietnam.com\/san-pham\/day-curoa\/\",\"name\":\"D\u00c2Y CUROA - YONGLI BELTING VIETNAM - B\u0102NG T\u1ea2I YONGLI T\u1ea0I VI\u1ec6T NAM\",\"isPartOf\":{\"@id\":\"https:\/\/yonglibeltingvietnam.com\/#website\"},\"datePublished\":\"2025-07-22T09:03:57+00:00\",\"dateModified\":\"2025-07-22T09:10:26+00:00\",\"description\":\"D\u00e2y Curoa \u0111\u1ed3ng b\u1ed9 s\u1eed d\u1ee5ng nhi\u1ec1u lo\u1ea1i v\u1eadt li\u1ec7u kh\u00e1c nhau, c\u00f3 th\u1ec3 cung c\u1ea5p gi\u1ea3i ph\u00e1p cho nhi\u1ec1u l\u0129nh v\u1ef1c c\u00f4ng nghi\u1ec7p kh\u00e1c nhau. D\u00e2y \u0111ai \u0111\u1ed3ng b\u1ed9 Yongli \u0111\u01b0\u1ee3c s\u1ea3n xu\u1ea5t th\u00f4ng qua quy tr\u00ecnh s\u1ea3n xu\u1ea5t \u1ed5n \u0111\u1ecbnh v\u00e0 ki\u1ec3m so\u00e1t nghi\u00eam ng\u1eb7t, v\u00e0 vi\u1ec7c s\u1eed d\u1ee5ng v\u1eadt li\u1ec7u polyurethane ch\u1ea5t l\u01b0\u1ee3ng cao gi\u00fap d\u00e2y \u0111ai c\u00f3 kh\u1ea3 n\u0103ng ch\u1ed1ng m\u00e0i m\u00f2n v\u00e0 ch\u1ed1ng c\u1eaft v\u01b0\u1ee3t tr\u1ed9i. C\u00e1c lo\u1ea1i d\u00e2y l\u00f5i hi\u1ec7u su\u1ea5t cao kh\u00e1c nhau c\u0169ng \u0111\u1ea3m b\u1ea3o t\u00ednh linh ho\u1ea1t t\u1ed1t khi v\u1eadn h\u00e0nh t\u1ea3i tr\u1ecdng cao.\",\"breadcrumb\":{\"@id\":\"https:\/\/yonglibeltingvietnam.com\/san-pham\/day-curoa\/#breadcrumb\"},\"inLanguage\":\"en-US\",\"potentialAction\":[{\"@type\":\"ReadAction\",\"target\":[\"https:\/\/yonglibeltingvietnam.com\/san-pham\/day-curoa\/\"]}]},{\"@type\":\"BreadcrumbList\",\"@id\":\"https:\/\/yonglibeltingvietnam.com\/san-pham\/day-curoa\/#breadcrumb\",\"itemListElement\":[{\"@type\":\"ListItem\",\"position\":1,\"name\":\"Home\",\"item\":\"https:\/\/yonglibeltingvietnam.com\/\"},{\"@type\":\"ListItem\",\"position\":2,\"name\":\"C\u1eeda h\u00e0ng\",\"item\":\"https:\/\/yonglibeltingvietnam.com\/cua-hang\/\"},{\"@type\":\"ListItem\",\"position\":3,\"name\":\"D\u00c2Y CUROA\"}]},{\"@type\":\"WebSite\",\"@id\":\"https:\/\/yonglibeltingvietnam.com\/#website\",\"url\":\"https:\/\/yonglibeltingvietnam.com\/\",\"name\":\"YONGLI BELTING VIETNAM - B\u0102NG T\u1ea2I YONGLI T\u1ea0I VI\u1ec6T NAM\",\"description\":\"\",\"potentialAction\":[{\"@type\":\"SearchAction\",\"target\":{\"@type\":\"EntryPoint\",\"urlTemplate\":\"https:\/\/yonglibeltingvietnam.com\/?s={search_term_string}\"},\"query-input\":\"required name=search_term_string\"}],\"inLanguage\":\"en-US\"}]}<\/script>\n<!-- \/ Yoast SEO Premium plugin. -->","yoast_head_json":{"title":"D\u00c2Y CUROA - YONGLI BELTING VIETNAM - B\u0102NG T\u1ea2I YONGLI T\u1ea0I VI\u1ec6T NAM","description":"D\u00e2y Curoa \u0111\u1ed3ng b\u1ed9 s\u1eed d\u1ee5ng nhi\u1ec1u lo\u1ea1i v\u1eadt li\u1ec7u kh\u00e1c nhau, c\u00f3 th\u1ec3 cung c\u1ea5p gi\u1ea3i ph\u00e1p cho nhi\u1ec1u l\u0129nh v\u1ef1c c\u00f4ng nghi\u1ec7p kh\u00e1c nhau. D\u00e2y \u0111ai \u0111\u1ed3ng b\u1ed9 Yongli \u0111\u01b0\u1ee3c s\u1ea3n xu\u1ea5t th\u00f4ng qua quy tr\u00ecnh s\u1ea3n xu\u1ea5t \u1ed5n \u0111\u1ecbnh v\u00e0 ki\u1ec3m so\u00e1t nghi\u00eam ng\u1eb7t, v\u00e0 vi\u1ec7c s\u1eed d\u1ee5ng v\u1eadt li\u1ec7u polyurethane ch\u1ea5t l\u01b0\u1ee3ng cao gi\u00fap d\u00e2y \u0111ai c\u00f3 kh\u1ea3 n\u0103ng ch\u1ed1ng m\u00e0i m\u00f2n v\u00e0 ch\u1ed1ng c\u1eaft v\u01b0\u1ee3t tr\u1ed9i. C\u00e1c lo\u1ea1i d\u00e2y l\u00f5i hi\u1ec7u su\u1ea5t cao kh\u00e1c nhau c\u0169ng \u0111\u1ea3m b\u1ea3o t\u00ednh linh ho\u1ea1t t\u1ed1t khi v\u1eadn h\u00e0nh t\u1ea3i tr\u1ecdng cao.","robots":{"index":"index","follow":"follow","max-snippet":"max-snippet:-1","max-image-preview":"max-image-preview:large","max-video-preview":"max-video-preview:-1"},"canonical":"https:\/\/yonglibeltingvietnam.com\/en\/product\/day-curoa\/","og_locale":"en_US","og_type":"article","og_title":"D\u00c2Y CUROA","og_description":"D\u00e2y Curoa \u0111\u1ed3ng b\u1ed9 s\u1eed d\u1ee5ng nhi\u1ec1u lo\u1ea1i v\u1eadt li\u1ec7u kh\u00e1c nhau, c\u00f3 th\u1ec3 cung c\u1ea5p gi\u1ea3i ph\u00e1p cho nhi\u1ec1u l\u0129nh v\u1ef1c c\u00f4ng nghi\u1ec7p kh\u00e1c nhau. D\u00e2y \u0111ai \u0111\u1ed3ng b\u1ed9 Yongli \u0111\u01b0\u1ee3c s\u1ea3n xu\u1ea5t th\u00f4ng qua quy tr\u00ecnh s\u1ea3n xu\u1ea5t \u1ed5n \u0111\u1ecbnh v\u00e0 ki\u1ec3m so\u00e1t nghi\u00eam ng\u1eb7t, v\u00e0 vi\u1ec7c s\u1eed d\u1ee5ng v\u1eadt li\u1ec7u polyurethane ch\u1ea5t l\u01b0\u1ee3ng cao gi\u00fap d\u00e2y \u0111ai c\u00f3 kh\u1ea3 n\u0103ng ch\u1ed1ng m\u00e0i m\u00f2n v\u00e0 ch\u1ed1ng c\u1eaft v\u01b0\u1ee3t tr\u1ed9i. C\u00e1c lo\u1ea1i d\u00e2y l\u00f5i hi\u1ec7u su\u1ea5t cao kh\u00e1c nhau c\u0169ng \u0111\u1ea3m b\u1ea3o t\u00ednh linh ho\u1ea1t t\u1ed1t khi v\u1eadn h\u00e0nh t\u1ea3i tr\u1ecdng cao.","og_url":"https:\/\/yonglibeltingvietnam.com\/en\/product\/day-curoa\/","og_site_name":"YONGLI BELTING VIETNAM - B\u0102NG T\u1ea2I YONGLI T\u1ea0I VI\u1ec6T NAM","article_modified_time":"2025-07-22T09:10:26+00:00","og_image":[{"width":1600,"height":1000,"url":"https:\/\/yonglibeltingvietnam.com\/wp-content\/uploads\/2025\/05\/Timing-belt.jpg","type":"image\/jpeg"}],"twitter_card":"summary_large_image","twitter_misc":{"Est. reading time":"1 minute"},"schema":{"@context":"https:\/\/schema.org","@graph":[{"@type":"WebPage","@id":"https:\/\/yonglibeltingvietnam.com\/san-pham\/day-curoa\/","url":"https:\/\/yonglibeltingvietnam.com\/san-pham\/day-curoa\/","name":"D\u00c2Y CUROA - YONGLI BELTING VIETNAM - B\u0102NG T\u1ea2I YONGLI T\u1ea0I VI\u1ec6T NAM","isPartOf":{"@id":"https:\/\/yonglibeltingvietnam.com\/#website"},"datePublished":"2025-07-22T09:03:57+00:00","dateModified":"2025-07-22T09:10:26+00:00","description":"D\u00e2y Curoa \u0111\u1ed3ng b\u1ed9 s\u1eed d\u1ee5ng nhi\u1ec1u lo\u1ea1i v\u1eadt li\u1ec7u kh\u00e1c nhau, c\u00f3 th\u1ec3 cung c\u1ea5p gi\u1ea3i ph\u00e1p cho nhi\u1ec1u l\u0129nh v\u1ef1c c\u00f4ng nghi\u1ec7p kh\u00e1c nhau. D\u00e2y \u0111ai \u0111\u1ed3ng b\u1ed9 Yongli \u0111\u01b0\u1ee3c s\u1ea3n xu\u1ea5t th\u00f4ng qua quy tr\u00ecnh s\u1ea3n xu\u1ea5t \u1ed5n \u0111\u1ecbnh v\u00e0 ki\u1ec3m so\u00e1t nghi\u00eam ng\u1eb7t, v\u00e0 vi\u1ec7c s\u1eed d\u1ee5ng v\u1eadt li\u1ec7u polyurethane ch\u1ea5t l\u01b0\u1ee3ng cao gi\u00fap d\u00e2y \u0111ai c\u00f3 kh\u1ea3 n\u0103ng ch\u1ed1ng m\u00e0i m\u00f2n v\u00e0 ch\u1ed1ng c\u1eaft v\u01b0\u1ee3t tr\u1ed9i. C\u00e1c lo\u1ea1i d\u00e2y l\u00f5i hi\u1ec7u su\u1ea5t cao kh\u00e1c nhau c\u0169ng \u0111\u1ea3m b\u1ea3o t\u00ednh linh ho\u1ea1t t\u1ed1t khi v\u1eadn h\u00e0nh t\u1ea3i tr\u1ecdng cao.","breadcrumb":{"@id":"https:\/\/yonglibeltingvietnam.com\/san-pham\/day-curoa\/#breadcrumb"},"inLanguage":"en-US","potentialAction":[{"@type":"ReadAction","target":["https:\/\/yonglibeltingvietnam.com\/san-pham\/day-curoa\/"]}]},{"@type":"BreadcrumbList","@id":"https:\/\/yonglibeltingvietnam.com\/san-pham\/day-curoa\/#breadcrumb","itemListElement":[{"@type":"ListItem","position":1,"name":"Home","item":"https:\/\/yonglibeltingvietnam.com\/"},{"@type":"ListItem","position":2,"name":"C\u1eeda h\u00e0ng","item":"https:\/\/yonglibeltingvietnam.com\/cua-hang\/"},{"@type":"ListItem","position":3,"name":"D\u00c2Y CUROA"}]},{"@type":"WebSite","@id":"https:\/\/yonglibeltingvietnam.com\/#website","url":"https:\/\/yonglibeltingvietnam.com\/","name":"YONGLI BELTING VIETNAM - B\u0102NG T\u1ea2I YONGLI T\u1ea0I VI\u1ec6T NAM","description":"","potentialAction":[{"@type":"SearchAction","target":{"@type":"EntryPoint","urlTemplate":"https:\/\/yonglibeltingvietnam.com\/?s={search_term_string}"},"query-input":"required name=search_term_string"}],"inLanguage":"en-US"}]}},"_links":{"self":[{"href":"https:\/\/yonglibeltingvietnam.com\/en\/wp-json\/wp\/v2\/product\/1032","targetHints":{"allow":["GET"]}}],"collection":[{"href":"https:\/\/yonglibeltingvietnam.com\/en\/wp-json\/wp\/v2\/product"}],"about":[{"href":"https:\/\/yonglibeltingvietnam.com\/en\/wp-json\/wp\/v2\/types\/product"}],"replies":[{"embeddable":true,"href":"https:\/\/yonglibeltingvietnam.com\/en\/wp-json\/wp\/v2\/comments?post=1032"}],"wp:featuredmedia":[{"embeddable":true,"href":"https:\/\/yonglibeltingvietnam.com\/en\/wp-json\/wp\/v2\/media\/605"}],"wp:attachment":[{"href":"https:\/\/yonglibeltingvietnam.com\/en\/wp-json\/wp\/v2\/media?parent=1032"}],"wp:term":[{"taxonomy":"product_brand","embeddable":true,"href":"https:\/\/yonglibeltingvietnam.com\/en\/wp-json\/wp\/v2\/product_brand?post=1032"},{"taxonomy":"product_cat","embeddable":true,"href":"https:\/\/yonglibeltingvietnam.com\/en\/wp-json\/wp\/v2\/product_cat?post=1032"},{"taxonomy":"product_tag","embeddable":true,"href":"https:\/\/yonglibeltingvietnam.com\/en\/wp-json\/wp\/v2\/product_tag?post=1032"}],"curies":[{"name":"wp","href":"https:\/\/api.w.org\/{rel}","templated":true}]}}