{"id":1033,"date":"2025-07-22T16:42:56","date_gmt":"2025-07-22T09:42:56","guid":{"rendered":"https:\/\/yonglibeltingvietnam.com\/?post_type=product&#038;p=1033"},"modified":"2025-07-22T16:42:57","modified_gmt":"2025-07-22T09:42:57","slug":"day-curoa-soi-thep","status":"publish","type":"product","link":"https:\/\/yonglibeltingvietnam.com\/en\/product\/day-curoa-soi-thep\/","title":{"rendered":"D\u00c2Y CUROA S\u1ee2I TH\u00c9P"},"content":{"rendered":"<p>D\u00e2y Curoa s\u1ee3i th\u00e9p k\u00e9o \u0111\u01b0\u1ee3c thi\u1ebft k\u1ebf b\u1edfi YOGLI Belting, l\u1edbp b\u1ec1 m\u1eb7t l\u00e0 Polyurethane ch\u1ed1ng m\u00e0i m\u00f2n v\u00e0 l\u1edbp b\u00ean trong \u0111\u01b0\u1ee3c b\u1ecdc b\u1eb1ng d\u00e2y th\u00e9p c\u01b0\u1eddng \u0111\u1ed9 cao. D\u00e2y Curoa s\u1ee3i th\u00e9p YongLi \u0111\u00e1p \u1ee9ng c\u00e1c ti\u00eau chu\u1ea9n qu\u1ed1c t\u1ebf v\u1ec1 an to\u00e0n, b\u1ec1 m\u1eb7t ti\u1ebfp x\u00fac l\u1edbn cung c\u1ea5p l\u1ef1c ma s\u00e1t, tr\u00e1nh ti\u1ebfp x\u00fac tr\u1ef1c ti\u1ebfp gi\u1eefa kim lo\u1ea1i, b\u1ea3o v\u1ec7 l\u00f5i d\u00e2y th\u00e9p b\u00ean trong gi\u00fap t\u1ed1i \u01b0u quy tr\u00ecnh s\u1ea3n xu\u1ea5t v\u00e0 v\u1eadn h\u00e0nh n\u00e2ng cao ch\u1ea5t l\u01b0\u1ee3ng s\u1ea3n ph\u1ea9m.<\/p>","protected":false},"excerpt":{"rendered":"<p>D\u00e2y Curoa s\u1ee3i th\u00e9p k\u00e9o \u0111\u01b0\u1ee3c thi\u1ebft k\u1ebf b\u1edfi YOGLI Belting, l\u1edbp b\u1ec1 m\u1eb7t l\u00e0 Polyurethane ch\u1ed1ng m\u00e0i m\u00f2n v\u00e0 l\u1edbp b\u00ean trong \u0111\u01b0\u1ee3c b\u1ecdc b\u1eb1ng d\u00e2y th\u00e9p c\u01b0\u1eddng \u0111\u1ed9 cao. D\u00e2y Curoa s\u1ee3i th\u00e9p YongLi \u0111\u00e1p \u1ee9ng c\u00e1c ti\u00eau chu\u1ea9n qu\u1ed1c t\u1ebf v\u1ec1 an to\u00e0n, b\u1ec1 m\u1eb7t ti\u1ebfp x\u00fac l\u1edbn cung c\u1ea5p l\u1ef1c ma s\u00e1t, tr\u00e1nh ti\u1ebfp x\u00fac tr\u1ef1c ti\u1ebfp gi\u1eefa kim lo\u1ea1i, b\u1ea3o v\u1ec7 l\u00f5i d\u00e2y th\u00e9p b\u00ean[&hellip;]<\/p>","protected":false},"featured_media":1034,"comment_status":"closed","ping_status":"closed","template":"","meta":{"_acf_changed":false},"product_brand":[],"product_cat":[51],"product_tag":[],"class_list":{"0":"post-1033","1":"product","2":"type-product","3":"status-publish","4":"has-post-thumbnail","6":"product_cat-mo-dun","8":"first","9":"instock","10":"shipping-taxable","11":"product-type-simple"},"acf":[],"yoast_head":"<!-- This site is optimized with the Yoast SEO Premium plugin v20.9 (Yoast SEO v20.9) - https:\/\/yoast.com\/wordpress\/plugins\/seo\/ -->\n<title>D\u00c2Y CUROA S\u1ee2I TH\u00c9P - YONGLI BELTING VIETNAM - B\u0102NG T\u1ea2I YONGLI T\u1ea0I VI\u1ec6T NAM<\/title>\n<meta name=\"description\" content=\"D\u00e2y Curoa s\u1ee3i th\u00e9p k\u00e9o \u0111\u01b0\u1ee3c thi\u1ebft k\u1ebf b\u1edfi YOGLI Belting, l\u1edbp b\u1ec1 m\u1eb7t l\u00e0 Polyurethane ch\u1ed1ng m\u00e0i m\u00f2n v\u00e0 l\u1edbp b\u00ean trong \u0111\u01b0\u1ee3c b\u1ecdc b\u1eb1ng d\u00e2y th\u00e9p c\u01b0\u1eddng \u0111\u1ed9 cao. D\u00e2y Curoa s\u1ee3i th\u00e9p YongLi \u0111\u00e1p \u1ee9ng c\u00e1c ti\u00eau chu\u1ea9n qu\u1ed1c t\u1ebf v\u1ec1 an to\u00e0n, b\u1ec1 m\u1eb7t ti\u1ebfp x\u00fac l\u1edbn cung c\u1ea5p l\u1ef1c ma s\u00e1t, tr\u00e1nh ti\u1ebfp x\u00fac tr\u1ef1c ti\u1ebfp gi\u1eefa kim lo\u1ea1i, b\u1ea3o v\u1ec7 l\u00f5i d\u00e2y th\u00e9p b\u00ean trong gi\u00fap t\u1ed1i \u01b0u quy tr\u00ecnh s\u1ea3n xu\u1ea5t v\u00e0 v\u1eadn h\u00e0nh n\u00e2ng cao ch\u1ea5t l\u01b0\u1ee3ng s\u1ea3n ph\u1ea9m.\" \/>\n<meta name=\"robots\" content=\"index, follow, max-snippet:-1, max-image-preview:large, max-video-preview:-1\" \/>\n<link rel=\"canonical\" href=\"https:\/\/yonglibeltingvietnam.com\/en\/product\/day-curoa-soi-thep\/\" \/>\n<meta property=\"og:locale\" content=\"en_US\" \/>\n<meta property=\"og:type\" content=\"article\" \/>\n<meta property=\"og:title\" content=\"D\u00c2Y CUROA S\u1ee2I TH\u00c9P\" \/>\n<meta property=\"og:description\" content=\"D\u00e2y Curoa s\u1ee3i th\u00e9p k\u00e9o \u0111\u01b0\u1ee3c thi\u1ebft k\u1ebf b\u1edfi YOGLI Belting, l\u1edbp b\u1ec1 m\u1eb7t l\u00e0 Polyurethane ch\u1ed1ng m\u00e0i m\u00f2n v\u00e0 l\u1edbp b\u00ean trong \u0111\u01b0\u1ee3c b\u1ecdc b\u1eb1ng d\u00e2y th\u00e9p c\u01b0\u1eddng \u0111\u1ed9 cao. D\u00e2y Curoa s\u1ee3i th\u00e9p YongLi \u0111\u00e1p \u1ee9ng c\u00e1c ti\u00eau chu\u1ea9n qu\u1ed1c t\u1ebf v\u1ec1 an to\u00e0n, b\u1ec1 m\u1eb7t ti\u1ebfp x\u00fac l\u1edbn cung c\u1ea5p l\u1ef1c ma s\u00e1t, tr\u00e1nh ti\u1ebfp x\u00fac tr\u1ef1c ti\u1ebfp gi\u1eefa kim lo\u1ea1i, b\u1ea3o v\u1ec7 l\u00f5i d\u00e2y th\u00e9p b\u00ean trong gi\u00fap t\u1ed1i \u01b0u quy tr\u00ecnh s\u1ea3n xu\u1ea5t v\u00e0 v\u1eadn h\u00e0nh n\u00e2ng cao ch\u1ea5t l\u01b0\u1ee3ng s\u1ea3n ph\u1ea9m.\" \/>\n<meta property=\"og:url\" content=\"https:\/\/yonglibeltingvietnam.com\/en\/product\/day-curoa-soi-thep\/\" \/>\n<meta property=\"og:site_name\" content=\"YONGLI BELTING VIETNAM - B\u0102NG T\u1ea2I YONGLI T\u1ea0I VI\u1ec6T NAM\" \/>\n<meta property=\"article:modified_time\" content=\"2025-07-22T09:42:57+00:00\" \/>\n<meta property=\"og:image\" content=\"https:\/\/yonglibeltingvietnam.com\/wp-content\/uploads\/2025\/07\/Image_20250722161614.jpg\" \/>\n\t<meta property=\"og:image:width\" content=\"1080\" \/>\n\t<meta property=\"og:image:height\" content=\"720\" \/>\n\t<meta property=\"og:image:type\" content=\"image\/jpeg\" \/>\n<meta name=\"twitter:card\" content=\"summary_large_image\" \/>\n<meta name=\"twitter:label1\" content=\"Est. reading time\" \/>\n\t<meta name=\"twitter:data1\" content=\"1 minute\" \/>\n<script type=\"application\/ld+json\" class=\"yoast-schema-graph\">{\"@context\":\"https:\/\/schema.org\",\"@graph\":[{\"@type\":\"WebPage\",\"@id\":\"https:\/\/yonglibeltingvietnam.com\/san-pham\/day-curoa-soi-thep\/\",\"url\":\"https:\/\/yonglibeltingvietnam.com\/san-pham\/day-curoa-soi-thep\/\",\"name\":\"D\u00c2Y CUROA S\u1ee2I TH\u00c9P - YONGLI BELTING VIETNAM - B\u0102NG T\u1ea2I YONGLI T\u1ea0I VI\u1ec6T NAM\",\"isPartOf\":{\"@id\":\"https:\/\/yonglibeltingvietnam.com\/#website\"},\"datePublished\":\"2025-07-22T09:42:56+00:00\",\"dateModified\":\"2025-07-22T09:42:57+00:00\",\"description\":\"D\u00e2y Curoa s\u1ee3i th\u00e9p k\u00e9o \u0111\u01b0\u1ee3c thi\u1ebft k\u1ebf b\u1edfi YOGLI Belting, l\u1edbp b\u1ec1 m\u1eb7t l\u00e0 Polyurethane ch\u1ed1ng m\u00e0i m\u00f2n v\u00e0 l\u1edbp b\u00ean trong \u0111\u01b0\u1ee3c b\u1ecdc b\u1eb1ng d\u00e2y th\u00e9p c\u01b0\u1eddng \u0111\u1ed9 cao. D\u00e2y Curoa s\u1ee3i th\u00e9p YongLi \u0111\u00e1p \u1ee9ng c\u00e1c ti\u00eau chu\u1ea9n qu\u1ed1c t\u1ebf v\u1ec1 an to\u00e0n, b\u1ec1 m\u1eb7t ti\u1ebfp x\u00fac l\u1edbn cung c\u1ea5p l\u1ef1c ma s\u00e1t, tr\u00e1nh ti\u1ebfp x\u00fac tr\u1ef1c ti\u1ebfp gi\u1eefa kim lo\u1ea1i, b\u1ea3o v\u1ec7 l\u00f5i d\u00e2y th\u00e9p b\u00ean trong gi\u00fap t\u1ed1i \u01b0u quy tr\u00ecnh s\u1ea3n xu\u1ea5t v\u00e0 v\u1eadn h\u00e0nh n\u00e2ng cao ch\u1ea5t l\u01b0\u1ee3ng s\u1ea3n ph\u1ea9m.\",\"breadcrumb\":{\"@id\":\"https:\/\/yonglibeltingvietnam.com\/san-pham\/day-curoa-soi-thep\/#breadcrumb\"},\"inLanguage\":\"en-US\",\"potentialAction\":[{\"@type\":\"ReadAction\",\"target\":[\"https:\/\/yonglibeltingvietnam.com\/san-pham\/day-curoa-soi-thep\/\"]}]},{\"@type\":\"BreadcrumbList\",\"@id\":\"https:\/\/yonglibeltingvietnam.com\/san-pham\/day-curoa-soi-thep\/#breadcrumb\",\"itemListElement\":[{\"@type\":\"ListItem\",\"position\":1,\"name\":\"Home\",\"item\":\"https:\/\/yonglibeltingvietnam.com\/\"},{\"@type\":\"ListItem\",\"position\":2,\"name\":\"C\u1eeda h\u00e0ng\",\"item\":\"https:\/\/yonglibeltingvietnam.com\/cua-hang\/\"},{\"@type\":\"ListItem\",\"position\":3,\"name\":\"D\u00c2Y CUROA S\u1ee2I TH\u00c9P\"}]},{\"@type\":\"WebSite\",\"@id\":\"https:\/\/yonglibeltingvietnam.com\/#website\",\"url\":\"https:\/\/yonglibeltingvietnam.com\/\",\"name\":\"YONGLI BELTING VIETNAM - B\u0102NG T\u1ea2I YONGLI T\u1ea0I VI\u1ec6T NAM\",\"description\":\"\",\"potentialAction\":[{\"@type\":\"SearchAction\",\"target\":{\"@type\":\"EntryPoint\",\"urlTemplate\":\"https:\/\/yonglibeltingvietnam.com\/?s={search_term_string}\"},\"query-input\":\"required name=search_term_string\"}],\"inLanguage\":\"en-US\"}]}<\/script>\n<!-- \/ Yoast SEO Premium plugin. -->","yoast_head_json":{"title":"D\u00c2Y CUROA S\u1ee2I TH\u00c9P - YONGLI BELTING VIETNAM - B\u0102NG T\u1ea2I YONGLI T\u1ea0I VI\u1ec6T NAM","description":"D\u00e2y Curoa s\u1ee3i th\u00e9p k\u00e9o \u0111\u01b0\u1ee3c thi\u1ebft k\u1ebf b\u1edfi YOGLI Belting, l\u1edbp b\u1ec1 m\u1eb7t l\u00e0 Polyurethane ch\u1ed1ng m\u00e0i m\u00f2n v\u00e0 l\u1edbp b\u00ean trong \u0111\u01b0\u1ee3c b\u1ecdc b\u1eb1ng d\u00e2y th\u00e9p c\u01b0\u1eddng \u0111\u1ed9 cao. D\u00e2y Curoa s\u1ee3i th\u00e9p YongLi \u0111\u00e1p \u1ee9ng c\u00e1c ti\u00eau chu\u1ea9n qu\u1ed1c t\u1ebf v\u1ec1 an to\u00e0n, b\u1ec1 m\u1eb7t ti\u1ebfp x\u00fac l\u1edbn cung c\u1ea5p l\u1ef1c ma s\u00e1t, tr\u00e1nh ti\u1ebfp x\u00fac tr\u1ef1c ti\u1ebfp gi\u1eefa kim lo\u1ea1i, b\u1ea3o v\u1ec7 l\u00f5i d\u00e2y th\u00e9p b\u00ean trong gi\u00fap t\u1ed1i \u01b0u quy tr\u00ecnh s\u1ea3n xu\u1ea5t v\u00e0 v\u1eadn h\u00e0nh n\u00e2ng cao ch\u1ea5t l\u01b0\u1ee3ng s\u1ea3n ph\u1ea9m.","robots":{"index":"index","follow":"follow","max-snippet":"max-snippet:-1","max-image-preview":"max-image-preview:large","max-video-preview":"max-video-preview:-1"},"canonical":"https:\/\/yonglibeltingvietnam.com\/en\/product\/day-curoa-soi-thep\/","og_locale":"en_US","og_type":"article","og_title":"D\u00c2Y CUROA S\u1ee2I TH\u00c9P","og_description":"D\u00e2y Curoa s\u1ee3i th\u00e9p k\u00e9o \u0111\u01b0\u1ee3c thi\u1ebft k\u1ebf b\u1edfi YOGLI Belting, l\u1edbp b\u1ec1 m\u1eb7t l\u00e0 Polyurethane ch\u1ed1ng m\u00e0i m\u00f2n v\u00e0 l\u1edbp b\u00ean trong \u0111\u01b0\u1ee3c b\u1ecdc b\u1eb1ng d\u00e2y th\u00e9p c\u01b0\u1eddng \u0111\u1ed9 cao. D\u00e2y Curoa s\u1ee3i th\u00e9p YongLi \u0111\u00e1p \u1ee9ng c\u00e1c ti\u00eau chu\u1ea9n qu\u1ed1c t\u1ebf v\u1ec1 an to\u00e0n, b\u1ec1 m\u1eb7t ti\u1ebfp x\u00fac l\u1edbn cung c\u1ea5p l\u1ef1c ma s\u00e1t, tr\u00e1nh ti\u1ebfp x\u00fac tr\u1ef1c ti\u1ebfp gi\u1eefa kim lo\u1ea1i, b\u1ea3o v\u1ec7 l\u00f5i d\u00e2y th\u00e9p b\u00ean trong gi\u00fap t\u1ed1i \u01b0u quy tr\u00ecnh s\u1ea3n xu\u1ea5t v\u00e0 v\u1eadn h\u00e0nh n\u00e2ng cao ch\u1ea5t l\u01b0\u1ee3ng s\u1ea3n ph\u1ea9m.","og_url":"https:\/\/yonglibeltingvietnam.com\/en\/product\/day-curoa-soi-thep\/","og_site_name":"YONGLI BELTING VIETNAM - B\u0102NG T\u1ea2I YONGLI T\u1ea0I VI\u1ec6T NAM","article_modified_time":"2025-07-22T09:42:57+00:00","og_image":[{"width":1080,"height":720,"url":"https:\/\/yonglibeltingvietnam.com\/wp-content\/uploads\/2025\/07\/Image_20250722161614.jpg","type":"image\/jpeg"}],"twitter_card":"summary_large_image","twitter_misc":{"Est. reading time":"1 minute"},"schema":{"@context":"https:\/\/schema.org","@graph":[{"@type":"WebPage","@id":"https:\/\/yonglibeltingvietnam.com\/san-pham\/day-curoa-soi-thep\/","url":"https:\/\/yonglibeltingvietnam.com\/san-pham\/day-curoa-soi-thep\/","name":"D\u00c2Y CUROA S\u1ee2I TH\u00c9P - YONGLI BELTING VIETNAM - B\u0102NG T\u1ea2I YONGLI T\u1ea0I VI\u1ec6T NAM","isPartOf":{"@id":"https:\/\/yonglibeltingvietnam.com\/#website"},"datePublished":"2025-07-22T09:42:56+00:00","dateModified":"2025-07-22T09:42:57+00:00","description":"D\u00e2y Curoa s\u1ee3i th\u00e9p k\u00e9o \u0111\u01b0\u1ee3c thi\u1ebft k\u1ebf b\u1edfi YOGLI Belting, l\u1edbp b\u1ec1 m\u1eb7t l\u00e0 Polyurethane ch\u1ed1ng m\u00e0i m\u00f2n v\u00e0 l\u1edbp b\u00ean trong \u0111\u01b0\u1ee3c b\u1ecdc b\u1eb1ng d\u00e2y th\u00e9p c\u01b0\u1eddng \u0111\u1ed9 cao. D\u00e2y Curoa s\u1ee3i th\u00e9p YongLi \u0111\u00e1p \u1ee9ng c\u00e1c ti\u00eau chu\u1ea9n qu\u1ed1c t\u1ebf v\u1ec1 an to\u00e0n, b\u1ec1 m\u1eb7t ti\u1ebfp x\u00fac l\u1edbn cung c\u1ea5p l\u1ef1c ma s\u00e1t, tr\u00e1nh ti\u1ebfp x\u00fac tr\u1ef1c ti\u1ebfp gi\u1eefa kim lo\u1ea1i, b\u1ea3o v\u1ec7 l\u00f5i d\u00e2y th\u00e9p b\u00ean trong gi\u00fap t\u1ed1i \u01b0u quy tr\u00ecnh s\u1ea3n xu\u1ea5t v\u00e0 v\u1eadn h\u00e0nh n\u00e2ng cao ch\u1ea5t l\u01b0\u1ee3ng s\u1ea3n ph\u1ea9m.","breadcrumb":{"@id":"https:\/\/yonglibeltingvietnam.com\/san-pham\/day-curoa-soi-thep\/#breadcrumb"},"inLanguage":"en-US","potentialAction":[{"@type":"ReadAction","target":["https:\/\/yonglibeltingvietnam.com\/san-pham\/day-curoa-soi-thep\/"]}]},{"@type":"BreadcrumbList","@id":"https:\/\/yonglibeltingvietnam.com\/san-pham\/day-curoa-soi-thep\/#breadcrumb","itemListElement":[{"@type":"ListItem","position":1,"name":"Home","item":"https:\/\/yonglibeltingvietnam.com\/"},{"@type":"ListItem","position":2,"name":"C\u1eeda h\u00e0ng","item":"https:\/\/yonglibeltingvietnam.com\/cua-hang\/"},{"@type":"ListItem","position":3,"name":"D\u00c2Y CUROA S\u1ee2I TH\u00c9P"}]},{"@type":"WebSite","@id":"https:\/\/yonglibeltingvietnam.com\/#website","url":"https:\/\/yonglibeltingvietnam.com\/","name":"YONGLI BELTING VIETNAM - B\u0102NG T\u1ea2I YONGLI T\u1ea0I VI\u1ec6T NAM","description":"","potentialAction":[{"@type":"SearchAction","target":{"@type":"EntryPoint","urlTemplate":"https:\/\/yonglibeltingvietnam.com\/?s={search_term_string}"},"query-input":"required name=search_term_string"}],"inLanguage":"en-US"}]}},"_links":{"self":[{"href":"https:\/\/yonglibeltingvietnam.com\/en\/wp-json\/wp\/v2\/product\/1033","targetHints":{"allow":["GET"]}}],"collection":[{"href":"https:\/\/yonglibeltingvietnam.com\/en\/wp-json\/wp\/v2\/product"}],"about":[{"href":"https:\/\/yonglibeltingvietnam.com\/en\/wp-json\/wp\/v2\/types\/product"}],"replies":[{"embeddable":true,"href":"https:\/\/yonglibeltingvietnam.com\/en\/wp-json\/wp\/v2\/comments?post=1033"}],"wp:featuredmedia":[{"embeddable":true,"href":"https:\/\/yonglibeltingvietnam.com\/en\/wp-json\/wp\/v2\/media\/1034"}],"wp:attachment":[{"href":"https:\/\/yonglibeltingvietnam.com\/en\/wp-json\/wp\/v2\/media?parent=1033"}],"wp:term":[{"taxonomy":"product_brand","embeddable":true,"href":"https:\/\/yonglibeltingvietnam.com\/en\/wp-json\/wp\/v2\/product_brand?post=1033"},{"taxonomy":"product_cat","embeddable":true,"href":"https:\/\/yonglibeltingvietnam.com\/en\/wp-json\/wp\/v2\/product_cat?post=1033"},{"taxonomy":"product_tag","embeddable":true,"href":"https:\/\/yonglibeltingvietnam.com\/en\/wp-json\/wp\/v2\/product_tag?post=1033"}],"curies":[{"name":"wp","href":"https:\/\/api.w.org\/{rel}","templated":true}]}}