{"id":1035,"date":"2025-07-22T16:56:51","date_gmt":"2025-07-22T09:56:51","guid":{"rendered":"https:\/\/yonglibeltingvietnam.com\/?post_type=product&#038;p=1035"},"modified":"2025-07-22T16:56:52","modified_gmt":"2025-07-22T09:56:52","slug":"bang-tai-hygienepro","status":"publish","type":"product","link":"https:\/\/yonglibeltingvietnam.com\/en\/product\/bang-tai-hygienepro\/","title":{"rendered":"B\u0102NG T\u1ea2I HygienePro"},"content":{"rendered":"<p>\u00f2ng s\u1ea3n ph\u1ea9m HygienePro bao g\u1ed3m c\u1ea3 d\u00e2y \u0111ai truy\u1ec1n \u0111\u1ed9ng ma s\u00e1t v\u00e0 d\u00e2y \u0111ai truy\u1ec1n \u0111\u1ed9ng d\u01b0\u01a1ng l\u00e0m t\u1eeb Polyurethane nhi\u1ec7t d\u1ebbo v\u00e0 Polyester t\u1eeb c\u00e1c nh\u00e0 cung c\u1ea5p n\u1ed5i ti\u1ebfng to\u00e0n c\u1ea7u, \u0111\u00e1p \u1ee9ng c\u00e1c quy \u0111\u1ecbnh v\u1ec1 th\u1ef1c ph\u1ea9m c\u1ee7a EU, FDA v\u00e0 Nh\u1eadt B\u1ea3n. Thi\u1ebft k\u1ebf h\u1ee3p v\u1ec7 sinh gi\u00fap gi\u1ea3m nguy c\u01a1 nhi\u1ec5m b\u1ea9n s\u1ea3n ph\u1ea9m ph\u00f9 h\u1ee3p \u0111\u1ed1i v\u1edbi c\u00e1c ng\u00e0nh s\u1ea3n xu\u1ea5t v\u00e0 ch\u1ebf bi\u1ebfn th\u1ef1c ph\u1ea9m. \u0110\u1ed3ng th\u1eddi, s\u1ea3n ph\u1ea9m cho ph\u00e9p v\u1ec7 sinh hi\u1ec7u qu\u1ea3 trong th\u1eddi gian ng\u1eafn h\u01a1n, s\u1eed d\u1ee5ng \u00edt n\u01b0\u1edbc v\u00e0 \u00edt ch\u1ea5t t\u1ea9y r\u1eeda h\u01a1n.<\/p>","protected":false},"excerpt":{"rendered":"<p>\u00f2ng s\u1ea3n ph\u1ea9m HygienePro bao g\u1ed3m c\u1ea3 d\u00e2y \u0111ai truy\u1ec1n \u0111\u1ed9ng ma s\u00e1t v\u00e0 d\u00e2y \u0111ai truy\u1ec1n \u0111\u1ed9ng d\u01b0\u01a1ng l\u00e0m t\u1eeb Polyurethane nhi\u1ec7t d\u1ebbo v\u00e0 Polyester t\u1eeb c\u00e1c nh\u00e0 cung c\u1ea5p n\u1ed5i ti\u1ebfng to\u00e0n c\u1ea7u, \u0111\u00e1p \u1ee9ng c\u00e1c quy \u0111\u1ecbnh v\u1ec1 th\u1ef1c ph\u1ea9m c\u1ee7a EU, FDA v\u00e0 Nh\u1eadt B\u1ea3n. Thi\u1ebft k\u1ebf h\u1ee3p v\u1ec7 sinh gi\u00fap gi\u1ea3m nguy c\u01a1 nhi\u1ec5m b\u1ea9n s\u1ea3n ph\u1ea9m ph\u00f9 h\u1ee3p \u0111\u1ed1i v\u1edbi c\u00e1c ng\u00e0nh s\u1ea3n xu\u1ea5t[&hellip;]<\/p>","protected":false},"featured_media":1036,"comment_status":"closed","ping_status":"closed","template":"","meta":{"_acf_changed":false},"product_brand":[],"product_cat":[51],"product_tag":[],"class_list":{"0":"post-1035","1":"product","2":"type-product","3":"status-publish","4":"has-post-thumbnail","6":"product_cat-mo-dun","8":"first","9":"instock","10":"shipping-taxable","11":"product-type-simple"},"acf":[],"yoast_head":"<!-- This site is optimized with the Yoast SEO Premium plugin v20.9 (Yoast SEO v20.9) - https:\/\/yoast.com\/wordpress\/plugins\/seo\/ -->\n<title>B\u0102NG T\u1ea2I HygienePro - YONGLI BELTING VIETNAM - B\u0102NG T\u1ea2I YONGLI T\u1ea0I VI\u1ec6T NAM<\/title>\n<meta name=\"description\" content=\"D\u00f2ng s\u1ea3n ph\u1ea9m HygienePro bao g\u1ed3m c\u1ea3 d\u00e2y \u0111ai truy\u1ec1n \u0111\u1ed9ng ma s\u00e1t v\u00e0 d\u00e2y \u0111ai truy\u1ec1n \u0111\u1ed9ng d\u01b0\u01a1ng l\u00e0m t\u1eeb Polyurethane nhi\u1ec7t d\u1ebbo v\u00e0 Polyester t\u1eeb c\u00e1c nh\u00e0 cung c\u1ea5p n\u1ed5i ti\u1ebfng to\u00e0n c\u1ea7u, \u0111\u00e1p \u1ee9ng c\u00e1c quy \u0111\u1ecbnh v\u1ec1 th\u1ef1c ph\u1ea9m c\u1ee7a EU, FDA v\u00e0 Nh\u1eadt B\u1ea3n. Thi\u1ebft k\u1ebf h\u1ee3p v\u1ec7 sinh gi\u00fap gi\u1ea3m nguy c\u01a1 nhi\u1ec5m b\u1ea9n s\u1ea3n ph\u1ea9m. \u0110\u1ed3ng th\u1eddi, s\u1ea3n ph\u1ea9m cho ph\u00e9p v\u1ec7 sinh hi\u1ec7u qu\u1ea3 trong th\u1eddi gian ng\u1eafn h\u01a1n, s\u1eed d\u1ee5ng \u00edt n\u01b0\u1edbc v\u00e0 \u00edt ch\u1ea5t t\u1ea9y r\u1eeda h\u01a1n.\" \/>\n<meta name=\"robots\" content=\"index, follow, max-snippet:-1, max-image-preview:large, max-video-preview:-1\" \/>\n<link rel=\"canonical\" href=\"https:\/\/yonglibeltingvietnam.com\/en\/product\/bang-tai-hygienepro\/\" \/>\n<meta property=\"og:locale\" content=\"en_US\" \/>\n<meta property=\"og:type\" content=\"article\" \/>\n<meta property=\"og:title\" content=\"B\u0102NG T\u1ea2I HygienePro\" \/>\n<meta property=\"og:description\" content=\"D\u00f2ng s\u1ea3n ph\u1ea9m HygienePro bao g\u1ed3m c\u1ea3 d\u00e2y \u0111ai truy\u1ec1n \u0111\u1ed9ng ma s\u00e1t v\u00e0 d\u00e2y \u0111ai truy\u1ec1n \u0111\u1ed9ng d\u01b0\u01a1ng l\u00e0m t\u1eeb Polyurethane nhi\u1ec7t d\u1ebbo v\u00e0 Polyester t\u1eeb c\u00e1c nh\u00e0 cung c\u1ea5p n\u1ed5i ti\u1ebfng to\u00e0n c\u1ea7u, \u0111\u00e1p \u1ee9ng c\u00e1c quy \u0111\u1ecbnh v\u1ec1 th\u1ef1c ph\u1ea9m c\u1ee7a EU, FDA v\u00e0 Nh\u1eadt B\u1ea3n. Thi\u1ebft k\u1ebf h\u1ee3p v\u1ec7 sinh gi\u00fap gi\u1ea3m nguy c\u01a1 nhi\u1ec5m b\u1ea9n s\u1ea3n ph\u1ea9m. \u0110\u1ed3ng th\u1eddi, s\u1ea3n ph\u1ea9m cho ph\u00e9p v\u1ec7 sinh hi\u1ec7u qu\u1ea3 trong th\u1eddi gian ng\u1eafn h\u01a1n, s\u1eed d\u1ee5ng \u00edt n\u01b0\u1edbc v\u00e0 \u00edt ch\u1ea5t t\u1ea9y r\u1eeda h\u01a1n.\" \/>\n<meta property=\"og:url\" content=\"https:\/\/yonglibeltingvietnam.com\/en\/product\/bang-tai-hygienepro\/\" \/>\n<meta property=\"og:site_name\" content=\"YONGLI BELTING VIETNAM - B\u0102NG T\u1ea2I YONGLI T\u1ea0I VI\u1ec6T NAM\" \/>\n<meta property=\"article:modified_time\" content=\"2025-07-22T09:56:52+00:00\" \/>\n<meta property=\"og:image\" content=\"https:\/\/yonglibeltingvietnam.com\/wp-content\/uploads\/2025\/07\/Positive-Drive-Full-plastic-belt-blue-with-corrugated-sidewalls-medium.jpg\" \/>\n\t<meta property=\"og:image:width\" content=\"640\" \/>\n\t<meta property=\"og:image:height\" content=\"360\" \/>\n\t<meta property=\"og:image:type\" content=\"image\/jpeg\" \/>\n<meta name=\"twitter:card\" content=\"summary_large_image\" \/>\n<meta name=\"twitter:label1\" content=\"Est. reading time\" \/>\n\t<meta name=\"twitter:data1\" content=\"1 minute\" \/>\n<script type=\"application\/ld+json\" class=\"yoast-schema-graph\">{\"@context\":\"https:\/\/schema.org\",\"@graph\":[{\"@type\":\"WebPage\",\"@id\":\"https:\/\/yonglibeltingvietnam.com\/san-pham\/bang-tai-hygienepro\/\",\"url\":\"https:\/\/yonglibeltingvietnam.com\/san-pham\/bang-tai-hygienepro\/\",\"name\":\"B\u0102NG T\u1ea2I HygienePro - YONGLI BELTING VIETNAM - B\u0102NG T\u1ea2I YONGLI T\u1ea0I VI\u1ec6T NAM\",\"isPartOf\":{\"@id\":\"https:\/\/yonglibeltingvietnam.com\/#website\"},\"datePublished\":\"2025-07-22T09:56:51+00:00\",\"dateModified\":\"2025-07-22T09:56:52+00:00\",\"description\":\"D\u00f2ng s\u1ea3n ph\u1ea9m HygienePro bao g\u1ed3m c\u1ea3 d\u00e2y \u0111ai truy\u1ec1n \u0111\u1ed9ng ma s\u00e1t v\u00e0 d\u00e2y \u0111ai truy\u1ec1n \u0111\u1ed9ng d\u01b0\u01a1ng l\u00e0m t\u1eeb Polyurethane nhi\u1ec7t d\u1ebbo v\u00e0 Polyester t\u1eeb c\u00e1c nh\u00e0 cung c\u1ea5p n\u1ed5i ti\u1ebfng to\u00e0n c\u1ea7u, \u0111\u00e1p \u1ee9ng c\u00e1c quy \u0111\u1ecbnh v\u1ec1 th\u1ef1c ph\u1ea9m c\u1ee7a EU, FDA v\u00e0 Nh\u1eadt B\u1ea3n. Thi\u1ebft k\u1ebf h\u1ee3p v\u1ec7 sinh gi\u00fap gi\u1ea3m nguy c\u01a1 nhi\u1ec5m b\u1ea9n s\u1ea3n ph\u1ea9m. \u0110\u1ed3ng th\u1eddi, s\u1ea3n ph\u1ea9m cho ph\u00e9p v\u1ec7 sinh hi\u1ec7u qu\u1ea3 trong th\u1eddi gian ng\u1eafn h\u01a1n, s\u1eed d\u1ee5ng \u00edt n\u01b0\u1edbc v\u00e0 \u00edt ch\u1ea5t t\u1ea9y r\u1eeda h\u01a1n.\",\"breadcrumb\":{\"@id\":\"https:\/\/yonglibeltingvietnam.com\/san-pham\/bang-tai-hygienepro\/#breadcrumb\"},\"inLanguage\":\"en-US\",\"potentialAction\":[{\"@type\":\"ReadAction\",\"target\":[\"https:\/\/yonglibeltingvietnam.com\/san-pham\/bang-tai-hygienepro\/\"]}]},{\"@type\":\"BreadcrumbList\",\"@id\":\"https:\/\/yonglibeltingvietnam.com\/san-pham\/bang-tai-hygienepro\/#breadcrumb\",\"itemListElement\":[{\"@type\":\"ListItem\",\"position\":1,\"name\":\"Home\",\"item\":\"https:\/\/yonglibeltingvietnam.com\/\"},{\"@type\":\"ListItem\",\"position\":2,\"name\":\"C\u1eeda h\u00e0ng\",\"item\":\"https:\/\/yonglibeltingvietnam.com\/cua-hang\/\"},{\"@type\":\"ListItem\",\"position\":3,\"name\":\"B\u0102NG T\u1ea2I HygienePro\"}]},{\"@type\":\"WebSite\",\"@id\":\"https:\/\/yonglibeltingvietnam.com\/#website\",\"url\":\"https:\/\/yonglibeltingvietnam.com\/\",\"name\":\"YONGLI BELTING VIETNAM - B\u0102NG T\u1ea2I YONGLI T\u1ea0I VI\u1ec6T NAM\",\"description\":\"\",\"potentialAction\":[{\"@type\":\"SearchAction\",\"target\":{\"@type\":\"EntryPoint\",\"urlTemplate\":\"https:\/\/yonglibeltingvietnam.com\/?s={search_term_string}\"},\"query-input\":\"required name=search_term_string\"}],\"inLanguage\":\"en-US\"}]}<\/script>\n<!-- \/ Yoast SEO Premium plugin. -->","yoast_head_json":{"title":"B\u0102NG T\u1ea2I HygienePro - YONGLI BELTING VIETNAM - B\u0102NG T\u1ea2I YONGLI T\u1ea0I VI\u1ec6T NAM","description":"D\u00f2ng s\u1ea3n ph\u1ea9m HygienePro bao g\u1ed3m c\u1ea3 d\u00e2y \u0111ai truy\u1ec1n \u0111\u1ed9ng ma s\u00e1t v\u00e0 d\u00e2y \u0111ai truy\u1ec1n \u0111\u1ed9ng d\u01b0\u01a1ng l\u00e0m t\u1eeb Polyurethane nhi\u1ec7t d\u1ebbo v\u00e0 Polyester t\u1eeb c\u00e1c nh\u00e0 cung c\u1ea5p n\u1ed5i ti\u1ebfng to\u00e0n c\u1ea7u, \u0111\u00e1p \u1ee9ng c\u00e1c quy \u0111\u1ecbnh v\u1ec1 th\u1ef1c ph\u1ea9m c\u1ee7a EU, FDA v\u00e0 Nh\u1eadt B\u1ea3n. Thi\u1ebft k\u1ebf h\u1ee3p v\u1ec7 sinh gi\u00fap gi\u1ea3m nguy c\u01a1 nhi\u1ec5m b\u1ea9n s\u1ea3n ph\u1ea9m. \u0110\u1ed3ng th\u1eddi, s\u1ea3n ph\u1ea9m cho ph\u00e9p v\u1ec7 sinh hi\u1ec7u qu\u1ea3 trong th\u1eddi gian ng\u1eafn h\u01a1n, s\u1eed d\u1ee5ng \u00edt n\u01b0\u1edbc v\u00e0 \u00edt ch\u1ea5t t\u1ea9y r\u1eeda h\u01a1n.","robots":{"index":"index","follow":"follow","max-snippet":"max-snippet:-1","max-image-preview":"max-image-preview:large","max-video-preview":"max-video-preview:-1"},"canonical":"https:\/\/yonglibeltingvietnam.com\/en\/product\/bang-tai-hygienepro\/","og_locale":"en_US","og_type":"article","og_title":"B\u0102NG T\u1ea2I HygienePro","og_description":"D\u00f2ng s\u1ea3n ph\u1ea9m HygienePro bao g\u1ed3m c\u1ea3 d\u00e2y \u0111ai truy\u1ec1n \u0111\u1ed9ng ma s\u00e1t v\u00e0 d\u00e2y \u0111ai truy\u1ec1n \u0111\u1ed9ng d\u01b0\u01a1ng l\u00e0m t\u1eeb Polyurethane nhi\u1ec7t d\u1ebbo v\u00e0 Polyester t\u1eeb c\u00e1c nh\u00e0 cung c\u1ea5p n\u1ed5i ti\u1ebfng to\u00e0n c\u1ea7u, \u0111\u00e1p \u1ee9ng c\u00e1c quy \u0111\u1ecbnh v\u1ec1 th\u1ef1c ph\u1ea9m c\u1ee7a EU, FDA v\u00e0 Nh\u1eadt B\u1ea3n. Thi\u1ebft k\u1ebf h\u1ee3p v\u1ec7 sinh gi\u00fap gi\u1ea3m nguy c\u01a1 nhi\u1ec5m b\u1ea9n s\u1ea3n ph\u1ea9m. \u0110\u1ed3ng th\u1eddi, s\u1ea3n ph\u1ea9m cho ph\u00e9p v\u1ec7 sinh hi\u1ec7u qu\u1ea3 trong th\u1eddi gian ng\u1eafn h\u01a1n, s\u1eed d\u1ee5ng \u00edt n\u01b0\u1edbc v\u00e0 \u00edt ch\u1ea5t t\u1ea9y r\u1eeda h\u01a1n.","og_url":"https:\/\/yonglibeltingvietnam.com\/en\/product\/bang-tai-hygienepro\/","og_site_name":"YONGLI BELTING VIETNAM - B\u0102NG T\u1ea2I YONGLI T\u1ea0I VI\u1ec6T NAM","article_modified_time":"2025-07-22T09:56:52+00:00","og_image":[{"width":640,"height":360,"url":"https:\/\/yonglibeltingvietnam.com\/wp-content\/uploads\/2025\/07\/Positive-Drive-Full-plastic-belt-blue-with-corrugated-sidewalls-medium.jpg","type":"image\/jpeg"}],"twitter_card":"summary_large_image","twitter_misc":{"Est. reading time":"1 minute"},"schema":{"@context":"https:\/\/schema.org","@graph":[{"@type":"WebPage","@id":"https:\/\/yonglibeltingvietnam.com\/san-pham\/bang-tai-hygienepro\/","url":"https:\/\/yonglibeltingvietnam.com\/san-pham\/bang-tai-hygienepro\/","name":"B\u0102NG T\u1ea2I HygienePro - YONGLI BELTING VIETNAM - B\u0102NG T\u1ea2I YONGLI T\u1ea0I VI\u1ec6T NAM","isPartOf":{"@id":"https:\/\/yonglibeltingvietnam.com\/#website"},"datePublished":"2025-07-22T09:56:51+00:00","dateModified":"2025-07-22T09:56:52+00:00","description":"D\u00f2ng s\u1ea3n ph\u1ea9m HygienePro bao g\u1ed3m c\u1ea3 d\u00e2y \u0111ai truy\u1ec1n \u0111\u1ed9ng ma s\u00e1t v\u00e0 d\u00e2y \u0111ai truy\u1ec1n \u0111\u1ed9ng d\u01b0\u01a1ng l\u00e0m t\u1eeb Polyurethane nhi\u1ec7t d\u1ebbo v\u00e0 Polyester t\u1eeb c\u00e1c nh\u00e0 cung c\u1ea5p n\u1ed5i ti\u1ebfng to\u00e0n c\u1ea7u, \u0111\u00e1p \u1ee9ng c\u00e1c quy \u0111\u1ecbnh v\u1ec1 th\u1ef1c ph\u1ea9m c\u1ee7a EU, FDA v\u00e0 Nh\u1eadt B\u1ea3n. Thi\u1ebft k\u1ebf h\u1ee3p v\u1ec7 sinh gi\u00fap gi\u1ea3m nguy c\u01a1 nhi\u1ec5m b\u1ea9n s\u1ea3n ph\u1ea9m. \u0110\u1ed3ng th\u1eddi, s\u1ea3n ph\u1ea9m cho ph\u00e9p v\u1ec7 sinh hi\u1ec7u qu\u1ea3 trong th\u1eddi gian ng\u1eafn h\u01a1n, s\u1eed d\u1ee5ng \u00edt n\u01b0\u1edbc v\u00e0 \u00edt ch\u1ea5t t\u1ea9y r\u1eeda h\u01a1n.","breadcrumb":{"@id":"https:\/\/yonglibeltingvietnam.com\/san-pham\/bang-tai-hygienepro\/#breadcrumb"},"inLanguage":"en-US","potentialAction":[{"@type":"ReadAction","target":["https:\/\/yonglibeltingvietnam.com\/san-pham\/bang-tai-hygienepro\/"]}]},{"@type":"BreadcrumbList","@id":"https:\/\/yonglibeltingvietnam.com\/san-pham\/bang-tai-hygienepro\/#breadcrumb","itemListElement":[{"@type":"ListItem","position":1,"name":"Home","item":"https:\/\/yonglibeltingvietnam.com\/"},{"@type":"ListItem","position":2,"name":"C\u1eeda h\u00e0ng","item":"https:\/\/yonglibeltingvietnam.com\/cua-hang\/"},{"@type":"ListItem","position":3,"name":"B\u0102NG T\u1ea2I HygienePro"}]},{"@type":"WebSite","@id":"https:\/\/yonglibeltingvietnam.com\/#website","url":"https:\/\/yonglibeltingvietnam.com\/","name":"YONGLI BELTING VIETNAM - B\u0102NG T\u1ea2I YONGLI T\u1ea0I VI\u1ec6T NAM","description":"","potentialAction":[{"@type":"SearchAction","target":{"@type":"EntryPoint","urlTemplate":"https:\/\/yonglibeltingvietnam.com\/?s={search_term_string}"},"query-input":"required name=search_term_string"}],"inLanguage":"en-US"}]}},"_links":{"self":[{"href":"https:\/\/yonglibeltingvietnam.com\/en\/wp-json\/wp\/v2\/product\/1035","targetHints":{"allow":["GET"]}}],"collection":[{"href":"https:\/\/yonglibeltingvietnam.com\/en\/wp-json\/wp\/v2\/product"}],"about":[{"href":"https:\/\/yonglibeltingvietnam.com\/en\/wp-json\/wp\/v2\/types\/product"}],"replies":[{"embeddable":true,"href":"https:\/\/yonglibeltingvietnam.com\/en\/wp-json\/wp\/v2\/comments?post=1035"}],"wp:featuredmedia":[{"embeddable":true,"href":"https:\/\/yonglibeltingvietnam.com\/en\/wp-json\/wp\/v2\/media\/1036"}],"wp:attachment":[{"href":"https:\/\/yonglibeltingvietnam.com\/en\/wp-json\/wp\/v2\/media?parent=1035"}],"wp:term":[{"taxonomy":"product_brand","embeddable":true,"href":"https:\/\/yonglibeltingvietnam.com\/en\/wp-json\/wp\/v2\/product_brand?post=1035"},{"taxonomy":"product_cat","embeddable":true,"href":"https:\/\/yonglibeltingvietnam.com\/en\/wp-json\/wp\/v2\/product_cat?post=1035"},{"taxonomy":"product_tag","embeddable":true,"href":"https:\/\/yonglibeltingvietnam.com\/en\/wp-json\/wp\/v2\/product_tag?post=1035"}],"curies":[{"name":"wp","href":"https:\/\/api.w.org\/{rel}","templated":true}]}}