{"id":1243,"date":"2025-08-06T16:26:47","date_gmt":"2025-08-06T09:26:47","guid":{"rendered":"https:\/\/yonglibeltingvietnam.com\/?post_type=product&#038;p=1243"},"modified":"2025-08-29T10:09:02","modified_gmt":"2025-08-29T03:09:02","slug":"pvk-den-3-0mm-p20-37da","status":"publish","type":"product","link":"https:\/\/yonglibeltingvietnam.com\/en\/product\/pvk-den-3-0mm-p20-37da\/","title":{"rendered":"PVK \u0111en 3.0mm &#8211; M\u00e3 s\u1ea3n ph\u1ea9m: P20-37DA"},"content":{"rendered":"<p>Lo\u1ea1i: B\u0103ng t\u1ea3i PVK<\/p>\n<p>V\u1eadt li\u1ec7u: PVK<\/p>\n<p>M\u00e0u s\u1eafc: \u0110en<\/p>\n<p>\u0110\u1ed9 d\u00e0y: 3.50mm<\/p>\n<p>V\u1ea3i v\u00f3c: 2 l\u1edbp polyester, c\u1ee9ng , \u00edt ti\u1ebfng \u1ed3n, ma s\u00e1t th\u1ea5p, ch\u1ed1ng t\u0129nh \u0111i\u1ec7n .<\/p>\n<p>\u0110\u01b0\u1eddng k\u00ednh con l\u0103ng t\u1ed1i thi\u1ec3u:<\/p>\n<p>Nhi\u1ec7t \u0111\u1ed9 ch\u1ecbu \u0111\u01b0\u1ee3c c\u1ee7a b\u0103ng t\u1ea3i:<\/p>\n<p>\u0110\u1eb7c \u0111i\u1ec3m c\u1ee7a b\u0103ng t\u1ea3i: Ch\u1ed1ng t\u0129nh \u0111i\u1ec7n b\u1eb1ng s\u1ee3i Carbon trong v\u1ea3i. V\u1ea3i c\u00f3 \u0111\u1ed9 b\u1ec1n cao. V\u1ea3i \u0111\u00e1y c\u00f3 \u0111\u1ed9 \u1ed3n th\u1ea5p. Ma s\u00e1t \u0111\u00e1y th\u1ea5p. Ti\u1ebft ki\u1ec7m n\u0103ng l\u01b0\u1ee3ng.<\/p>","protected":false},"excerpt":{"rendered":"<p>Lo\u1ea1i: B\u0103ng t\u1ea3i PVK V\u1eadt li\u1ec7u: PVK M\u00e0u s\u1eafc: \u0110en \u0110\u1ed9 d\u00e0y: 3.50mm V\u1ea3i v\u00f3c: 2 l\u1edbp polyester, c\u1ee9ng , \u00edt ti\u1ebfng \u1ed3n, ma s\u00e1t th\u1ea5p, ch\u1ed1ng t\u0129nh \u0111i\u1ec7n . \u0110\u01b0\u1eddng k\u00ednh con l\u0103ng t\u1ed1i thi\u1ec3u: Nhi\u1ec7t \u0111\u1ed9 ch\u1ecbu \u0111\u01b0\u1ee3c c\u1ee7a b\u0103ng t\u1ea3i: \u0110\u1eb7c \u0111i\u1ec3m c\u1ee7a b\u0103ng t\u1ea3i: Ch\u1ed1ng t\u0129nh \u0111i\u1ec7n b\u1eb1ng s\u1ee3i Carbon trong v\u1ea3i. V\u1ea3i c\u00f3 \u0111\u1ed9 b\u1ec1n cao. V\u1ea3i \u0111\u00e1y c\u00f3 \u0111\u1ed9 \u1ed3n th\u1ea5p. Ma s\u00e1t \u0111\u00e1y[&hellip;]<\/p>","protected":false},"featured_media":1592,"comment_status":"closed","ping_status":"closed","template":"","meta":{"_acf_changed":false},"product_brand":[],"product_cat":[69,64],"product_tag":[],"class_list":{"0":"post-1243","1":"product","2":"type-product","3":"status-publish","4":"has-post-thumbnail","6":"product_cat-bang-tai","7":"product_cat-ni","9":"first","10":"instock","11":"shipping-taxable","12":"product-type-simple"},"acf":[],"yoast_head":"<!-- This site is optimized with the Yoast SEO Premium plugin v20.9 (Yoast SEO v20.9) - https:\/\/yoast.com\/wordpress\/plugins\/seo\/ -->\n<title>PVK \u0111en 3.0mm - M\u00e3 s\u1ea3n ph\u1ea9m: P20-37DA - YONGLI BELTING VIETNAM - B\u0102NG T\u1ea2I YONGLI T\u1ea0I VI\u1ec6T NAM<\/title>\n<meta name=\"robots\" content=\"index, follow, max-snippet:-1, max-image-preview:large, max-video-preview:-1\" \/>\n<link rel=\"canonical\" href=\"https:\/\/yonglibeltingvietnam.com\/en\/product\/pvk-den-3-0mm-p20-37da\/\" \/>\n<meta property=\"og:locale\" content=\"en_US\" \/>\n<meta property=\"og:type\" content=\"article\" \/>\n<meta property=\"og:title\" content=\"PVK \u0111en 3.0mm - M\u00e3 s\u1ea3n ph\u1ea9m: P20-37DA\" \/>\n<meta property=\"og:description\" content=\"Lo\u1ea1i: B\u0103ng t\u1ea3i PVK V\u1eadt li\u1ec7u: PVK M\u00e0u s\u1eafc: \u0110en \u0110\u1ed9 d\u00e0y: 3.50mm V\u1ea3i v\u00f3c: 2 l\u1edbp polyester, c\u1ee9ng , \u00edt ti\u1ebfng \u1ed3n, ma s\u00e1t th\u1ea5p, ch\u1ed1ng t\u0129nh \u0111i\u1ec7n . \u0110\u01b0\u1eddng k\u00ednh con l\u0103ng t\u1ed1i thi\u1ec3u: Nhi\u1ec7t \u0111\u1ed9 ch\u1ecbu \u0111\u01b0\u1ee3c c\u1ee7a b\u0103ng t\u1ea3i: \u0110\u1eb7c \u0111i\u1ec3m c\u1ee7a b\u0103ng t\u1ea3i: Ch\u1ed1ng t\u0129nh \u0111i\u1ec7n b\u1eb1ng s\u1ee3i Carbon trong v\u1ea3i. V\u1ea3i c\u00f3 \u0111\u1ed9 b\u1ec1n cao. V\u1ea3i \u0111\u00e1y c\u00f3 \u0111\u1ed9 \u1ed3n th\u1ea5p. Ma s\u00e1t \u0111\u00e1y[&hellip;]\" \/>\n<meta property=\"og:url\" content=\"https:\/\/yonglibeltingvietnam.com\/en\/product\/pvk-den-3-0mm-p20-37da\/\" \/>\n<meta property=\"og:site_name\" content=\"YONGLI BELTING VIETNAM - B\u0102NG T\u1ea2I YONGLI T\u1ea0I VI\u1ec6T NAM\" \/>\n<meta property=\"article:modified_time\" content=\"2025-08-29T03:09:02+00:00\" \/>\n<meta property=\"og:image\" content=\"https:\/\/yonglibeltingvietnam.com\/wp-content\/uploads\/2025\/08\/PVK-den-3.0mm-1.jpg\" \/>\n\t<meta property=\"og:image:width\" content=\"1600\" \/>\n\t<meta property=\"og:image:height\" content=\"1007\" \/>\n\t<meta property=\"og:image:type\" content=\"image\/jpeg\" \/>\n<meta name=\"twitter:card\" content=\"summary_large_image\" \/>\n<meta name=\"twitter:label1\" content=\"Est. reading time\" \/>\n\t<meta name=\"twitter:data1\" content=\"1 minute\" \/>\n<script type=\"application\/ld+json\" class=\"yoast-schema-graph\">{\"@context\":\"https:\/\/schema.org\",\"@graph\":[{\"@type\":\"WebPage\",\"@id\":\"https:\/\/yonglibeltingvietnam.com\/san-pham\/pvk-den-3-0mm-p20-37da\/\",\"url\":\"https:\/\/yonglibeltingvietnam.com\/san-pham\/pvk-den-3-0mm-p20-37da\/\",\"name\":\"PVK \u0111en 3.0mm - M\u00e3 s\u1ea3n ph\u1ea9m: P20-37DA - YONGLI BELTING VIETNAM - B\u0102NG T\u1ea2I YONGLI T\u1ea0I VI\u1ec6T NAM\",\"isPartOf\":{\"@id\":\"https:\/\/yonglibeltingvietnam.com\/#website\"},\"datePublished\":\"2025-08-06T09:26:47+00:00\",\"dateModified\":\"2025-08-29T03:09:02+00:00\",\"breadcrumb\":{\"@id\":\"https:\/\/yonglibeltingvietnam.com\/san-pham\/pvk-den-3-0mm-p20-37da\/#breadcrumb\"},\"inLanguage\":\"en-US\",\"potentialAction\":[{\"@type\":\"ReadAction\",\"target\":[\"https:\/\/yonglibeltingvietnam.com\/san-pham\/pvk-den-3-0mm-p20-37da\/\"]}]},{\"@type\":\"BreadcrumbList\",\"@id\":\"https:\/\/yonglibeltingvietnam.com\/san-pham\/pvk-den-3-0mm-p20-37da\/#breadcrumb\",\"itemListElement\":[{\"@type\":\"ListItem\",\"position\":1,\"name\":\"Home\",\"item\":\"https:\/\/yonglibeltingvietnam.com\/\"},{\"@type\":\"ListItem\",\"position\":2,\"name\":\"C\u1eeda h\u00e0ng\",\"item\":\"https:\/\/yonglibeltingvietnam.com\/cua-hang\/\"},{\"@type\":\"ListItem\",\"position\":3,\"name\":\"PVK \u0111en 3.0mm &#8211; M\u00e3 s\u1ea3n ph\u1ea9m: P20-37DA\"}]},{\"@type\":\"WebSite\",\"@id\":\"https:\/\/yonglibeltingvietnam.com\/#website\",\"url\":\"https:\/\/yonglibeltingvietnam.com\/\",\"name\":\"YONGLI BELTING VIETNAM - B\u0102NG T\u1ea2I YONGLI T\u1ea0I VI\u1ec6T NAM\",\"description\":\"\",\"potentialAction\":[{\"@type\":\"SearchAction\",\"target\":{\"@type\":\"EntryPoint\",\"urlTemplate\":\"https:\/\/yonglibeltingvietnam.com\/?s={search_term_string}\"},\"query-input\":\"required name=search_term_string\"}],\"inLanguage\":\"en-US\"}]}<\/script>\n<!-- \/ Yoast SEO Premium plugin. -->","yoast_head_json":{"title":"PVK \u0111en 3.0mm - M\u00e3 s\u1ea3n ph\u1ea9m: P20-37DA - YONGLI BELTING VIETNAM - B\u0102NG T\u1ea2I YONGLI T\u1ea0I VI\u1ec6T NAM","robots":{"index":"index","follow":"follow","max-snippet":"max-snippet:-1","max-image-preview":"max-image-preview:large","max-video-preview":"max-video-preview:-1"},"canonical":"https:\/\/yonglibeltingvietnam.com\/en\/product\/pvk-den-3-0mm-p20-37da\/","og_locale":"en_US","og_type":"article","og_title":"PVK \u0111en 3.0mm - M\u00e3 s\u1ea3n ph\u1ea9m: P20-37DA","og_description":"Lo\u1ea1i: B\u0103ng t\u1ea3i PVK V\u1eadt li\u1ec7u: PVK M\u00e0u s\u1eafc: \u0110en \u0110\u1ed9 d\u00e0y: 3.50mm V\u1ea3i v\u00f3c: 2 l\u1edbp polyester, c\u1ee9ng , \u00edt ti\u1ebfng \u1ed3n, ma s\u00e1t th\u1ea5p, ch\u1ed1ng t\u0129nh \u0111i\u1ec7n . \u0110\u01b0\u1eddng k\u00ednh con l\u0103ng t\u1ed1i thi\u1ec3u: Nhi\u1ec7t \u0111\u1ed9 ch\u1ecbu \u0111\u01b0\u1ee3c c\u1ee7a b\u0103ng t\u1ea3i: \u0110\u1eb7c \u0111i\u1ec3m c\u1ee7a b\u0103ng t\u1ea3i: Ch\u1ed1ng t\u0129nh \u0111i\u1ec7n b\u1eb1ng s\u1ee3i Carbon trong v\u1ea3i. V\u1ea3i c\u00f3 \u0111\u1ed9 b\u1ec1n cao. V\u1ea3i \u0111\u00e1y c\u00f3 \u0111\u1ed9 \u1ed3n th\u1ea5p. Ma s\u00e1t \u0111\u00e1y[&hellip;]","og_url":"https:\/\/yonglibeltingvietnam.com\/en\/product\/pvk-den-3-0mm-p20-37da\/","og_site_name":"YONGLI BELTING VIETNAM - B\u0102NG T\u1ea2I YONGLI T\u1ea0I VI\u1ec6T NAM","article_modified_time":"2025-08-29T03:09:02+00:00","og_image":[{"width":1600,"height":1007,"url":"https:\/\/yonglibeltingvietnam.com\/wp-content\/uploads\/2025\/08\/PVK-den-3.0mm-1.jpg","type":"image\/jpeg"}],"twitter_card":"summary_large_image","twitter_misc":{"Est. reading time":"1 minute"},"schema":{"@context":"https:\/\/schema.org","@graph":[{"@type":"WebPage","@id":"https:\/\/yonglibeltingvietnam.com\/san-pham\/pvk-den-3-0mm-p20-37da\/","url":"https:\/\/yonglibeltingvietnam.com\/san-pham\/pvk-den-3-0mm-p20-37da\/","name":"PVK \u0111en 3.0mm - M\u00e3 s\u1ea3n ph\u1ea9m: P20-37DA - YONGLI BELTING VIETNAM - B\u0102NG T\u1ea2I YONGLI T\u1ea0I VI\u1ec6T NAM","isPartOf":{"@id":"https:\/\/yonglibeltingvietnam.com\/#website"},"datePublished":"2025-08-06T09:26:47+00:00","dateModified":"2025-08-29T03:09:02+00:00","breadcrumb":{"@id":"https:\/\/yonglibeltingvietnam.com\/san-pham\/pvk-den-3-0mm-p20-37da\/#breadcrumb"},"inLanguage":"en-US","potentialAction":[{"@type":"ReadAction","target":["https:\/\/yonglibeltingvietnam.com\/san-pham\/pvk-den-3-0mm-p20-37da\/"]}]},{"@type":"BreadcrumbList","@id":"https:\/\/yonglibeltingvietnam.com\/san-pham\/pvk-den-3-0mm-p20-37da\/#breadcrumb","itemListElement":[{"@type":"ListItem","position":1,"name":"Home","item":"https:\/\/yonglibeltingvietnam.com\/"},{"@type":"ListItem","position":2,"name":"C\u1eeda h\u00e0ng","item":"https:\/\/yonglibeltingvietnam.com\/cua-hang\/"},{"@type":"ListItem","position":3,"name":"PVK \u0111en 3.0mm &#8211; M\u00e3 s\u1ea3n ph\u1ea9m: P20-37DA"}]},{"@type":"WebSite","@id":"https:\/\/yonglibeltingvietnam.com\/#website","url":"https:\/\/yonglibeltingvietnam.com\/","name":"YONGLI BELTING VIETNAM - B\u0102NG T\u1ea2I YONGLI T\u1ea0I VI\u1ec6T NAM","description":"","potentialAction":[{"@type":"SearchAction","target":{"@type":"EntryPoint","urlTemplate":"https:\/\/yonglibeltingvietnam.com\/?s={search_term_string}"},"query-input":"required name=search_term_string"}],"inLanguage":"en-US"}]}},"_links":{"self":[{"href":"https:\/\/yonglibeltingvietnam.com\/en\/wp-json\/wp\/v2\/product\/1243","targetHints":{"allow":["GET"]}}],"collection":[{"href":"https:\/\/yonglibeltingvietnam.com\/en\/wp-json\/wp\/v2\/product"}],"about":[{"href":"https:\/\/yonglibeltingvietnam.com\/en\/wp-json\/wp\/v2\/types\/product"}],"replies":[{"embeddable":true,"href":"https:\/\/yonglibeltingvietnam.com\/en\/wp-json\/wp\/v2\/comments?post=1243"}],"wp:featuredmedia":[{"embeddable":true,"href":"https:\/\/yonglibeltingvietnam.com\/en\/wp-json\/wp\/v2\/media\/1592"}],"wp:attachment":[{"href":"https:\/\/yonglibeltingvietnam.com\/en\/wp-json\/wp\/v2\/media?parent=1243"}],"wp:term":[{"taxonomy":"product_brand","embeddable":true,"href":"https:\/\/yonglibeltingvietnam.com\/en\/wp-json\/wp\/v2\/product_brand?post=1243"},{"taxonomy":"product_cat","embeddable":true,"href":"https:\/\/yonglibeltingvietnam.com\/en\/wp-json\/wp\/v2\/product_cat?post=1243"},{"taxonomy":"product_tag","embeddable":true,"href":"https:\/\/yonglibeltingvietnam.com\/en\/wp-json\/wp\/v2\/product_tag?post=1243"}],"curies":[{"name":"wp","href":"https:\/\/api.w.org\/{rel}","templated":true}]}}