{"id":865,"date":"2025-06-21T13:40:02","date_gmt":"2025-06-21T06:40:02","guid":{"rendered":"https:\/\/yongli.123websitedev.com\/?post_type=product&#038;p=865"},"modified":"2025-07-22T10:42:33","modified_gmt":"2025-07-22T03:42:33","slug":"phu-kien-bang-tai-day-gan-day-dinh-vi-beo-bang-tai","status":"publish","type":"product","link":"https:\/\/yonglibeltingvietnam.com\/en\/product\/phu-kien-bang-tai-day-gan-day-dinh-vi-beo-bang-tai\/","title":{"rendered":"PH\u1ee4 KI\u1ec6N B\u0102NG T\u1ea2I"},"content":{"rendered":"<p>\u0110\u1ec3 \u0111\u1ea3m b\u1ea3o hi\u1ec7u su\u1ea5t b\u0103ng t\u1ea3i t\u1ed1i \u01b0u, YONGLI cung c\u1ea5p nhi\u1ec1u lo\u1ea1i ph\u1ee5 ki\u1ec7n c\u00f3 th\u1ec3 l\u1eafp \u0111\u1eb7t tr\u00ean ho\u1eb7c d\u01b0\u1edbi b\u0103ng t\u1ea3i. C\u00e1c ph\u1ee5 ki\u1ec7n n\u00e0y c\u00f3 th\u1ec3 \u0111\u01b0\u1ee3c ph\u00e1t tri\u1ec3n v\u1edbi nhi\u1ec1u lo\u1ea1i v\u1eadt li\u1ec7u, m\u00e0u s\u1eafc v\u00e0 \u0111\u1ed9 c\u1ee9ng kh\u00e1c nhau.<\/p>\n<p>Vi\u1ec7c l\u1eafp \u0111\u1eb7t c\u00e1c ph\u1ee5 ki\u1ec7n n\u00e0y tr\u00ean d\u00e2y \u0111ai, hay n\u00f3i c\u00e1ch kh\u00e1c: ch\u1ebf t\u1ea1o d\u00e2y \u0111ai, \u0111\u01b0\u1ee3c th\u1ef1c hi\u1ec7n t\u1ea1i c\u00e1c chi nh\u00e1nh YONGLI tr\u00ean to\u00e0n c\u1ea7u, lu\u00f4n n\u1ed7 l\u1ef1c \u0111\u1ec3 g\u1ea7n g\u0169i v\u1edbi kh\u00e1ch h\u00e0ng nh\u1ea5t c\u00f3 th\u1ec3. H\u00e3y li\u00ean h\u1ec7 v\u1edbi chi nh\u00e1nh YONGLI t\u1ea1i \u0111\u1ecba ph\u01b0\u01a1ng c\u1ee7a b\u1ea1n \u0111\u1ec3 th\u1ea3o lu\u1eadn v\u1ec1 c\u00e1c kh\u1ea3 n\u0103ng.<\/p>","protected":false},"excerpt":{"rendered":"<p>\u0110\u1ec3 \u0111\u1ea3m b\u1ea3o hi\u1ec7u su\u1ea5t b\u0103ng t\u1ea3i t\u1ed1i \u01b0u, YONGLI cung c\u1ea5p nhi\u1ec1u lo\u1ea1i ph\u1ee5 ki\u1ec7n c\u00f3 th\u1ec3 l\u1eafp \u0111\u1eb7t tr\u00ean ho\u1eb7c d\u01b0\u1edbi b\u0103ng t\u1ea3i. C\u00e1c ph\u1ee5 ki\u1ec7n n\u00e0y c\u00f3 th\u1ec3 \u0111\u01b0\u1ee3c ph\u00e1t tri\u1ec3n v\u1edbi nhi\u1ec1u lo\u1ea1i v\u1eadt li\u1ec7u, m\u00e0u s\u1eafc v\u00e0 \u0111\u1ed9 c\u1ee9ng kh\u00e1c nhau. Vi\u1ec7c l\u1eafp \u0111\u1eb7t c\u00e1c ph\u1ee5 ki\u1ec7n n\u00e0y tr\u00ean d\u00e2y \u0111ai, hay n\u00f3i c\u00e1ch kh\u00e1c: ch\u1ebf t\u1ea1o d\u00e2y \u0111ai, \u0111\u01b0\u1ee3c th\u1ef1c hi\u1ec7n t\u1ea1i c\u00e1c chi[&hellip;]<\/p>","protected":false},"featured_media":1028,"comment_status":"closed","ping_status":"closed","template":"","meta":{"_acf_changed":false},"product_brand":[],"product_cat":[51,69,64,79,67,68,71,70,77,78,66,76,63,62,65],"product_tag":[],"class_list":{"0":"post-865","1":"product","2":"type-product","3":"status-publish","4":"has-post-thumbnail","6":"product_cat-mo-dun","7":"product_cat-bang-tai","8":"product_cat-ni","9":"product_cat-beo","10":"product_cat-day-dai-xanh-vang","11":"product_cat-day-curoa","12":"product_cat-may-thep-day-dai-dang-so-mo-dun","13":"product_cat-day-dai","14":"product_cat-day-gan","15":"product_cat-gan-t","16":"product_cat-hygiene-dong-nhat","17":"product_cat-phu-kien","18":"product_cat-pu","19":"product_cat-pvc","20":"product_cat-pvk","22":"first","23":"instock","24":"shipping-taxable","25":"product-type-simple"},"acf":[],"yoast_head":"<!-- This site is optimized with the Yoast SEO Premium plugin v20.9 (Yoast SEO v20.9) - https:\/\/yoast.com\/wordpress\/plugins\/seo\/ -->\n<title>PH\u1ee4 KI\u1ec6N B\u0102NG T\u1ea2I - YONGLI BELTING VIETNAM - B\u0102NG T\u1ea2I YONGLI T\u1ea0I VI\u1ec6T NAM<\/title>\n<meta name=\"description\" content=\"YONGLI cung c\u1ea5p nhi\u1ec1u lo\u1ea1i ph\u1ee5 ki\u1ec7n c\u00f3 th\u1ec3 l\u1eafp \u0111\u1eb7t tr\u00ean ho\u1eb7c d\u01b0\u1edbi b\u0103ng t\u1ea3i. C\u00e1c ph\u1ee5 ki\u1ec7n n\u00e0y c\u00f3 th\u1ec3 \u0111\u01b0\u1ee3c ph\u00e1t tri\u1ec3n v\u1edbi nhi\u1ec1u lo\u1ea1i v\u1eadt li\u1ec7u, m\u00e0u s\u1eafc v\u00e0 \u0111\u1ed9 c\u1ee9ng kh\u00e1c nhau.\" \/>\n<meta name=\"robots\" content=\"index, follow, max-snippet:-1, max-image-preview:large, max-video-preview:-1\" \/>\n<link rel=\"canonical\" href=\"https:\/\/yonglibeltingvietnam.com\/en\/product\/phu-kien-bang-tai-day-gan-day-dinh-vi-beo-bang-tai\/\" \/>\n<meta property=\"og:locale\" content=\"en_US\" \/>\n<meta property=\"og:type\" content=\"article\" \/>\n<meta property=\"og:title\" content=\"PH\u1ee4 KI\u1ec6N B\u0102NG T\u1ea2I\" \/>\n<meta property=\"og:description\" content=\"YONGLI cung c\u1ea5p nhi\u1ec1u lo\u1ea1i ph\u1ee5 ki\u1ec7n c\u00f3 th\u1ec3 l\u1eafp \u0111\u1eb7t tr\u00ean ho\u1eb7c d\u01b0\u1edbi b\u0103ng t\u1ea3i. C\u00e1c ph\u1ee5 ki\u1ec7n n\u00e0y c\u00f3 th\u1ec3 \u0111\u01b0\u1ee3c ph\u00e1t tri\u1ec3n v\u1edbi nhi\u1ec1u lo\u1ea1i v\u1eadt li\u1ec7u, m\u00e0u s\u1eafc v\u00e0 \u0111\u1ed9 c\u1ee9ng kh\u00e1c nhau.\" \/>\n<meta property=\"og:url\" content=\"https:\/\/yonglibeltingvietnam.com\/en\/product\/phu-kien-bang-tai-day-gan-day-dinh-vi-beo-bang-tai\/\" \/>\n<meta property=\"og:site_name\" content=\"YONGLI BELTING VIETNAM - B\u0102NG T\u1ea2I YONGLI T\u1ea0I VI\u1ec6T NAM\" \/>\n<meta property=\"article:modified_time\" content=\"2025-07-22T03:42:33+00:00\" \/>\n<meta property=\"og:image\" content=\"https:\/\/yonglibeltingvietnam.com\/wp-content\/uploads\/2025\/06\/Positive-Drive-Full-plastic-belt-blue-with-corrugated-sidewalls-cleats-and-tomatoes-medium.jpg\" \/>\n\t<meta property=\"og:image:width\" content=\"640\" \/>\n\t<meta property=\"og:image:height\" content=\"360\" \/>\n\t<meta property=\"og:image:type\" content=\"image\/jpeg\" \/>\n<meta name=\"twitter:card\" content=\"summary_large_image\" \/>\n<meta name=\"twitter:label1\" content=\"Est. reading time\" \/>\n\t<meta name=\"twitter:data1\" content=\"1 minute\" \/>\n<script type=\"application\/ld+json\" class=\"yoast-schema-graph\">{\"@context\":\"https:\/\/schema.org\",\"@graph\":[{\"@type\":\"WebPage\",\"@id\":\"https:\/\/yonglibeltingvietnam.com\/san-pham\/phu-kien-bang-tai-day-gan-day-dinh-vi-beo-bang-tai\/\",\"url\":\"https:\/\/yonglibeltingvietnam.com\/san-pham\/phu-kien-bang-tai-day-gan-day-dinh-vi-beo-bang-tai\/\",\"name\":\"PH\u1ee4 KI\u1ec6N B\u0102NG T\u1ea2I - YONGLI BELTING VIETNAM - B\u0102NG T\u1ea2I YONGLI T\u1ea0I VI\u1ec6T NAM\",\"isPartOf\":{\"@id\":\"https:\/\/yonglibeltingvietnam.com\/#website\"},\"datePublished\":\"2025-06-21T06:40:02+00:00\",\"dateModified\":\"2025-07-22T03:42:33+00:00\",\"description\":\"YONGLI cung c\u1ea5p nhi\u1ec1u lo\u1ea1i ph\u1ee5 ki\u1ec7n c\u00f3 th\u1ec3 l\u1eafp \u0111\u1eb7t tr\u00ean ho\u1eb7c d\u01b0\u1edbi b\u0103ng t\u1ea3i. C\u00e1c ph\u1ee5 ki\u1ec7n n\u00e0y c\u00f3 th\u1ec3 \u0111\u01b0\u1ee3c ph\u00e1t tri\u1ec3n v\u1edbi nhi\u1ec1u lo\u1ea1i v\u1eadt li\u1ec7u, m\u00e0u s\u1eafc v\u00e0 \u0111\u1ed9 c\u1ee9ng kh\u00e1c nhau.\",\"breadcrumb\":{\"@id\":\"https:\/\/yonglibeltingvietnam.com\/san-pham\/phu-kien-bang-tai-day-gan-day-dinh-vi-beo-bang-tai\/#breadcrumb\"},\"inLanguage\":\"en-US\",\"potentialAction\":[{\"@type\":\"ReadAction\",\"target\":[\"https:\/\/yonglibeltingvietnam.com\/san-pham\/phu-kien-bang-tai-day-gan-day-dinh-vi-beo-bang-tai\/\"]}]},{\"@type\":\"BreadcrumbList\",\"@id\":\"https:\/\/yonglibeltingvietnam.com\/san-pham\/phu-kien-bang-tai-day-gan-day-dinh-vi-beo-bang-tai\/#breadcrumb\",\"itemListElement\":[{\"@type\":\"ListItem\",\"position\":1,\"name\":\"Home\",\"item\":\"https:\/\/yonglibeltingvietnam.com\/\"},{\"@type\":\"ListItem\",\"position\":2,\"name\":\"C\u1eeda h\u00e0ng\",\"item\":\"https:\/\/yonglibeltingvietnam.com\/cua-hang\/\"},{\"@type\":\"ListItem\",\"position\":3,\"name\":\"PH\u1ee4 KI\u1ec6N B\u0102NG T\u1ea2I\"}]},{\"@type\":\"WebSite\",\"@id\":\"https:\/\/yonglibeltingvietnam.com\/#website\",\"url\":\"https:\/\/yonglibeltingvietnam.com\/\",\"name\":\"YONGLI BELTING VIETNAM - B\u0102NG T\u1ea2I YONGLI T\u1ea0I VI\u1ec6T NAM\",\"description\":\"\",\"potentialAction\":[{\"@type\":\"SearchAction\",\"target\":{\"@type\":\"EntryPoint\",\"urlTemplate\":\"https:\/\/yonglibeltingvietnam.com\/?s={search_term_string}\"},\"query-input\":\"required name=search_term_string\"}],\"inLanguage\":\"en-US\"}]}<\/script>\n<!-- \/ Yoast SEO Premium plugin. -->","yoast_head_json":{"title":"PH\u1ee4 KI\u1ec6N B\u0102NG T\u1ea2I - YONGLI BELTING VIETNAM - B\u0102NG T\u1ea2I YONGLI T\u1ea0I VI\u1ec6T NAM","description":"YONGLI cung c\u1ea5p nhi\u1ec1u lo\u1ea1i ph\u1ee5 ki\u1ec7n c\u00f3 th\u1ec3 l\u1eafp \u0111\u1eb7t tr\u00ean ho\u1eb7c d\u01b0\u1edbi b\u0103ng t\u1ea3i. C\u00e1c ph\u1ee5 ki\u1ec7n n\u00e0y c\u00f3 th\u1ec3 \u0111\u01b0\u1ee3c ph\u00e1t tri\u1ec3n v\u1edbi nhi\u1ec1u lo\u1ea1i v\u1eadt li\u1ec7u, m\u00e0u s\u1eafc v\u00e0 \u0111\u1ed9 c\u1ee9ng kh\u00e1c nhau.","robots":{"index":"index","follow":"follow","max-snippet":"max-snippet:-1","max-image-preview":"max-image-preview:large","max-video-preview":"max-video-preview:-1"},"canonical":"https:\/\/yonglibeltingvietnam.com\/en\/product\/phu-kien-bang-tai-day-gan-day-dinh-vi-beo-bang-tai\/","og_locale":"en_US","og_type":"article","og_title":"PH\u1ee4 KI\u1ec6N B\u0102NG T\u1ea2I","og_description":"YONGLI cung c\u1ea5p nhi\u1ec1u lo\u1ea1i ph\u1ee5 ki\u1ec7n c\u00f3 th\u1ec3 l\u1eafp \u0111\u1eb7t tr\u00ean ho\u1eb7c d\u01b0\u1edbi b\u0103ng t\u1ea3i. C\u00e1c ph\u1ee5 ki\u1ec7n n\u00e0y c\u00f3 th\u1ec3 \u0111\u01b0\u1ee3c ph\u00e1t tri\u1ec3n v\u1edbi nhi\u1ec1u lo\u1ea1i v\u1eadt li\u1ec7u, m\u00e0u s\u1eafc v\u00e0 \u0111\u1ed9 c\u1ee9ng kh\u00e1c nhau.","og_url":"https:\/\/yonglibeltingvietnam.com\/en\/product\/phu-kien-bang-tai-day-gan-day-dinh-vi-beo-bang-tai\/","og_site_name":"YONGLI BELTING VIETNAM - B\u0102NG T\u1ea2I YONGLI T\u1ea0I VI\u1ec6T NAM","article_modified_time":"2025-07-22T03:42:33+00:00","og_image":[{"width":640,"height":360,"url":"https:\/\/yonglibeltingvietnam.com\/wp-content\/uploads\/2025\/06\/Positive-Drive-Full-plastic-belt-blue-with-corrugated-sidewalls-cleats-and-tomatoes-medium.jpg","type":"image\/jpeg"}],"twitter_card":"summary_large_image","twitter_misc":{"Est. reading time":"1 minute"},"schema":{"@context":"https:\/\/schema.org","@graph":[{"@type":"WebPage","@id":"https:\/\/yonglibeltingvietnam.com\/san-pham\/phu-kien-bang-tai-day-gan-day-dinh-vi-beo-bang-tai\/","url":"https:\/\/yonglibeltingvietnam.com\/san-pham\/phu-kien-bang-tai-day-gan-day-dinh-vi-beo-bang-tai\/","name":"PH\u1ee4 KI\u1ec6N B\u0102NG T\u1ea2I - YONGLI BELTING VIETNAM - B\u0102NG T\u1ea2I YONGLI T\u1ea0I VI\u1ec6T NAM","isPartOf":{"@id":"https:\/\/yonglibeltingvietnam.com\/#website"},"datePublished":"2025-06-21T06:40:02+00:00","dateModified":"2025-07-22T03:42:33+00:00","description":"YONGLI cung c\u1ea5p nhi\u1ec1u lo\u1ea1i ph\u1ee5 ki\u1ec7n c\u00f3 th\u1ec3 l\u1eafp \u0111\u1eb7t tr\u00ean ho\u1eb7c d\u01b0\u1edbi b\u0103ng t\u1ea3i. C\u00e1c ph\u1ee5 ki\u1ec7n n\u00e0y c\u00f3 th\u1ec3 \u0111\u01b0\u1ee3c ph\u00e1t tri\u1ec3n v\u1edbi nhi\u1ec1u lo\u1ea1i v\u1eadt li\u1ec7u, m\u00e0u s\u1eafc v\u00e0 \u0111\u1ed9 c\u1ee9ng kh\u00e1c nhau.","breadcrumb":{"@id":"https:\/\/yonglibeltingvietnam.com\/san-pham\/phu-kien-bang-tai-day-gan-day-dinh-vi-beo-bang-tai\/#breadcrumb"},"inLanguage":"en-US","potentialAction":[{"@type":"ReadAction","target":["https:\/\/yonglibeltingvietnam.com\/san-pham\/phu-kien-bang-tai-day-gan-day-dinh-vi-beo-bang-tai\/"]}]},{"@type":"BreadcrumbList","@id":"https:\/\/yonglibeltingvietnam.com\/san-pham\/phu-kien-bang-tai-day-gan-day-dinh-vi-beo-bang-tai\/#breadcrumb","itemListElement":[{"@type":"ListItem","position":1,"name":"Home","item":"https:\/\/yonglibeltingvietnam.com\/"},{"@type":"ListItem","position":2,"name":"C\u1eeda h\u00e0ng","item":"https:\/\/yonglibeltingvietnam.com\/cua-hang\/"},{"@type":"ListItem","position":3,"name":"PH\u1ee4 KI\u1ec6N B\u0102NG T\u1ea2I"}]},{"@type":"WebSite","@id":"https:\/\/yonglibeltingvietnam.com\/#website","url":"https:\/\/yonglibeltingvietnam.com\/","name":"YONGLI BELTING VIETNAM - B\u0102NG T\u1ea2I YONGLI T\u1ea0I VI\u1ec6T NAM","description":"","potentialAction":[{"@type":"SearchAction","target":{"@type":"EntryPoint","urlTemplate":"https:\/\/yonglibeltingvietnam.com\/?s={search_term_string}"},"query-input":"required name=search_term_string"}],"inLanguage":"en-US"}]}},"_links":{"self":[{"href":"https:\/\/yonglibeltingvietnam.com\/en\/wp-json\/wp\/v2\/product\/865","targetHints":{"allow":["GET"]}}],"collection":[{"href":"https:\/\/yonglibeltingvietnam.com\/en\/wp-json\/wp\/v2\/product"}],"about":[{"href":"https:\/\/yonglibeltingvietnam.com\/en\/wp-json\/wp\/v2\/types\/product"}],"replies":[{"embeddable":true,"href":"https:\/\/yonglibeltingvietnam.com\/en\/wp-json\/wp\/v2\/comments?post=865"}],"wp:featuredmedia":[{"embeddable":true,"href":"https:\/\/yonglibeltingvietnam.com\/en\/wp-json\/wp\/v2\/media\/1028"}],"wp:attachment":[{"href":"https:\/\/yonglibeltingvietnam.com\/en\/wp-json\/wp\/v2\/media?parent=865"}],"wp:term":[{"taxonomy":"product_brand","embeddable":true,"href":"https:\/\/yonglibeltingvietnam.com\/en\/wp-json\/wp\/v2\/product_brand?post=865"},{"taxonomy":"product_cat","embeddable":true,"href":"https:\/\/yonglibeltingvietnam.com\/en\/wp-json\/wp\/v2\/product_cat?post=865"},{"taxonomy":"product_tag","embeddable":true,"href":"https:\/\/yonglibeltingvietnam.com\/en\/wp-json\/wp\/v2\/product_tag?post=865"}],"curies":[{"name":"wp","href":"https:\/\/api.w.org\/{rel}","templated":true}]}}