{"id":55,"date":"2020-08-12T05:16:40","date_gmt":"2020-08-12T05:16:40","guid":{"rendered":"http:\/\/industrey-demo.pbminfotech.com\/?page_id=14985"},"modified":"2025-08-11T16:35:16","modified_gmt":"2025-08-11T09:35:16","slug":"dich-vu","status":"publish","type":"page","link":"https:\/\/yonglibeltingvietnam.com\/zh\/dich-vu\/","title":{"rendered":"\u670d\u52a1"},"content":{"rendered":"<div data-elementor-type=\"wp-page\" data-elementor-id=\"55\" class=\"elementor elementor-55\" data-elementor-post-type=\"page\">\n\t\t\t\t\t\t<div class=\"elementor-section elementor-top-section elementor-element elementor-element-e00fb33 tstk-bg-color-yes tstk-elementor-bg-color-white tstk-col-stretched-none tstk-bg-color-over-image elementor-section-boxed elementor-section-height-default elementor-section-height-default\" data-id=\"e00fb33\" data-element_type=\"section\">\n\t\t\t\t\t\t<div class=\"elementor-container elementor-column-gap-no\">\n\t\t\t\t\t<div class=\"elementor-column elementor-col-100 elementor-top-column elementor-element elementor-element-96a4b33 tstk-bg-color-over-image\" data-id=\"96a4b33\" data-element_type=\"column\">\n\t\t\t<div class=\"elementor-widget-wrap elementor-element-populated\">\n\t\t\t\t\t\t<div class=\"elementor-element elementor-element-e7c5c52 tstk-align-left elementor-widget elementor-widget-tstk_service_element\" data-id=\"e7c5c52\" data-element_type=\"widget\" data-widget_type=\"tstk_service_element.default\">\n\t\t\t\t<div class=\"elementor-widget-container\">\n\t\t\t\t\t\r\n\t\t<div class=\"themestek-element themestek-element-service tstk-element-service-style-1 themestek-element-viewtype-row-column themestek-gap-30px tstk-infinite-scroll-no tstk-infinite-scroll-button-no\" data-cpt=\"service\" data-totalpagination=\"1\" data-style=\"1\" data-show=\"9\" data-columns=\"3\" data-loop=\"false\" data-autoplay=\"false\" data-center=\"false\" data-nav=\"false\" data-dots=\"false\" data-autoplayspeed=\"1000\" data-lasthalf=\"false\" data-margin=\"30px\"><div class=\"themestek-element-inner\"><div class=\"tstk-infinite-scroll-data\">{\u201ccpt\u201d\uff1a\u201c\u670d\u52a1\u201d\uff0c\u201cstyle\u201d\uff1a\u201c1\u201d\uff0c\u201ccolumns\u201d\uff1a\u201c3\u201d\uff0c\u201cshow\u201d\uff1a\u201c9\u201d\uff0c\u201corder\u201d\uff1a\u201cDESC\u201d\uff0c\u201corderby\u201d\uff1a\u201cDESC\u201d}<\/div>\r\n\t\t\t\r\n\t\t\t\t\t\t\t<div class=\"tstk-ele-header-area\">\r\n\t\t\t\t\t\t<div class=\"tstk-heading-subheading left-align\"><\/div>\t\t\t\t<\/div>\r\n\r\n\t\t\t\r\n\t\t\t\r\n\t\t\t<div class=\"tstk-element-posts-wrapper row multi-columns-row\">\r\n\r\n\t\t\t<article class=\"tstk-ele tstk-ele-service tstk-service-style-1 col-md-4 su-thi-cong tstk-term-21\">\t<div class=\"themestek-post-item\">\n\t\t<div class=\"tstk-service-img-wrapper\">\n\t\t\t<div class=\"tstk-featured-wrapper\"><a href=\"https:\/\/yonglibeltingvietnam.com\/zh\/dichvu\/xay-dung-co-khi\/\"><img fetchpriority=\"high\" decoding=\"async\" width=\"650\" height=\"487\" src=\"https:\/\/yonglibeltingvietnam.com\/wp-content\/uploads\/2020\/06\/bang-tai-cnc-vina.jpg\" class=\"attachment-tstk-img-770x550 size-tstk-img-770x550 wp-post-image\" alt=\"\" srcset=\"https:\/\/yonglibeltingvietnam.com\/wp-content\/uploads\/2020\/06\/bang-tai-cnc-vina.jpg 650w, https:\/\/yonglibeltingvietnam.com\/wp-content\/uploads\/2020\/06\/bang-tai-cnc-vina-300x225.jpg 300w, https:\/\/yonglibeltingvietnam.com\/wp-content\/uploads\/2020\/06\/bang-tai-cnc-vina-600x450.jpg 600w\" sizes=\"(max-width: 650px) 100vw, 650px\" \/><\/a><\/div>\t\t<\/div>\t\n\t\t<div class=\"themestek-box-content\">\n\t\t\t<div class=\"themestek-box-content-inner\">\n\t\t\t\t<div class=\"d-flex justify-content-between align-items-center\">\n\t\t\t\t\t<h3 class=\"tstk-service-title\"><a href=\"https:\/\/yonglibeltingvietnam.com\/zh\/dichvu\/xay-dung-co-khi\/\">\u6839\u636e\u8981\u6c42\u52a0\u5de5\u4f20\u9001\u5e26<\/a><\/h3>\n\t\t\t\t\t<div class=\"tstk-service-icon-wrapper\">\n\t\t\t\t\t\t<i class=\"tstk-industrey-icon tstk-industrey-icon-drilling-rig\"><\/i>\t\t\t\t\t<\/div>\n\t\t\t\t<\/div>\n\t\t\t\t\t\t\t\t<div class=\"tstk-service-content\"><p>\u6211\u4eec\u63d0\u4f9b\u4e13\u4e1a\u7684\u8f93\u9001\u5e26\u8fde\u63a5\u89e3\u51b3\u65b9\u6848\uff0c\u5305\u62ec\uff1a\u70ed\u63a5\u9a73\uff08\u70ed\u538b\uff09<\/p>\n<\/div>\n\t\t\t\t\t\t\t\t<div class=\"tstk-service-btn\"> \n\t\t\t\t<a class=\"btn-arrow\" href=\"https:\/\/yonglibeltingvietnam.com\/zh\/dichvu\/xay-dung-co-khi\/\"><span>Xem Th\u00eam<\/span><\/a>\n\t\t\t\t<\/div>\n\t\t\t<\/div>\n\t\t<\/div>\n\t<\/div><\/article><article class=\"tstk-ele tstk-ele-service tstk-service-style-1 col-md-4 ky-thuat tstk-term-22\">\t<div class=\"themestek-post-item\">\n\t\t<div class=\"tstk-service-img-wrapper\">\n\t\t\t<div class=\"tstk-featured-wrapper\"><a href=\"https:\/\/yonglibeltingvietnam.com\/zh\/dichvu\/thiet-ke-san-xuat-san-pham\/\"><img decoding=\"async\" width=\"640\" height=\"360\" src=\"https:\/\/yonglibeltingvietnam.com\/wp-content\/uploads\/2020\/06\/Dan-beo-bang-tai.jpg\" class=\"attachment-tstk-img-770x550 size-tstk-img-770x550 wp-post-image\" alt=\"\" srcset=\"https:\/\/yonglibeltingvietnam.com\/wp-content\/uploads\/2020\/06\/Dan-beo-bang-tai.jpg 640w, https:\/\/yonglibeltingvietnam.com\/wp-content\/uploads\/2020\/06\/Dan-beo-bang-tai-300x169.jpg 300w, https:\/\/yonglibeltingvietnam.com\/wp-content\/uploads\/2020\/06\/Dan-beo-bang-tai-18x10.jpg 18w, https:\/\/yonglibeltingvietnam.com\/wp-content\/uploads\/2020\/06\/Dan-beo-bang-tai-600x338.jpg 600w\" sizes=\"(max-width: 640px) 100vw, 640px\" \/><\/a><\/div>\t\t<\/div>\t\n\t\t<div class=\"themestek-box-content\">\n\t\t\t<div class=\"themestek-box-content-inner\">\n\t\t\t\t<div class=\"d-flex justify-content-between align-items-center\">\n\t\t\t\t\t<h3 class=\"tstk-service-title\"><a href=\"https:\/\/yonglibeltingvietnam.com\/zh\/dichvu\/thiet-ke-san-xuat-san-pham\/\">D\u00e1n g\u00e2n &#038; b\u00e8o b\u0103ng t\u1ea3i<\/a><\/h3>\n\t\t\t\t\t<div class=\"tstk-service-icon-wrapper\">\n\t\t\t\t\t\t<i class=\"tstk-industrey-icon tstk-industrey-icon-coal\"><\/i>\t\t\t\t\t<\/div>\n\t\t\t\t<\/div>\n\t\t\t\t\t\t\t\t<div class=\"tstk-service-content\"><p>\u6211\u4eec\u63d0\u4f9b\u4e13\u4e1a\u7684\u8f93\u9001\u5e26\u8fde\u63a5\u89e3\u51b3\u65b9\u6848\uff0c\u5305\u62ec\uff1a\u70ed\u63a5\u9a73\uff08\u70ed\u538b\uff09<\/p>\n<\/div>\n\t\t\t\t\t\t\t\t<div class=\"tstk-service-btn\"> \n\t\t\t\t<a class=\"btn-arrow\" href=\"https:\/\/yonglibeltingvietnam.com\/zh\/dichvu\/thiet-ke-san-xuat-san-pham\/\"><span>Xem Th\u00eam<\/span><\/a>\n\t\t\t\t<\/div>\n\t\t\t<\/div>\n\t\t<\/div>\n\t<\/div><\/article><article class=\"tstk-ele tstk-ele-service tstk-service-style-1 col-md-4 cong-nghiep tstk-term-23\">\t<div class=\"themestek-post-item\">\n\t\t<div class=\"tstk-service-img-wrapper\">\n\t\t\t<div class=\"tstk-featured-wrapper\"><a href=\"https:\/\/yonglibeltingvietnam.com\/zh\/dichvu\/dan-gan-bang-tai\/\"><img decoding=\"async\" width=\"770\" height=\"550\" src=\"https:\/\/yonglibeltingvietnam.com\/wp-content\/uploads\/2020\/06\/dan-gan-bang-tai-770x550.jpg\" class=\"attachment-tstk-img-770x550 size-tstk-img-770x550 wp-post-image\" alt=\"\" \/><\/a><\/div>\t\t<\/div>\t\n\t\t<div class=\"themestek-box-content\">\n\t\t\t<div class=\"themestek-box-content-inner\">\n\t\t\t\t<div class=\"d-flex justify-content-between align-items-center\">\n\t\t\t\t\t<h3 class=\"tstk-service-title\"><a href=\"https:\/\/yonglibeltingvietnam.com\/zh\/dichvu\/dan-gan-bang-tai\/\">N\u1ed1i \u0111\u1ea7u t\u1ea1i ch\u1ed7<\/a><\/h3>\n\t\t\t\t\t<div class=\"tstk-service-icon-wrapper\">\n\t\t\t\t\t\t<i class=\"tstk-industrey-icon tstk-industrey-icon-tank\"><\/i>\t\t\t\t\t<\/div>\n\t\t\t\t<\/div>\n\t\t\t\t\t\t\t\t<div class=\"tstk-service-content\"><p>\u6211\u4eec\u63d0\u4f9b\u4e13\u4e1a\u7684\u8f93\u9001\u5e26\u8fde\u63a5\u89e3\u51b3\u65b9\u6848\uff0c\u5305\u62ec\uff1a\u70ed\u63a5\u9a73\uff08\u70ed\u538b\uff09<\/p>\n<\/div>\n\t\t\t\t\t\t\t\t<div class=\"tstk-service-btn\"> \n\t\t\t\t<a class=\"btn-arrow\" href=\"https:\/\/yonglibeltingvietnam.com\/zh\/dichvu\/dan-gan-bang-tai\/\"><span>Xem Th\u00eam<\/span><\/a>\n\t\t\t\t<\/div>\n\t\t\t<\/div>\n\t\t<\/div>\n\t<\/div><\/article>\r\n\t\t\t<\/div> <!-- .tstk-element-posts-wrapper -->\r\n\r\n\t\t\t\r\n\t\t\t\r\n\t\t\t\r\n\t\t\r\n\t\t\r\n\t\t<\/div><!-- .themestek-element-inner -->   <\/div><!-- .themestek-element -->  \r\n\t    \t\t\t\t<\/div>\n\t\t\t\t<\/div>\n\t\t\t\t\t<\/div>\n\t\t<\/div>\n\t\t\t\t\t<\/div>\n\t\t<\/div>\n\t\t\t\t<\/div>","protected":false},"excerpt":{"rendered":"<p>{&#8220;cpt&#8221;:&#8221;service&#8221;,&#8221;style&#8221;:&#8221;1&#8243;,&#8221;columns&#8221;:&#8221;3&#8243;,&#8221;show&#8221;:9,&#8221;order&#8221;:&#8221;DESC&#8221;,&#8221;orderby&#8221;:&#8221;DESC&#8221;} Gia c\u00f4ng b\u0103ng t\u1ea3i theo y\u00eau c\u1ea7u Ch\u00fang t\u00f4i cung c\u1ea5p c\u00e1c gi\u1ea3i ph\u00e1p k\u1ebft n\u1ed1i b\u0103ng t\u1ea3i chuy\u00ean nghi\u1ec7p, bao g\u1ed3m: N\u1ed1i n\u00f3ng (\u00e9p nhi\u1ec7t) Xem Th\u00eam D\u00e1n g\u00e2n &#038; b\u00e8o b\u0103ng t\u1ea3i Ch\u00fang t\u00f4i cung c\u1ea5p c\u00e1c gi\u1ea3i ph\u00e1p k\u1ebft n\u1ed1i b\u0103ng t\u1ea3i chuy\u00ean nghi\u1ec7p, bao g\u1ed3m: N\u1ed1i n\u00f3ng (\u00e9p nhi\u1ec7t) Xem Th\u00eam N\u1ed1i \u0111\u1ea7u t\u1ea1i ch\u1ed7 Ch\u00fang t\u00f4i cung c\u1ea5p c\u00e1c gi\u1ea3i ph\u00e1p k\u1ebft n\u1ed1i b\u0103ng[&hellip;]<\/p>","protected":false},"author":1,"featured_media":0,"parent":0,"menu_order":8,"comment_status":"closed","ping_status":"closed","template":"","meta":{"_acf_changed":false,"footnotes":""},"class_list":["post-55","page","type-page","status-publish","hentry"],"acf":[],"yoast_head":"<!-- This site is optimized with the Yoast SEO Premium plugin v20.9 (Yoast SEO v20.9) - https:\/\/yoast.com\/wordpress\/plugins\/seo\/ -->\n<title>D\u1ecbch v\u1ee5 - YONGLI BELTING VIETNAM - B\u0102NG T\u1ea2I YONGLI T\u1ea0I VI\u1ec6T NAM<\/title>\n<meta name=\"robots\" content=\"index, follow, max-snippet:-1, max-image-preview:large, max-video-preview:-1\" \/>\n<link rel=\"canonical\" href=\"https:\/\/yonglibeltingvietnam.com\/zh\/dich-vu\/\" \/>\n<meta property=\"og:locale\" content=\"zh_CN\" \/>\n<meta property=\"og:type\" content=\"article\" \/>\n<meta property=\"og:title\" content=\"D\u1ecbch v\u1ee5\" \/>\n<meta property=\"og:description\" content=\"{&#8220;cpt&#8221;:&#8221;service&#8221;,&#8221;style&#8221;:&#8221;1&#8243;,&#8221;columns&#8221;:&#8221;3&#8243;,&#8221;show&#8221;:9,&#8221;order&#8221;:&#8221;DESC&#8221;,&#8221;orderby&#8221;:&#8221;DESC&#8221;} Gia c\u00f4ng b\u0103ng t\u1ea3i theo y\u00eau c\u1ea7u Ch\u00fang t\u00f4i cung c\u1ea5p c\u00e1c gi\u1ea3i ph\u00e1p k\u1ebft n\u1ed1i b\u0103ng t\u1ea3i chuy\u00ean nghi\u1ec7p, bao g\u1ed3m: N\u1ed1i n\u00f3ng (\u00e9p nhi\u1ec7t) Xem Th\u00eam D\u00e1n g\u00e2n &#038; b\u00e8o b\u0103ng t\u1ea3i Ch\u00fang t\u00f4i cung c\u1ea5p c\u00e1c gi\u1ea3i ph\u00e1p k\u1ebft n\u1ed1i b\u0103ng t\u1ea3i chuy\u00ean nghi\u1ec7p, bao g\u1ed3m: N\u1ed1i n\u00f3ng (\u00e9p nhi\u1ec7t) Xem Th\u00eam N\u1ed1i \u0111\u1ea7u t\u1ea1i ch\u1ed7 Ch\u00fang t\u00f4i cung c\u1ea5p c\u00e1c gi\u1ea3i ph\u00e1p k\u1ebft n\u1ed1i b\u0103ng[&hellip;]\" \/>\n<meta property=\"og:url\" content=\"https:\/\/yonglibeltingvietnam.com\/zh\/dich-vu\/\" \/>\n<meta property=\"og:site_name\" content=\"YONGLI BELTING VIETNAM - B\u0102NG T\u1ea2I YONGLI T\u1ea0I VI\u1ec6T NAM\" \/>\n<meta property=\"article:modified_time\" content=\"2025-08-11T09:35:16+00:00\" \/>\n<meta property=\"og:image\" content=\"https:\/\/yonglibeltingvietnam.com\/wp-content\/uploads\/2020\/06\/bang-tai-cnc-vina.jpg\" \/>\n<meta name=\"twitter:card\" content=\"summary_large_image\" \/>\n<meta name=\"twitter:label1\" content=\"\u9884\u8ba1\u9605\u8bfb\u65f6\u95f4\" \/>\n\t<meta name=\"twitter:data1\" content=\"1 \u5206\" \/>\n<script type=\"application\/ld+json\" class=\"yoast-schema-graph\">{\"@context\":\"https:\/\/schema.org\",\"@graph\":[{\"@type\":\"WebPage\",\"@id\":\"https:\/\/yonglibeltingvietnam.com\/dich-vu\/\",\"url\":\"https:\/\/yonglibeltingvietnam.com\/dich-vu\/\",\"name\":\"D\u1ecbch v\u1ee5 - YONGLI BELTING VIETNAM - B\u0102NG T\u1ea2I YONGLI T\u1ea0I VI\u1ec6T NAM\",\"isPartOf\":{\"@id\":\"https:\/\/yonglibeltingvietnam.com\/#website\"},\"datePublished\":\"2020-08-12T05:16:40+00:00\",\"dateModified\":\"2025-08-11T09:35:16+00:00\",\"breadcrumb\":{\"@id\":\"https:\/\/yonglibeltingvietnam.com\/dich-vu\/#breadcrumb\"},\"inLanguage\":\"zh-Hans\",\"potentialAction\":[{\"@type\":\"ReadAction\",\"target\":[\"https:\/\/yonglibeltingvietnam.com\/dich-vu\/\"]}]},{\"@type\":\"BreadcrumbList\",\"@id\":\"https:\/\/yonglibeltingvietnam.com\/dich-vu\/#breadcrumb\",\"itemListElement\":[{\"@type\":\"ListItem\",\"position\":1,\"name\":\"Home\",\"item\":\"https:\/\/yonglibeltingvietnam.com\/\"},{\"@type\":\"ListItem\",\"position\":2,\"name\":\"D\u1ecbch v\u1ee5\"}]},{\"@type\":\"WebSite\",\"@id\":\"https:\/\/yonglibeltingvietnam.com\/#website\",\"url\":\"https:\/\/yonglibeltingvietnam.com\/\",\"name\":\"YONGLI BELTING VIETNAM - B\u0102NG T\u1ea2I YONGLI T\u1ea0I VI\u1ec6T NAM\",\"description\":\"\",\"potentialAction\":[{\"@type\":\"SearchAction\",\"target\":{\"@type\":\"EntryPoint\",\"urlTemplate\":\"https:\/\/yonglibeltingvietnam.com\/?s={search_term_string}\"},\"query-input\":\"required name=search_term_string\"}],\"inLanguage\":\"zh-Hans\"}]}<\/script>\n<!-- \/ Yoast SEO Premium plugin. -->","yoast_head_json":{"title":"D\u1ecbch v\u1ee5 - YONGLI BELTING VIETNAM - B\u0102NG T\u1ea2I YONGLI T\u1ea0I VI\u1ec6T NAM","robots":{"index":"index","follow":"follow","max-snippet":"max-snippet:-1","max-image-preview":"max-image-preview:large","max-video-preview":"max-video-preview:-1"},"canonical":"https:\/\/yonglibeltingvietnam.com\/zh\/dich-vu\/","og_locale":"zh_CN","og_type":"article","og_title":"D\u1ecbch v\u1ee5","og_description":"{&#8220;cpt&#8221;:&#8221;service&#8221;,&#8221;style&#8221;:&#8221;1&#8243;,&#8221;columns&#8221;:&#8221;3&#8243;,&#8221;show&#8221;:9,&#8221;order&#8221;:&#8221;DESC&#8221;,&#8221;orderby&#8221;:&#8221;DESC&#8221;} Gia c\u00f4ng b\u0103ng t\u1ea3i theo y\u00eau c\u1ea7u Ch\u00fang t\u00f4i cung c\u1ea5p c\u00e1c gi\u1ea3i ph\u00e1p k\u1ebft n\u1ed1i b\u0103ng t\u1ea3i chuy\u00ean nghi\u1ec7p, bao g\u1ed3m: N\u1ed1i n\u00f3ng (\u00e9p nhi\u1ec7t) Xem Th\u00eam D\u00e1n g\u00e2n &#038; b\u00e8o b\u0103ng t\u1ea3i Ch\u00fang t\u00f4i cung c\u1ea5p c\u00e1c gi\u1ea3i ph\u00e1p k\u1ebft n\u1ed1i b\u0103ng t\u1ea3i chuy\u00ean nghi\u1ec7p, bao g\u1ed3m: N\u1ed1i n\u00f3ng (\u00e9p nhi\u1ec7t) Xem Th\u00eam N\u1ed1i \u0111\u1ea7u t\u1ea1i ch\u1ed7 Ch\u00fang t\u00f4i cung c\u1ea5p c\u00e1c gi\u1ea3i ph\u00e1p k\u1ebft n\u1ed1i b\u0103ng[&hellip;]","og_url":"https:\/\/yonglibeltingvietnam.com\/zh\/dich-vu\/","og_site_name":"YONGLI BELTING VIETNAM - B\u0102NG T\u1ea2I YONGLI T\u1ea0I VI\u1ec6T NAM","article_modified_time":"2025-08-11T09:35:16+00:00","og_image":[{"url":"https:\/\/yonglibeltingvietnam.com\/wp-content\/uploads\/2020\/06\/bang-tai-cnc-vina.jpg"}],"twitter_card":"summary_large_image","twitter_misc":{"\u9884\u8ba1\u9605\u8bfb\u65f6\u95f4":"1 \u5206"},"schema":{"@context":"https:\/\/schema.org","@graph":[{"@type":"WebPage","@id":"https:\/\/yonglibeltingvietnam.com\/dich-vu\/","url":"https:\/\/yonglibeltingvietnam.com\/dich-vu\/","name":"D\u1ecbch v\u1ee5 - YONGLI BELTING VIETNAM - B\u0102NG T\u1ea2I YONGLI T\u1ea0I VI\u1ec6T NAM","isPartOf":{"@id":"https:\/\/yonglibeltingvietnam.com\/#website"},"datePublished":"2020-08-12T05:16:40+00:00","dateModified":"2025-08-11T09:35:16+00:00","breadcrumb":{"@id":"https:\/\/yonglibeltingvietnam.com\/dich-vu\/#breadcrumb"},"inLanguage":"zh-Hans","potentialAction":[{"@type":"ReadAction","target":["https:\/\/yonglibeltingvietnam.com\/dich-vu\/"]}]},{"@type":"BreadcrumbList","@id":"https:\/\/yonglibeltingvietnam.com\/dich-vu\/#breadcrumb","itemListElement":[{"@type":"ListItem","position":1,"name":"Home","item":"https:\/\/yonglibeltingvietnam.com\/"},{"@type":"ListItem","position":2,"name":"D\u1ecbch v\u1ee5"}]},{"@type":"WebSite","@id":"https:\/\/yonglibeltingvietnam.com\/#website","url":"https:\/\/yonglibeltingvietnam.com\/","name":"YONGLI BELTING VIETNAM - B\u0102NG T\u1ea2I YONGLI T\u1ea0I VI\u1ec6T NAM","description":"","potentialAction":[{"@type":"SearchAction","target":{"@type":"EntryPoint","urlTemplate":"https:\/\/yonglibeltingvietnam.com\/?s={search_term_string}"},"query-input":"required name=search_term_string"}],"inLanguage":"zh-Hans"}]}},"_links":{"self":[{"href":"https:\/\/yonglibeltingvietnam.com\/zh\/wp-json\/wp\/v2\/pages\/55","targetHints":{"allow":["GET"]}}],"collection":[{"href":"https:\/\/yonglibeltingvietnam.com\/zh\/wp-json\/wp\/v2\/pages"}],"about":[{"href":"https:\/\/yonglibeltingvietnam.com\/zh\/wp-json\/wp\/v2\/types\/page"}],"author":[{"embeddable":true,"href":"https:\/\/yonglibeltingvietnam.com\/zh\/wp-json\/wp\/v2\/users\/1"}],"replies":[{"embeddable":true,"href":"https:\/\/yonglibeltingvietnam.com\/zh\/wp-json\/wp\/v2\/comments?post=55"}],"version-history":[{"count":4,"href":"https:\/\/yonglibeltingvietnam.com\/zh\/wp-json\/wp\/v2\/pages\/55\/revisions"}],"predecessor-version":[{"id":1370,"href":"https:\/\/yonglibeltingvietnam.com\/zh\/wp-json\/wp\/v2\/pages\/55\/revisions\/1370"}],"wp:attachment":[{"href":"https:\/\/yonglibeltingvietnam.com\/zh\/wp-json\/wp\/v2\/media?parent=55"}],"curies":[{"name":"wp","href":"https:\/\/api.w.org\/{rel}","templated":true}]}}