{"id":59,"date":"2020-06-05T06:07:07","date_gmt":"2020-06-05T06:07:07","guid":{"rendered":"http:\/\/industrey-demo.pbminfotech.com\/demo1\/?page_id=12952"},"modified":"2025-08-15T17:09:03","modified_gmt":"2025-08-15T10:09:03","slug":"tin-tuc","status":"publish","type":"page","link":"https:\/\/yonglibeltingvietnam.com\/zh\/tin-tuc\/","title":{"rendered":"\u6d88\u606f"},"content":{"rendered":"<div style=\"margin-top: 0px; margin-bottom: 0px;\" class=\"sharethis-inline-share-buttons\" ><\/div>\t\t<div data-elementor-type=\"wp-page\" data-elementor-id=\"59\" class=\"elementor elementor-59\" data-elementor-post-type=\"page\">\n\t\t\t\t\t\t<div class=\"elementor-section elementor-top-section elementor-element elementor-element-d937f83 tstk-col-stretched-none tstk-bg-color-over-image elementor-section-boxed elementor-section-height-default elementor-section-height-default\" data-id=\"d937f83\" data-element_type=\"section\">\n\t\t\t\t\t\t<div class=\"elementor-container elementor-column-gap-no\">\n\t\t\t\t\t<div class=\"elementor-column elementor-col-100 elementor-top-column elementor-element elementor-element-e7d17d3 tstk-bg-color-over-image\" data-id=\"e7d17d3\" data-element_type=\"column\">\n\t\t\t<div class=\"elementor-widget-wrap elementor-element-populated\">\n\t\t\t\t\t\t<div class=\"elementor-element elementor-element-8921a16 tstk-align-left elementor-widget elementor-widget-tstk_blog_element\" data-id=\"8921a16\" data-element_type=\"widget\" data-widget_type=\"tstk_blog_element.default\">\n\t\t\t\t<div class=\"elementor-widget-container\">\n\t\t\t\t\t\r\n\t\t<div class=\"themestek-element themestek-element-blog tstk-element-blog-style-1 themestek-element-viewtype-row-column themestek-gap-30px tstk-infinite-scroll-no tstk-infinite-scroll-button-no\" data-cpt=\"blog\" data-totalpagination=\"1\" data-style=\"1\" data-show=\"9\" data-columns=\"3\" data-loop=\"false\" data-autoplay=\"false\" data-center=\"false\" data-nav=\"false\" data-dots=\"false\" data-autoplayspeed=\"1000\" data-lasthalf=\"false\" data-margin=\"30px\"><div class=\"themestek-element-inner\"><div class=\"tstk-infinite-scroll-data\">{\u201ccpt\u201d\uff1a\u201c\u535a\u5ba2\u201d\uff0c\u201cstyle\u201d\uff1a\u201c1\u201d\uff0c\u201ccolumns\u201d\uff1a\u201c3\u201d\uff0c\u201cshow\u201d\uff1a\u201c9\u201d\uff0c\u201corder\u201d\uff1a\u201cDESC\u201d\uff0c\u201corderby\u201d\uff1a\u201cDESC\u201d}<\/div>\t\t\t\t<div class=\"tstk-ele-header-area\">\r\n\t\t\t\t\t\t<div class=\"tstk-heading-subheading left-align\"><\/div>\r\n\t\t\t\t\t\t\t\t\t<\/div>\r\n\r\n\t\t\t<div class=\"tstk-element-posts-wrapper row multi-columns-row\">\r\n\r\n\t\t\t<article class=\"tstk-ele tstk-ele-blog tstk-blog-style-1 col-md-4 tin-tuc tstk-term-1 tstk-odd tstk-col-odd\"><div class=\"post-item\">\r\n\t<div class=\"tstk-featured-container\">\t\t\r\n\t\t<div class=\"tstk-featured-wrapper\"><a href=\"https:\/\/yonglibeltingvietnam.com\/zh\/bang-tai-pvc-va-pu-khac-biet-ung-dung-va-cach-chon-dung-cho-nganh-san-xuat\/\"><img fetchpriority=\"high\" decoding=\"async\" width=\"770\" height=\"550\" src=\"https:\/\/yonglibeltingvietnam.com\/wp-content\/uploads\/2025\/09\/Frame-194-770x550.jpg\" class=\"attachment-tstk-img-770x550 size-tstk-img-770x550 wp-post-image\" alt=\"\" srcset=\"https:\/\/yonglibeltingvietnam.com\/wp-content\/uploads\/2025\/09\/Frame-194-770x550.jpg 770w, https:\/\/yonglibeltingvietnam.com\/wp-content\/uploads\/2025\/09\/Frame-194-18x12.jpg 18w\" sizes=\"(max-width: 770px) 100vw, 770px\" \/><\/a><\/div>\t\r\n\t\t<div class=\"tstk-meta-date-wrapper\">\t\t\t\t\t\r\n\t\t\t<span>18 9 \u6708 2025<\/span> \r\n\t\t<\/div>\t\t\r\n\t<\/div>\r\n\t<div class=\"themestek-box-content\">\t\r\n\t\t<div class=\"tstk-meta-container\">\r\n\t\t\t<div class=\"tstk-meta-author-wrapper tstk-meta-line\">\t\t\t\t\t\r\n\t\t\t\t<a href=\"https:\/\/yonglibeltingvietnam.com\/zh\/author\/admin\/\" title=\"Posted admin\" rel=\"author\"> admin<\/a>\r\n\t\t\t<\/div>\t\r\n\t\t\t<div class=\"tstk-meta-comment-wrapper tstk-meta-line\">\t\t\t\t\t\r\n\t\t\t\t<div class=\"tstk-meta-category\">\r\n\t\t\t\t\t\t\r\n\t\t\t\t<\/div>\t\r\n\t\t\t<\/div> \r\n\t\t<\/div>\r\n\t\t<h3 class=\"tstk-post-title\"><a href=\"https:\/\/yonglibeltingvietnam.com\/zh\/bang-tai-pvc-va-pu-khac-biet-ung-dung-va-cach-chon-dung-cho-nganh-san-xuat\/\">B\u0103ng t\u1ea3i PVC v\u00e0 PU: Kh\u00e1c bi\u1ec7t, \u1ee9ng d\u1ee5ng v\u00e0 c\u00e1ch ch\u1ecdn \u0111\u00fang cho ng\u00e0nh s\u1ea3n xu\u1ea5t.<\/a><\/h3>\r\n\t\t<div class=\"themestek-box-desc\">\r\n\t\t\tTrong nhi\u1ec1u ng\u00e0nh s\u1ea3n xu\u1ea5t hi\u1ec7n nay, vi\u1ec7c l\u1ef1a ch\u1ecdn h\u1ec7 th\u1ed1ng b\u0103ng t\u1ea3i c\u00f4ng nghi\u1ec7p ph\u00f9 h\u1ee3p \u0111\u00f3ng vai tr\u00f2 quan tr\u1ecdng \u0111\u1ec3 t\u1ed1i \u01b0u hi\u1ec7u qu\u1ea3. V\u1eady b\u0103ng&hellip;\t\t\r\n\t\t<\/div>\r\n\t<\/div>\r\n<\/div><\/article><article class=\"tstk-ele tstk-ele-blog tstk-blog-style-1 col-md-4 tin-tuc tstk-term-1 tstk-even tstk-col-odd\"><div class=\"post-item\">\r\n\t<div class=\"tstk-featured-container\">\t\t\r\n\t\t<div class=\"tstk-featured-wrapper\"><a href=\"https:\/\/yonglibeltingvietnam.com\/zh\/thep-hien-dai-cho-hon-hop-thiet-bi-va-xay-dung-lap-day\/\"><img decoding=\"async\" width=\"770\" height=\"550\" src=\"https:\/\/yonglibeltingvietnam.com\/wp-content\/uploads\/2021\/06\/Treadmill-770x550.jpg\" class=\"attachment-tstk-img-770x550 size-tstk-img-770x550 wp-post-image\" alt=\"\" \/><\/a><\/div>\t\r\n\t\t<div class=\"tstk-meta-date-wrapper\">\t\t\t\t\t\r\n\t\t\t<span>2025\u5e745\u670818\u65e5<\/span> \r\n\t\t<\/div>\t\t\r\n\t<\/div>\r\n\t<div class=\"themestek-box-content\">\t\r\n\t\t<div class=\"tstk-meta-container\">\r\n\t\t\t<div class=\"tstk-meta-author-wrapper tstk-meta-line\">\t\t\t\t\t\r\n\t\t\t\t<a href=\"https:\/\/yonglibeltingvietnam.com\/zh\/author\/admin\/\" title=\"Posted admin\" rel=\"author\"> admin<\/a>\r\n\t\t\t<\/div>\t\r\n\t\t\t<div class=\"tstk-meta-comment-wrapper tstk-meta-line\">\t\t\t\t\t\r\n\t\t\t\t<div class=\"tstk-meta-category\">\r\n\t\t\t\t\t\t\r\n\t\t\t\t<\/div>\t\r\n\t\t\t<\/div> \r\n\t\t<\/div>\r\n\t\t<h3 class=\"tstk-post-title\"><a href=\"https:\/\/yonglibeltingvietnam.com\/zh\/thep-hien-dai-cho-hon-hop-thiet-bi-va-xay-dung-lap-day\/\">\u8dd1\u6b65\u673a\u76ae\u5e26\u8282\u80fd\u4e14\u514d\u7ef4\u62a4<\/a><\/h3>\r\n\t\t<div class=\"themestek-box-desc\">\r\n\t\t\t\u6c38\u5229\u5728\u8dd1\u6b65\u673a\u8dd1\u5e26\u6280\u672f\u65b9\u9762\u53d6\u5f97\u4e86\u91cd\u5927\u6539\u8fdb\uff0c\u4f7f\u5176\u66f4\u52a0\u8282\u80fd\uff0c\u4f7f\u7528\u4e5f\u66f4\u52a0\u4fbf\u6377\u3002\u5f97\u76ca\u4e8e\u2026\u2026\t\t\r\n\t\t<\/div>\r\n\t<\/div>\r\n<\/div><\/article><article class=\"tstk-ele tstk-ele-blog tstk-blog-style-1 col-md-4 tin-tuc tstk-term-1 tstk-odd tstk-col-odd\"><div class=\"post-item\">\r\n\t<div class=\"tstk-featured-container\">\t\t\r\n\t\t<div class=\"tstk-featured-wrapper\"><a href=\"https:\/\/yonglibeltingvietnam.com\/zh\/chung-toi-cung-cap-he-thong-quan-ly-va-giam-sat-tai-san\/\"><img decoding=\"async\" width=\"770\" height=\"550\" src=\"https:\/\/yonglibeltingvietnam.com\/wp-content\/uploads\/2021\/06\/Z-_-shutterstock_792336616-770x550.jpg\" class=\"attachment-tstk-img-770x550 size-tstk-img-770x550 wp-post-image\" alt=\"\" \/><\/a><\/div>\t\r\n\t\t<div class=\"tstk-meta-date-wrapper\">\t\t\t\t\t\r\n\t\t\t<span>2025\u5e745\u670818\u65e5<\/span> \r\n\t\t<\/div>\t\t\r\n\t<\/div>\r\n\t<div class=\"themestek-box-content\">\t\r\n\t\t<div class=\"tstk-meta-container\">\r\n\t\t\t<div class=\"tstk-meta-author-wrapper tstk-meta-line\">\t\t\t\t\t\r\n\t\t\t\t<a href=\"https:\/\/yonglibeltingvietnam.com\/zh\/author\/admin\/\" title=\"Posted admin\" rel=\"author\"> admin<\/a>\r\n\t\t\t<\/div>\t\r\n\t\t\t<div class=\"tstk-meta-comment-wrapper tstk-meta-line\">\t\t\t\t\t\r\n\t\t\t\t<div class=\"tstk-meta-category\">\r\n\t\t\t\t\t\t\r\n\t\t\t\t<\/div>\t\r\n\t\t\t<\/div> \r\n\t\t<\/div>\r\n\t\t<h3 class=\"tstk-post-title\"><a href=\"https:\/\/yonglibeltingvietnam.com\/zh\/chung-toi-cung-cap-he-thong-quan-ly-va-giam-sat-tai-san\/\">\u4f7f\u7528\u6c38\u5229\u98df\u54c1\u8f93\u9001\u673a\u63d0\u9ad8\u98df\u54c1\u751f\u4ea7\u6548\u7387<\/a><\/h3>\r\n\t\t<div class=\"themestek-box-desc\">\r\n\t\t\t\u5728\u98df\u54c1\u751f\u4ea7\u4e2d\uff0c\u536b\u751f\u548c\u5b89\u5168\u81f3\u5173\u91cd\u8981\u3002\u6c38\u5229\u7684\u98df\u54c1\u8f93\u9001\u673a\uff0c\u5305\u62ec\u2026\u2026\t\t\r\n\t\t<\/div>\r\n\t<\/div>\r\n<\/div><\/article><article class=\"tstk-ele tstk-ele-blog tstk-blog-style-1 col-md-4 tin-tuc tstk-term-1 tstk-even tstk-col-even\"><div class=\"post-item\">\r\n\t<div class=\"tstk-featured-container\">\t\t\r\n\t\t<div class=\"tstk-featured-wrapper\"><a href=\"https:\/\/yonglibeltingvietnam.com\/zh\/nhan-cac-giai-phap-tot-nhat-cho-cong-viec-he-thong-nang-luong-gio\/\"><img loading=\"lazy\" decoding=\"async\" width=\"770\" height=\"550\" src=\"https:\/\/yonglibeltingvietnam.com\/wp-content\/uploads\/2025\/05\/shutterstock_709590691-small-770x550.jpg\" class=\"attachment-tstk-img-770x550 size-tstk-img-770x550 wp-post-image\" alt=\"\" \/><\/a><\/div>\t\r\n\t\t<div class=\"tstk-meta-date-wrapper\">\t\t\t\t\t\r\n\t\t\t<span>2025\u5e745\u670810\u65e5<\/span> \r\n\t\t<\/div>\t\t\r\n\t<\/div>\r\n\t<div class=\"themestek-box-content\">\t\r\n\t\t<div class=\"tstk-meta-container\">\r\n\t\t\t<div class=\"tstk-meta-author-wrapper tstk-meta-line\">\t\t\t\t\t\r\n\t\t\t\t<a href=\"https:\/\/yonglibeltingvietnam.com\/zh\/author\/admin\/\" title=\"Posted admin\" rel=\"author\"> admin<\/a>\r\n\t\t\t<\/div>\t\r\n\t\t\t<div class=\"tstk-meta-comment-wrapper tstk-meta-line\">\t\t\t\t\t\r\n\t\t\t\t<div class=\"tstk-meta-category\">\r\n\t\t\t\t\t\t\r\n\t\t\t\t<\/div>\t\r\n\t\t\t<\/div> \r\n\t\t<\/div>\r\n\t\t<h3 class=\"tstk-post-title\"><a href=\"https:\/\/yonglibeltingvietnam.com\/zh\/nhan-cac-giai-phap-tot-nhat-cho-cong-viec-he-thong-nang-luong-gio\/\">\u7eba\u7ec7\u5370\u82b1\u884c\u4e1a\u7684\u521b\u65b0\u8f93\u9001\u89e3\u51b3\u65b9\u6848<\/a><\/h3>\r\n\t\t<div class=\"themestek-box-desc\">\r\n\t\t\tTrong in v\u1ea3i, \u0111\u1ec3 \u0111\u1ea1t \u0111\u01b0\u1ee3c c\u00e1c thi\u1ebft k\u1ebf ch\u1ea5t l\u01b0\u1ee3ng cao v\u1edbi b\u1ea3n in b\u1ec1n l\u00e2u \u0111\u00f2i h\u1ecfi m\u00e1y m\u00f3c \u1ed5n \u0111\u1ecbnh, \u0111\u00e1ng tin c\u1eady. Cho d\u00f9 l\u00e0 in&hellip;\t\t\r\n\t\t<\/div>\r\n\t<\/div>\r\n<\/div><\/article>\r\n\t\t\t<\/div> <!-- .tstk-element-posts-wrapper -->\r\n\r\n\t\t\t\r\n\t\t\r\n\t\t\r\n\t\t<\/div><!-- .themestek-element-inner -->   <\/div><!-- .themestek-element -->  \r\n\t    \t\t\t\t<\/div>\n\t\t\t\t<\/div>\n\t\t\t\t\t<\/div>\n\t\t<\/div>\n\t\t\t\t\t<\/div>\n\t\t<\/div>\n\t\t\t\t<\/div>","protected":false},"excerpt":{"rendered":"<p>{&#8220;cpt&#8221;:&#8221;blog&#8221;,&#8221;style&#8221;:&#8221;1&#8243;,&#8221;columns&#8221;:&#8221;3&#8243;,&#8221;show&#8221;:9,&#8221;order&#8221;:&#8221;DESC&#8221;,&#8221;orderby&#8221;:&#8221;DESC&#8221;} 18 Th5 2025 admin D\u00e2y \u0111ai m\u00e1y ch\u1ea1y b\u1ed9 ti\u1ebft ki\u1ec7m n\u0103ng l\u01b0\u1ee3ng v\u00e0 kh\u00f4ng c\u1ea7n b\u1ea3o tr\u00ec YONGLI \u0111\u00e3 c\u00f3 nh\u1eefng c\u1ea3i ti\u1ebfn l\u1edbn trong c\u00f4ng ngh\u1ec7 b\u0103ng t\u1ea3i m\u00e1y ch\u1ea1y b\u1ed9, gi\u00fap ch\u00fang ti\u1ebft ki\u1ec7m n\u0103ng l\u01b0\u1ee3ng h\u01a1n v\u00e0 d\u1ec5 s\u1eed d\u1ee5ng h\u01a1n. Nh\u1edd c\u00e1c ph\u01b0\u01a1ng&hellip; 18 Th5 2025 admin N\u00e2ng cao hi\u1ec7u qu\u1ea3 s\u1ea3n xu\u1ea5t th\u1ef1c ph\u1ea9m v\u1edbi b\u0103ng t\u1ea3i th\u1ef1c ph\u1ea9m YONGLI Trong s\u1ea3n xu\u1ea5t[&hellip;]<\/p>","protected":false},"author":1,"featured_media":0,"parent":0,"menu_order":13,"comment_status":"closed","ping_status":"closed","template":"","meta":{"_acf_changed":false,"footnotes":""},"class_list":["post-59","page","type-page","status-publish","hentry"],"acf":[],"yoast_head":"<!-- This site is optimized with the Yoast SEO Premium plugin v20.9 (Yoast SEO v20.9) - https:\/\/yoast.com\/wordpress\/plugins\/seo\/ -->\n<title>Tin t\u1ee9c - YONGLI BELTING VIETNAM - B\u0102NG T\u1ea2I YONGLI T\u1ea0I VI\u1ec6T NAM<\/title>\n<meta name=\"robots\" content=\"index, follow, max-snippet:-1, max-image-preview:large, max-video-preview:-1\" \/>\n<link rel=\"canonical\" href=\"https:\/\/yonglibeltingvietnam.com\/zh\/tin-tuc\/\" \/>\n<meta property=\"og:locale\" content=\"zh_CN\" \/>\n<meta property=\"og:type\" content=\"article\" \/>\n<meta property=\"og:title\" content=\"Tin t\u1ee9c\" \/>\n<meta property=\"og:description\" content=\"{&#8220;cpt&#8221;:&#8221;blog&#8221;,&#8221;style&#8221;:&#8221;1&#8243;,&#8221;columns&#8221;:&#8221;3&#8243;,&#8221;show&#8221;:9,&#8221;order&#8221;:&#8221;DESC&#8221;,&#8221;orderby&#8221;:&#8221;DESC&#8221;} 18 Th5 2025 admin D\u00e2y \u0111ai m\u00e1y ch\u1ea1y b\u1ed9 ti\u1ebft ki\u1ec7m n\u0103ng l\u01b0\u1ee3ng v\u00e0 kh\u00f4ng c\u1ea7n b\u1ea3o tr\u00ec YONGLI \u0111\u00e3 c\u00f3 nh\u1eefng c\u1ea3i ti\u1ebfn l\u1edbn trong c\u00f4ng ngh\u1ec7 b\u0103ng t\u1ea3i m\u00e1y ch\u1ea1y b\u1ed9, gi\u00fap ch\u00fang ti\u1ebft ki\u1ec7m n\u0103ng l\u01b0\u1ee3ng h\u01a1n v\u00e0 d\u1ec5 s\u1eed d\u1ee5ng h\u01a1n. Nh\u1edd c\u00e1c ph\u01b0\u01a1ng&hellip; 18 Th5 2025 admin N\u00e2ng cao hi\u1ec7u qu\u1ea3 s\u1ea3n xu\u1ea5t th\u1ef1c ph\u1ea9m v\u1edbi b\u0103ng t\u1ea3i th\u1ef1c ph\u1ea9m YONGLI Trong s\u1ea3n xu\u1ea5t[&hellip;]\" \/>\n<meta property=\"og:url\" content=\"https:\/\/yonglibeltingvietnam.com\/zh\/tin-tuc\/\" \/>\n<meta property=\"og:site_name\" content=\"YONGLI BELTING VIETNAM - B\u0102NG T\u1ea2I YONGLI T\u1ea0I VI\u1ec6T NAM\" \/>\n<meta property=\"article:modified_time\" content=\"2025-08-15T10:09:03+00:00\" \/>\n<meta property=\"og:image\" content=\"https:\/\/yonglibeltingvietnam.com\/wp-content\/uploads\/2021\/06\/Treadmill-770x550.jpg\" \/>\n<meta name=\"twitter:card\" content=\"summary_large_image\" \/>\n<meta name=\"twitter:label1\" content=\"\u9884\u8ba1\u9605\u8bfb\u65f6\u95f4\" \/>\n\t<meta name=\"twitter:data1\" content=\"2 \u5206\" \/>\n<script type=\"application\/ld+json\" class=\"yoast-schema-graph\">{\"@context\":\"https:\/\/schema.org\",\"@graph\":[{\"@type\":\"WebPage\",\"@id\":\"https:\/\/yonglibeltingvietnam.com\/tin-tuc\/\",\"url\":\"https:\/\/yonglibeltingvietnam.com\/tin-tuc\/\",\"name\":\"Tin t\u1ee9c - YONGLI BELTING VIETNAM - B\u0102NG T\u1ea2I YONGLI T\u1ea0I VI\u1ec6T NAM\",\"isPartOf\":{\"@id\":\"https:\/\/yonglibeltingvietnam.com\/#website\"},\"datePublished\":\"2020-06-05T06:07:07+00:00\",\"dateModified\":\"2025-08-15T10:09:03+00:00\",\"breadcrumb\":{\"@id\":\"https:\/\/yonglibeltingvietnam.com\/tin-tuc\/#breadcrumb\"},\"inLanguage\":\"zh-Hans\",\"potentialAction\":[{\"@type\":\"ReadAction\",\"target\":[\"https:\/\/yonglibeltingvietnam.com\/tin-tuc\/\"]}]},{\"@type\":\"BreadcrumbList\",\"@id\":\"https:\/\/yonglibeltingvietnam.com\/tin-tuc\/#breadcrumb\",\"itemListElement\":[{\"@type\":\"ListItem\",\"position\":1,\"name\":\"Home\",\"item\":\"https:\/\/yonglibeltingvietnam.com\/\"},{\"@type\":\"ListItem\",\"position\":2,\"name\":\"Tin t\u1ee9c\"}]},{\"@type\":\"WebSite\",\"@id\":\"https:\/\/yonglibeltingvietnam.com\/#website\",\"url\":\"https:\/\/yonglibeltingvietnam.com\/\",\"name\":\"YONGLI BELTING VIETNAM - B\u0102NG T\u1ea2I YONGLI T\u1ea0I VI\u1ec6T NAM\",\"description\":\"\",\"potentialAction\":[{\"@type\":\"SearchAction\",\"target\":{\"@type\":\"EntryPoint\",\"urlTemplate\":\"https:\/\/yonglibeltingvietnam.com\/?s={search_term_string}\"},\"query-input\":\"required name=search_term_string\"}],\"inLanguage\":\"zh-Hans\"}]}<\/script>\n<!-- \/ Yoast SEO Premium plugin. -->","yoast_head_json":{"title":"Tin t\u1ee9c - YONGLI BELTING VIETNAM - B\u0102NG T\u1ea2I YONGLI T\u1ea0I VI\u1ec6T NAM","robots":{"index":"index","follow":"follow","max-snippet":"max-snippet:-1","max-image-preview":"max-image-preview:large","max-video-preview":"max-video-preview:-1"},"canonical":"https:\/\/yonglibeltingvietnam.com\/zh\/tin-tuc\/","og_locale":"zh_CN","og_type":"article","og_title":"Tin t\u1ee9c","og_description":"{&#8220;cpt&#8221;:&#8221;blog&#8221;,&#8221;style&#8221;:&#8221;1&#8243;,&#8221;columns&#8221;:&#8221;3&#8243;,&#8221;show&#8221;:9,&#8221;order&#8221;:&#8221;DESC&#8221;,&#8221;orderby&#8221;:&#8221;DESC&#8221;} 18 Th5 2025 admin D\u00e2y \u0111ai m\u00e1y ch\u1ea1y b\u1ed9 ti\u1ebft ki\u1ec7m n\u0103ng l\u01b0\u1ee3ng v\u00e0 kh\u00f4ng c\u1ea7n b\u1ea3o tr\u00ec YONGLI \u0111\u00e3 c\u00f3 nh\u1eefng c\u1ea3i ti\u1ebfn l\u1edbn trong c\u00f4ng ngh\u1ec7 b\u0103ng t\u1ea3i m\u00e1y ch\u1ea1y b\u1ed9, gi\u00fap ch\u00fang ti\u1ebft ki\u1ec7m n\u0103ng l\u01b0\u1ee3ng h\u01a1n v\u00e0 d\u1ec5 s\u1eed d\u1ee5ng h\u01a1n. Nh\u1edd c\u00e1c ph\u01b0\u01a1ng&hellip; 18 Th5 2025 admin N\u00e2ng cao hi\u1ec7u qu\u1ea3 s\u1ea3n xu\u1ea5t th\u1ef1c ph\u1ea9m v\u1edbi b\u0103ng t\u1ea3i th\u1ef1c ph\u1ea9m YONGLI Trong s\u1ea3n xu\u1ea5t[&hellip;]","og_url":"https:\/\/yonglibeltingvietnam.com\/zh\/tin-tuc\/","og_site_name":"YONGLI BELTING VIETNAM - B\u0102NG T\u1ea2I YONGLI T\u1ea0I VI\u1ec6T NAM","article_modified_time":"2025-08-15T10:09:03+00:00","og_image":[{"url":"https:\/\/yonglibeltingvietnam.com\/wp-content\/uploads\/2021\/06\/Treadmill-770x550.jpg"}],"twitter_card":"summary_large_image","twitter_misc":{"\u9884\u8ba1\u9605\u8bfb\u65f6\u95f4":"2 \u5206"},"schema":{"@context":"https:\/\/schema.org","@graph":[{"@type":"WebPage","@id":"https:\/\/yonglibeltingvietnam.com\/tin-tuc\/","url":"https:\/\/yonglibeltingvietnam.com\/tin-tuc\/","name":"Tin t\u1ee9c - YONGLI BELTING VIETNAM - B\u0102NG T\u1ea2I YONGLI T\u1ea0I VI\u1ec6T NAM","isPartOf":{"@id":"https:\/\/yonglibeltingvietnam.com\/#website"},"datePublished":"2020-06-05T06:07:07+00:00","dateModified":"2025-08-15T10:09:03+00:00","breadcrumb":{"@id":"https:\/\/yonglibeltingvietnam.com\/tin-tuc\/#breadcrumb"},"inLanguage":"zh-Hans","potentialAction":[{"@type":"ReadAction","target":["https:\/\/yonglibeltingvietnam.com\/tin-tuc\/"]}]},{"@type":"BreadcrumbList","@id":"https:\/\/yonglibeltingvietnam.com\/tin-tuc\/#breadcrumb","itemListElement":[{"@type":"ListItem","position":1,"name":"Home","item":"https:\/\/yonglibeltingvietnam.com\/"},{"@type":"ListItem","position":2,"name":"Tin t\u1ee9c"}]},{"@type":"WebSite","@id":"https:\/\/yonglibeltingvietnam.com\/#website","url":"https:\/\/yonglibeltingvietnam.com\/","name":"YONGLI BELTING VIETNAM - B\u0102NG T\u1ea2I YONGLI T\u1ea0I VI\u1ec6T NAM","description":"","potentialAction":[{"@type":"SearchAction","target":{"@type":"EntryPoint","urlTemplate":"https:\/\/yonglibeltingvietnam.com\/?s={search_term_string}"},"query-input":"required name=search_term_string"}],"inLanguage":"zh-Hans"}]}},"_links":{"self":[{"href":"https:\/\/yonglibeltingvietnam.com\/zh\/wp-json\/wp\/v2\/pages\/59","targetHints":{"allow":["GET"]}}],"collection":[{"href":"https:\/\/yonglibeltingvietnam.com\/zh\/wp-json\/wp\/v2\/pages"}],"about":[{"href":"https:\/\/yonglibeltingvietnam.com\/zh\/wp-json\/wp\/v2\/types\/page"}],"author":[{"embeddable":true,"href":"https:\/\/yonglibeltingvietnam.com\/zh\/wp-json\/wp\/v2\/users\/1"}],"replies":[{"embeddable":true,"href":"https:\/\/yonglibeltingvietnam.com\/zh\/wp-json\/wp\/v2\/comments?post=59"}],"version-history":[{"count":4,"href":"https:\/\/yonglibeltingvietnam.com\/zh\/wp-json\/wp\/v2\/pages\/59\/revisions"}],"predecessor-version":[{"id":1446,"href":"https:\/\/yonglibeltingvietnam.com\/zh\/wp-json\/wp\/v2\/pages\/59\/revisions\/1446"}],"wp:attachment":[{"href":"https:\/\/yonglibeltingvietnam.com\/zh\/wp-json\/wp\/v2\/media?parent=59"}],"curies":[{"name":"wp","href":"https:\/\/api.w.org\/{rel}","templated":true}]}}