{"id":744,"date":"2025-06-17T14:52:54","date_gmt":"2025-06-17T07:52:54","guid":{"rendered":"https:\/\/yongli.123websitedev.com\/?post_type=product&#038;p=744"},"modified":"2025-07-22T16:12:00","modified_gmt":"2025-07-22T09:12:00","slug":"day-dai-san-xuat","status":"publish","type":"product","link":"https:\/\/yonglibeltingvietnam.com\/zh\/product\/day-dai-san-xuat\/","title":{"rendered":"D\u00c2Y \u0110AI TRUY\u1ec0N \u0110\u1ed8NG"},"content":{"rendered":"<p>D\u00e2y curoa truy\u1ec1n \u0111\u1ed9ng \u0111\u01b0\u1ee3c s\u1eed d\u1ee5ng trong nhi\u1ec1u ng\u00e0nh c\u00f4ng nghi\u1ec7p kh\u00e1c nhau nh\u01b0 h\u1eadu c\u1ea7n, g\u1ed7 v\u00e0 bao b\u00ec. V\u1edbi nhi\u1ec1u ph\u01b0\u01a1ng ph\u00e1p \u1ee9ng d\u1ee5ng kh\u00e1c nhau, YONGLI cung c\u1ea5p \u0111a d\u1ea1ng c\u00e1c lo\u1ea1i\u00a0d\u00e2y curoa truy\u1ec1n \u0111\u1ed9ng c\u00f3 th\u1ec3 \u0111\u01b0\u1ee3c s\u1ea3n xu\u1ea5t theo y\u00eau c\u1ea7u c\u1ee5 th\u1ec3 c\u1ee7a kh\u00e1ch h\u00e0ng.<\/p>\n<p>Nh\u00ecn chung, d\u00e2y \u0111ai truy\u1ec1n \u0111\u1ed9ng c\u00f3 th\u1ec3 \u0111\u01b0\u1ee3c chia th\u00e0nh ba lo\u1ea1i:<\/p>\n<ul>\n<li>D\u00e2y \u0111ai truy\u1ec1n \u0111\u1ed9ng l\u00f5i Polyamide (Nylon)<\/li>\n<li>D\u00e2y \u0111ai truy\u1ec1n \u0111\u1ed9ng l\u00f5i Polyester<\/li>\n<li>D\u00e2y \u0111ai truy\u1ec1n \u0111\u1ed9ng l\u00f5i Aramide<\/li>\n<\/ul>","protected":false},"excerpt":{"rendered":"<p>D\u00e2y curoa truy\u1ec1n \u0111\u1ed9ng \u0111\u01b0\u1ee3c s\u1eed d\u1ee5ng trong nhi\u1ec1u ng\u00e0nh c\u00f4ng nghi\u1ec7p kh\u00e1c nhau nh\u01b0 h\u1eadu c\u1ea7n, g\u1ed7 v\u00e0 bao b\u00ec. V\u1edbi nhi\u1ec1u ph\u01b0\u01a1ng ph\u00e1p \u1ee9ng d\u1ee5ng kh\u00e1c nhau, YONGLI cung c\u1ea5p \u0111a d\u1ea1ng c\u00e1c lo\u1ea1i\u00a0d\u00e2y curoa truy\u1ec1n \u0111\u1ed9ng c\u00f3 th\u1ec3 \u0111\u01b0\u1ee3c s\u1ea3n xu\u1ea5t theo y\u00eau c\u1ea7u c\u1ee5 th\u1ec3 c\u1ee7a kh\u00e1ch h\u00e0ng. Nh\u00ecn chung, d\u00e2y \u0111ai truy\u1ec1n \u0111\u1ed9ng c\u00f3 th\u1ec3 \u0111\u01b0\u1ee3c chia th\u00e0nh ba lo\u1ea1i: D\u00e2y \u0111ai truy\u1ec1n \u0111\u1ed9ng l\u00f5i[&hellip;]<\/p>","protected":false},"featured_media":606,"comment_status":"open","ping_status":"closed","template":"","meta":{"_acf_changed":false},"product_brand":[],"product_cat":[69,62],"product_tag":[],"class_list":{"0":"post-744","1":"product","2":"type-product","3":"status-publish","4":"has-post-thumbnail","6":"product_cat-bang-tai","7":"product_cat-pvc","9":"first","10":"instock","11":"shipping-taxable","12":"product-type-simple"},"acf":[],"yoast_head":"<!-- This site is optimized with the Yoast SEO Premium plugin v20.9 (Yoast SEO v20.9) - https:\/\/yoast.com\/wordpress\/plugins\/seo\/ -->\n<title>D\u00c2Y \u0110AI TRUY\u1ec0N \u0110\u1ed8NG - YONGLI BELTING VIETNAM - B\u0102NG T\u1ea2I YONGLI T\u1ea0I VI\u1ec6T NAM<\/title>\n<meta name=\"description\" content=\"D\u00e2y curoa truy\u1ec1n \u0111\u1ed9ng \u0111\u01b0\u1ee3c s\u1eed d\u1ee5ng trong nhi\u1ec1u ng\u00e0nh c\u00f4ng nghi\u1ec7p kh\u00e1c nhau nh\u01b0 h\u1eadu c\u1ea7n, g\u1ed7 v\u00e0 bao b\u00ec. V\u1edbi nhi\u1ec1u ph\u01b0\u01a1ng ph\u00e1p \u1ee9ng d\u1ee5ng kh\u00e1c nhau, YONGLI cung c\u1ea5p \u0111a d\u1ea1ng c\u00e1c lo\u1ea1i d\u00e2y curoa truy\u1ec1n \u0111\u1ed9ng c\u00f3 th\u1ec3 \u0111\u01b0\u1ee3c s\u1ea3n xu\u1ea5t theo y\u00eau c\u1ea7u c\u1ee5 th\u1ec3 c\u1ee7a kh\u00e1ch h\u00e0ng.\" \/>\n<meta name=\"robots\" content=\"index, follow, max-snippet:-1, max-image-preview:large, max-video-preview:-1\" \/>\n<link rel=\"canonical\" href=\"https:\/\/yonglibeltingvietnam.com\/zh\/product\/day-dai-san-xuat\/\" \/>\n<meta property=\"og:locale\" content=\"zh_CN\" \/>\n<meta property=\"og:type\" content=\"article\" \/>\n<meta property=\"og:title\" content=\"D\u00c2Y \u0110AI TRUY\u1ec0N \u0110\u1ed8NG\" \/>\n<meta property=\"og:description\" content=\"D\u00e2y curoa truy\u1ec1n \u0111\u1ed9ng \u0111\u01b0\u1ee3c s\u1eed d\u1ee5ng trong nhi\u1ec1u ng\u00e0nh c\u00f4ng nghi\u1ec7p kh\u00e1c nhau nh\u01b0 h\u1eadu c\u1ea7n, g\u1ed7 v\u00e0 bao b\u00ec. V\u1edbi nhi\u1ec1u ph\u01b0\u01a1ng ph\u00e1p \u1ee9ng d\u1ee5ng kh\u00e1c nhau, YONGLI cung c\u1ea5p \u0111a d\u1ea1ng c\u00e1c lo\u1ea1i d\u00e2y curoa truy\u1ec1n \u0111\u1ed9ng c\u00f3 th\u1ec3 \u0111\u01b0\u1ee3c s\u1ea3n xu\u1ea5t theo y\u00eau c\u1ea7u c\u1ee5 th\u1ec3 c\u1ee7a kh\u00e1ch h\u00e0ng.\" \/>\n<meta property=\"og:url\" content=\"https:\/\/yonglibeltingvietnam.com\/zh\/product\/day-dai-san-xuat\/\" \/>\n<meta property=\"og:site_name\" content=\"YONGLI BELTING VIETNAM - B\u0102NG T\u1ea2I YONGLI T\u1ea0I VI\u1ec6T NAM\" \/>\n<meta property=\"article:modified_time\" content=\"2025-07-22T09:12:00+00:00\" \/>\n<meta property=\"og:image\" content=\"https:\/\/yonglibeltingvietnam.com\/wp-content\/uploads\/2025\/05\/Transmission-belts-small-1024x640.png\" \/>\n\t<meta property=\"og:image:width\" content=\"1024\" \/>\n\t<meta property=\"og:image:height\" content=\"640\" \/>\n\t<meta property=\"og:image:type\" content=\"image\/png\" \/>\n<meta name=\"twitter:card\" content=\"summary_large_image\" \/>\n<meta name=\"twitter:label1\" content=\"\u9884\u8ba1\u9605\u8bfb\u65f6\u95f4\" \/>\n\t<meta name=\"twitter:data1\" content=\"1 \u5206\" \/>\n<script type=\"application\/ld+json\" class=\"yoast-schema-graph\">{\"@context\":\"https:\/\/schema.org\",\"@graph\":[{\"@type\":\"WebPage\",\"@id\":\"https:\/\/yonglibeltingvietnam.com\/san-pham\/day-dai-san-xuat\/\",\"url\":\"https:\/\/yonglibeltingvietnam.com\/san-pham\/day-dai-san-xuat\/\",\"name\":\"D\u00c2Y \u0110AI TRUY\u1ec0N \u0110\u1ed8NG - YONGLI BELTING VIETNAM - B\u0102NG T\u1ea2I YONGLI T\u1ea0I VI\u1ec6T NAM\",\"isPartOf\":{\"@id\":\"https:\/\/yonglibeltingvietnam.com\/#website\"},\"datePublished\":\"2025-06-17T07:52:54+00:00\",\"dateModified\":\"2025-07-22T09:12:00+00:00\",\"description\":\"D\u00e2y curoa truy\u1ec1n \u0111\u1ed9ng \u0111\u01b0\u1ee3c s\u1eed d\u1ee5ng trong nhi\u1ec1u ng\u00e0nh c\u00f4ng nghi\u1ec7p kh\u00e1c nhau nh\u01b0 h\u1eadu c\u1ea7n, g\u1ed7 v\u00e0 bao b\u00ec. V\u1edbi nhi\u1ec1u ph\u01b0\u01a1ng ph\u00e1p \u1ee9ng d\u1ee5ng kh\u00e1c nhau, YONGLI cung c\u1ea5p \u0111a d\u1ea1ng c\u00e1c lo\u1ea1i d\u00e2y curoa truy\u1ec1n \u0111\u1ed9ng c\u00f3 th\u1ec3 \u0111\u01b0\u1ee3c s\u1ea3n xu\u1ea5t theo y\u00eau c\u1ea7u c\u1ee5 th\u1ec3 c\u1ee7a kh\u00e1ch h\u00e0ng.\",\"breadcrumb\":{\"@id\":\"https:\/\/yonglibeltingvietnam.com\/san-pham\/day-dai-san-xuat\/#breadcrumb\"},\"inLanguage\":\"zh-Hans\",\"potentialAction\":[{\"@type\":\"ReadAction\",\"target\":[\"https:\/\/yonglibeltingvietnam.com\/san-pham\/day-dai-san-xuat\/\"]}]},{\"@type\":\"BreadcrumbList\",\"@id\":\"https:\/\/yonglibeltingvietnam.com\/san-pham\/day-dai-san-xuat\/#breadcrumb\",\"itemListElement\":[{\"@type\":\"ListItem\",\"position\":1,\"name\":\"Home\",\"item\":\"https:\/\/yonglibeltingvietnam.com\/\"},{\"@type\":\"ListItem\",\"position\":2,\"name\":\"C\u1eeda h\u00e0ng\",\"item\":\"https:\/\/yonglibeltingvietnam.com\/cua-hang\/\"},{\"@type\":\"ListItem\",\"position\":3,\"name\":\"D\u00c2Y \u0110AI TRUY\u1ec0N \u0110\u1ed8NG\"}]},{\"@type\":\"WebSite\",\"@id\":\"https:\/\/yonglibeltingvietnam.com\/#website\",\"url\":\"https:\/\/yonglibeltingvietnam.com\/\",\"name\":\"YONGLI BELTING VIETNAM - B\u0102NG T\u1ea2I YONGLI T\u1ea0I VI\u1ec6T NAM\",\"description\":\"\",\"potentialAction\":[{\"@type\":\"SearchAction\",\"target\":{\"@type\":\"EntryPoint\",\"urlTemplate\":\"https:\/\/yonglibeltingvietnam.com\/?s={search_term_string}\"},\"query-input\":\"required name=search_term_string\"}],\"inLanguage\":\"zh-Hans\"}]}<\/script>\n<!-- \/ Yoast SEO Premium plugin. -->","yoast_head_json":{"title":"D\u00c2Y \u0110AI TRUY\u1ec0N \u0110\u1ed8NG - YONGLI BELTING VIETNAM - B\u0102NG T\u1ea2I YONGLI T\u1ea0I VI\u1ec6T NAM","description":"D\u00e2y curoa truy\u1ec1n \u0111\u1ed9ng \u0111\u01b0\u1ee3c s\u1eed d\u1ee5ng trong nhi\u1ec1u ng\u00e0nh c\u00f4ng nghi\u1ec7p kh\u00e1c nhau nh\u01b0 h\u1eadu c\u1ea7n, g\u1ed7 v\u00e0 bao b\u00ec. V\u1edbi nhi\u1ec1u ph\u01b0\u01a1ng ph\u00e1p \u1ee9ng d\u1ee5ng kh\u00e1c nhau, YONGLI cung c\u1ea5p \u0111a d\u1ea1ng c\u00e1c lo\u1ea1i d\u00e2y curoa truy\u1ec1n \u0111\u1ed9ng c\u00f3 th\u1ec3 \u0111\u01b0\u1ee3c s\u1ea3n xu\u1ea5t theo y\u00eau c\u1ea7u c\u1ee5 th\u1ec3 c\u1ee7a kh\u00e1ch h\u00e0ng.","robots":{"index":"index","follow":"follow","max-snippet":"max-snippet:-1","max-image-preview":"max-image-preview:large","max-video-preview":"max-video-preview:-1"},"canonical":"https:\/\/yonglibeltingvietnam.com\/zh\/product\/day-dai-san-xuat\/","og_locale":"zh_CN","og_type":"article","og_title":"D\u00c2Y \u0110AI TRUY\u1ec0N \u0110\u1ed8NG","og_description":"D\u00e2y curoa truy\u1ec1n \u0111\u1ed9ng \u0111\u01b0\u1ee3c s\u1eed d\u1ee5ng trong nhi\u1ec1u ng\u00e0nh c\u00f4ng nghi\u1ec7p kh\u00e1c nhau nh\u01b0 h\u1eadu c\u1ea7n, g\u1ed7 v\u00e0 bao b\u00ec. V\u1edbi nhi\u1ec1u ph\u01b0\u01a1ng ph\u00e1p \u1ee9ng d\u1ee5ng kh\u00e1c nhau, YONGLI cung c\u1ea5p \u0111a d\u1ea1ng c\u00e1c lo\u1ea1i d\u00e2y curoa truy\u1ec1n \u0111\u1ed9ng c\u00f3 th\u1ec3 \u0111\u01b0\u1ee3c s\u1ea3n xu\u1ea5t theo y\u00eau c\u1ea7u c\u1ee5 th\u1ec3 c\u1ee7a kh\u00e1ch h\u00e0ng.","og_url":"https:\/\/yonglibeltingvietnam.com\/zh\/product\/day-dai-san-xuat\/","og_site_name":"YONGLI BELTING VIETNAM - B\u0102NG T\u1ea2I YONGLI T\u1ea0I VI\u1ec6T NAM","article_modified_time":"2025-07-22T09:12:00+00:00","og_image":[{"width":1024,"height":640,"url":"https:\/\/yonglibeltingvietnam.com\/wp-content\/uploads\/2025\/05\/Transmission-belts-small-1024x640.png","type":"image\/png"}],"twitter_card":"summary_large_image","twitter_misc":{"\u9884\u8ba1\u9605\u8bfb\u65f6\u95f4":"1 \u5206"},"schema":{"@context":"https:\/\/schema.org","@graph":[{"@type":"WebPage","@id":"https:\/\/yonglibeltingvietnam.com\/san-pham\/day-dai-san-xuat\/","url":"https:\/\/yonglibeltingvietnam.com\/san-pham\/day-dai-san-xuat\/","name":"D\u00c2Y \u0110AI TRUY\u1ec0N \u0110\u1ed8NG - YONGLI BELTING VIETNAM - B\u0102NG T\u1ea2I YONGLI T\u1ea0I VI\u1ec6T NAM","isPartOf":{"@id":"https:\/\/yonglibeltingvietnam.com\/#website"},"datePublished":"2025-06-17T07:52:54+00:00","dateModified":"2025-07-22T09:12:00+00:00","description":"D\u00e2y curoa truy\u1ec1n \u0111\u1ed9ng \u0111\u01b0\u1ee3c s\u1eed d\u1ee5ng trong nhi\u1ec1u ng\u00e0nh c\u00f4ng nghi\u1ec7p kh\u00e1c nhau nh\u01b0 h\u1eadu c\u1ea7n, g\u1ed7 v\u00e0 bao b\u00ec. V\u1edbi nhi\u1ec1u ph\u01b0\u01a1ng ph\u00e1p \u1ee9ng d\u1ee5ng kh\u00e1c nhau, YONGLI cung c\u1ea5p \u0111a d\u1ea1ng c\u00e1c lo\u1ea1i d\u00e2y curoa truy\u1ec1n \u0111\u1ed9ng c\u00f3 th\u1ec3 \u0111\u01b0\u1ee3c s\u1ea3n xu\u1ea5t theo y\u00eau c\u1ea7u c\u1ee5 th\u1ec3 c\u1ee7a kh\u00e1ch h\u00e0ng.","breadcrumb":{"@id":"https:\/\/yonglibeltingvietnam.com\/san-pham\/day-dai-san-xuat\/#breadcrumb"},"inLanguage":"zh-Hans","potentialAction":[{"@type":"ReadAction","target":["https:\/\/yonglibeltingvietnam.com\/san-pham\/day-dai-san-xuat\/"]}]},{"@type":"BreadcrumbList","@id":"https:\/\/yonglibeltingvietnam.com\/san-pham\/day-dai-san-xuat\/#breadcrumb","itemListElement":[{"@type":"ListItem","position":1,"name":"Home","item":"https:\/\/yonglibeltingvietnam.com\/"},{"@type":"ListItem","position":2,"name":"C\u1eeda h\u00e0ng","item":"https:\/\/yonglibeltingvietnam.com\/cua-hang\/"},{"@type":"ListItem","position":3,"name":"D\u00c2Y \u0110AI TRUY\u1ec0N \u0110\u1ed8NG"}]},{"@type":"WebSite","@id":"https:\/\/yonglibeltingvietnam.com\/#website","url":"https:\/\/yonglibeltingvietnam.com\/","name":"YONGLI BELTING VIETNAM - B\u0102NG T\u1ea2I YONGLI T\u1ea0I VI\u1ec6T NAM","description":"","potentialAction":[{"@type":"SearchAction","target":{"@type":"EntryPoint","urlTemplate":"https:\/\/yonglibeltingvietnam.com\/?s={search_term_string}"},"query-input":"required name=search_term_string"}],"inLanguage":"zh-Hans"}]}},"_links":{"self":[{"href":"https:\/\/yonglibeltingvietnam.com\/zh\/wp-json\/wp\/v2\/product\/744","targetHints":{"allow":["GET"]}}],"collection":[{"href":"https:\/\/yonglibeltingvietnam.com\/zh\/wp-json\/wp\/v2\/product"}],"about":[{"href":"https:\/\/yonglibeltingvietnam.com\/zh\/wp-json\/wp\/v2\/types\/product"}],"replies":[{"embeddable":true,"href":"https:\/\/yonglibeltingvietnam.com\/zh\/wp-json\/wp\/v2\/comments?post=744"}],"wp:featuredmedia":[{"embeddable":true,"href":"https:\/\/yonglibeltingvietnam.com\/zh\/wp-json\/wp\/v2\/media\/606"}],"wp:attachment":[{"href":"https:\/\/yonglibeltingvietnam.com\/zh\/wp-json\/wp\/v2\/media?parent=744"}],"wp:term":[{"taxonomy":"product_brand","embeddable":true,"href":"https:\/\/yonglibeltingvietnam.com\/zh\/wp-json\/wp\/v2\/product_brand?post=744"},{"taxonomy":"product_cat","embeddable":true,"href":"https:\/\/yonglibeltingvietnam.com\/zh\/wp-json\/wp\/v2\/product_cat?post=744"},{"taxonomy":"product_tag","embeddable":true,"href":"https:\/\/yonglibeltingvietnam.com\/zh\/wp-json\/wp\/v2\/product_tag?post=744"}],"curies":[{"name":"wp","href":"https:\/\/api.w.org\/{rel}","templated":true}]}}