{"id":855,"date":"2025-06-21T13:27:51","date_gmt":"2025-06-21T06:27:51","guid":{"rendered":"https:\/\/yongli.123websitedev.com\/?post_type=product&#038;p=855"},"modified":"2025-07-22T11:43:29","modified_gmt":"2025-07-22T04:43:29","slug":"bang-tai-pu","status":"publish","type":"product","link":"https:\/\/yonglibeltingvietnam.com\/zh\/product\/bang-tai-pu\/","title":{"rendered":"B\u0102NG T\u1ea2I PU"},"content":{"rendered":"<p>B\u0103ng t\u1ea3i PU nguy\u00ean kh\u1ed1i\u00a0YONGLI \u0111\u01b0\u1ee3c thi\u1ebft k\u1ebf \u0111\u1ec3 v\u1eadn h\u00e0nh d\u01b0\u1edbi \u00e1p l\u1ef1c m\u00e0 v\u1eabn \u0111\u1ea3m b\u1ea3o v\u1ec7 sinh an to\u00e0n th\u1ef1c ph\u1ea9m. B\u0103ng t\u1ea3i \u0111\u01b0\u1ee3c \u0111\u00f3ng k\u00edn ho\u00e0n to\u00e0n t\u1eeb m\u1ecdi ph\u00eda, kh\u00f4ng \u0111\u1ec3 vi khu\u1ea9n t\u00edch t\u1ee5, do \u0111\u00f3 c\u00f3 th\u1ec3 v\u1ec7 sinh d\u1ec5 d\u00e0ng v\u00e0 hi\u1ec7u qu\u1ea3. Ti\u1ebft ki\u1ec7m th\u1eddi gian, n\u01b0\u1edbc v\u00e0 chi ph\u00ed b\u1ea3o tr\u00ec.<\/p>","protected":false},"excerpt":{"rendered":"<p>B\u0103ng t\u1ea3i PU nguy\u00ean kh\u1ed1i\u00a0YONGLI \u0111\u01b0\u1ee3c thi\u1ebft k\u1ebf \u0111\u1ec3 v\u1eadn h\u00e0nh d\u01b0\u1edbi \u00e1p l\u1ef1c m\u00e0 v\u1eabn \u0111\u1ea3m b\u1ea3o v\u1ec7 sinh an to\u00e0n th\u1ef1c ph\u1ea9m. B\u0103ng t\u1ea3i \u0111\u01b0\u1ee3c \u0111\u00f3ng k\u00edn ho\u00e0n to\u00e0n t\u1eeb m\u1ecdi ph\u00eda, kh\u00f4ng \u0111\u1ec3 vi khu\u1ea9n t\u00edch t\u1ee5, do \u0111\u00f3 c\u00f3 th\u1ec3 v\u1ec7 sinh d\u1ec5 d\u00e0ng v\u00e0 hi\u1ec7u qu\u1ea3. Ti\u1ebft ki\u1ec7m th\u1eddi gian, n\u01b0\u1edbc v\u00e0 chi ph\u00ed b\u1ea3o tr\u00ec.<\/p>","protected":false},"featured_media":859,"comment_status":"closed","ping_status":"closed","template":"","meta":{"_acf_changed":false},"product_brand":[],"product_cat":[69,63],"product_tag":[],"class_list":{"0":"post-855","1":"product","2":"type-product","3":"status-publish","4":"has-post-thumbnail","6":"product_cat-bang-tai","7":"product_cat-pu","9":"first","10":"instock","11":"shipping-taxable","12":"product-type-simple"},"acf":[],"yoast_head":"<!-- This site is optimized with the Yoast SEO Premium plugin v20.9 (Yoast SEO v20.9) - https:\/\/yoast.com\/wordpress\/plugins\/seo\/ -->\n<title>B\u0102NG T\u1ea2I PU - YONGLI BELTING VIETNAM - B\u0102NG T\u1ea2I YONGLI T\u1ea0I VI\u1ec6T NAM<\/title>\n<meta name=\"description\" content=\"B\u0103ng t\u1ea3i PU nguy\u00ean kh\u1ed1i YONGLI \u0111\u01b0\u1ee3c thi\u1ebft k\u1ebf \u0111\u1ec3 v\u1eadn h\u00e0nh d\u01b0\u1edbi \u00e1p l\u1ef1c m\u00e0 v\u1eabn \u0111\u1ea3m b\u1ea3o v\u1ec7 sinh an to\u00e0n th\u1ef1c ph\u1ea9m. B\u0103ng t\u1ea3i \u0111\u01b0\u1ee3c \u0111\u00f3ng k\u00edn ho\u00e0n to\u00e0n t\u1eeb m\u1ecdi ph\u00eda, kh\u00f4ng \u0111\u1ec3 vi khu\u1ea9n t\u00edch t\u1ee5, do \u0111\u00f3 c\u00f3 th\u1ec3 v\u1ec7 sinh d\u1ec5 d\u00e0ng v\u00e0 hi\u1ec7u qu\u1ea3. Ti\u1ebft ki\u1ec7m th\u1eddi gian, n\u01b0\u1edbc v\u00e0 chi ph\u00ed b\u1ea3o tr\u00ec.\" \/>\n<meta name=\"robots\" content=\"index, follow, max-snippet:-1, max-image-preview:large, max-video-preview:-1\" \/>\n<link rel=\"canonical\" href=\"https:\/\/yonglibeltingvietnam.com\/zh\/product\/bang-tai-pu\/\" \/>\n<meta property=\"og:locale\" content=\"zh_CN\" \/>\n<meta property=\"og:type\" content=\"article\" \/>\n<meta property=\"og:title\" content=\"B\u0102NG T\u1ea2I PU\" \/>\n<meta property=\"og:description\" content=\"B\u0103ng t\u1ea3i PU nguy\u00ean kh\u1ed1i YONGLI \u0111\u01b0\u1ee3c thi\u1ebft k\u1ebf \u0111\u1ec3 v\u1eadn h\u00e0nh d\u01b0\u1edbi \u00e1p l\u1ef1c m\u00e0 v\u1eabn \u0111\u1ea3m b\u1ea3o v\u1ec7 sinh an to\u00e0n th\u1ef1c ph\u1ea9m. B\u0103ng t\u1ea3i \u0111\u01b0\u1ee3c \u0111\u00f3ng k\u00edn ho\u00e0n to\u00e0n t\u1eeb m\u1ecdi ph\u00eda, kh\u00f4ng \u0111\u1ec3 vi khu\u1ea9n t\u00edch t\u1ee5, do \u0111\u00f3 c\u00f3 th\u1ec3 v\u1ec7 sinh d\u1ec5 d\u00e0ng v\u00e0 hi\u1ec7u qu\u1ea3. Ti\u1ebft ki\u1ec7m th\u1eddi gian, n\u01b0\u1edbc v\u00e0 chi ph\u00ed b\u1ea3o tr\u00ec.\" \/>\n<meta property=\"og:url\" content=\"https:\/\/yonglibeltingvietnam.com\/zh\/product\/bang-tai-pu\/\" \/>\n<meta property=\"og:site_name\" content=\"YONGLI BELTING VIETNAM - B\u0102NG T\u1ea2I YONGLI T\u1ea0I VI\u1ec6T NAM\" \/>\n<meta property=\"article:modified_time\" content=\"2025-07-22T04:43:29+00:00\" \/>\n<meta property=\"og:image\" content=\"https:\/\/yonglibeltingvietnam.com\/wp-content\/uploads\/2025\/06\/Bang-tai-PU.jpg\" \/>\n\t<meta property=\"og:image:width\" content=\"1279\" \/>\n\t<meta property=\"og:image:height\" content=\"1706\" \/>\n\t<meta property=\"og:image:type\" content=\"image\/jpeg\" \/>\n<meta name=\"twitter:card\" content=\"summary_large_image\" \/>\n<meta name=\"twitter:label1\" content=\"\u9884\u8ba1\u9605\u8bfb\u65f6\u95f4\" \/>\n\t<meta name=\"twitter:data1\" content=\"1 \u5206\" \/>\n<script type=\"application\/ld+json\" class=\"yoast-schema-graph\">{\"@context\":\"https:\/\/schema.org\",\"@graph\":[{\"@type\":\"WebPage\",\"@id\":\"https:\/\/yonglibeltingvietnam.com\/san-pham\/bang-tai-pu\/\",\"url\":\"https:\/\/yonglibeltingvietnam.com\/san-pham\/bang-tai-pu\/\",\"name\":\"B\u0102NG T\u1ea2I PU - YONGLI BELTING VIETNAM - B\u0102NG T\u1ea2I YONGLI T\u1ea0I VI\u1ec6T NAM\",\"isPartOf\":{\"@id\":\"https:\/\/yonglibeltingvietnam.com\/#website\"},\"datePublished\":\"2025-06-21T06:27:51+00:00\",\"dateModified\":\"2025-07-22T04:43:29+00:00\",\"description\":\"B\u0103ng t\u1ea3i PU nguy\u00ean kh\u1ed1i YONGLI \u0111\u01b0\u1ee3c thi\u1ebft k\u1ebf \u0111\u1ec3 v\u1eadn h\u00e0nh d\u01b0\u1edbi \u00e1p l\u1ef1c m\u00e0 v\u1eabn \u0111\u1ea3m b\u1ea3o v\u1ec7 sinh an to\u00e0n th\u1ef1c ph\u1ea9m. B\u0103ng t\u1ea3i \u0111\u01b0\u1ee3c \u0111\u00f3ng k\u00edn ho\u00e0n to\u00e0n t\u1eeb m\u1ecdi ph\u00eda, kh\u00f4ng \u0111\u1ec3 vi khu\u1ea9n t\u00edch t\u1ee5, do \u0111\u00f3 c\u00f3 th\u1ec3 v\u1ec7 sinh d\u1ec5 d\u00e0ng v\u00e0 hi\u1ec7u qu\u1ea3. Ti\u1ebft ki\u1ec7m th\u1eddi gian, n\u01b0\u1edbc v\u00e0 chi ph\u00ed b\u1ea3o tr\u00ec.\",\"breadcrumb\":{\"@id\":\"https:\/\/yonglibeltingvietnam.com\/san-pham\/bang-tai-pu\/#breadcrumb\"},\"inLanguage\":\"zh-Hans\",\"potentialAction\":[{\"@type\":\"ReadAction\",\"target\":[\"https:\/\/yonglibeltingvietnam.com\/san-pham\/bang-tai-pu\/\"]}]},{\"@type\":\"BreadcrumbList\",\"@id\":\"https:\/\/yonglibeltingvietnam.com\/san-pham\/bang-tai-pu\/#breadcrumb\",\"itemListElement\":[{\"@type\":\"ListItem\",\"position\":1,\"name\":\"Home\",\"item\":\"https:\/\/yonglibeltingvietnam.com\/\"},{\"@type\":\"ListItem\",\"position\":2,\"name\":\"C\u1eeda h\u00e0ng\",\"item\":\"https:\/\/yonglibeltingvietnam.com\/cua-hang\/\"},{\"@type\":\"ListItem\",\"position\":3,\"name\":\"B\u0102NG T\u1ea2I PU\"}]},{\"@type\":\"WebSite\",\"@id\":\"https:\/\/yonglibeltingvietnam.com\/#website\",\"url\":\"https:\/\/yonglibeltingvietnam.com\/\",\"name\":\"YONGLI BELTING VIETNAM - B\u0102NG T\u1ea2I YONGLI T\u1ea0I VI\u1ec6T NAM\",\"description\":\"\",\"potentialAction\":[{\"@type\":\"SearchAction\",\"target\":{\"@type\":\"EntryPoint\",\"urlTemplate\":\"https:\/\/yonglibeltingvietnam.com\/?s={search_term_string}\"},\"query-input\":\"required name=search_term_string\"}],\"inLanguage\":\"zh-Hans\"}]}<\/script>\n<!-- \/ Yoast SEO Premium plugin. -->","yoast_head_json":{"title":"B\u0102NG T\u1ea2I PU - YONGLI BELTING VIETNAM - B\u0102NG T\u1ea2I YONGLI T\u1ea0I VI\u1ec6T NAM","description":"B\u0103ng t\u1ea3i PU nguy\u00ean kh\u1ed1i YONGLI \u0111\u01b0\u1ee3c thi\u1ebft k\u1ebf \u0111\u1ec3 v\u1eadn h\u00e0nh d\u01b0\u1edbi \u00e1p l\u1ef1c m\u00e0 v\u1eabn \u0111\u1ea3m b\u1ea3o v\u1ec7 sinh an to\u00e0n th\u1ef1c ph\u1ea9m. B\u0103ng t\u1ea3i \u0111\u01b0\u1ee3c \u0111\u00f3ng k\u00edn ho\u00e0n to\u00e0n t\u1eeb m\u1ecdi ph\u00eda, kh\u00f4ng \u0111\u1ec3 vi khu\u1ea9n t\u00edch t\u1ee5, do \u0111\u00f3 c\u00f3 th\u1ec3 v\u1ec7 sinh d\u1ec5 d\u00e0ng v\u00e0 hi\u1ec7u qu\u1ea3. Ti\u1ebft ki\u1ec7m th\u1eddi gian, n\u01b0\u1edbc v\u00e0 chi ph\u00ed b\u1ea3o tr\u00ec.","robots":{"index":"index","follow":"follow","max-snippet":"max-snippet:-1","max-image-preview":"max-image-preview:large","max-video-preview":"max-video-preview:-1"},"canonical":"https:\/\/yonglibeltingvietnam.com\/zh\/product\/bang-tai-pu\/","og_locale":"zh_CN","og_type":"article","og_title":"B\u0102NG T\u1ea2I PU","og_description":"B\u0103ng t\u1ea3i PU nguy\u00ean kh\u1ed1i YONGLI \u0111\u01b0\u1ee3c thi\u1ebft k\u1ebf \u0111\u1ec3 v\u1eadn h\u00e0nh d\u01b0\u1edbi \u00e1p l\u1ef1c m\u00e0 v\u1eabn \u0111\u1ea3m b\u1ea3o v\u1ec7 sinh an to\u00e0n th\u1ef1c ph\u1ea9m. B\u0103ng t\u1ea3i \u0111\u01b0\u1ee3c \u0111\u00f3ng k\u00edn ho\u00e0n to\u00e0n t\u1eeb m\u1ecdi ph\u00eda, kh\u00f4ng \u0111\u1ec3 vi khu\u1ea9n t\u00edch t\u1ee5, do \u0111\u00f3 c\u00f3 th\u1ec3 v\u1ec7 sinh d\u1ec5 d\u00e0ng v\u00e0 hi\u1ec7u qu\u1ea3. Ti\u1ebft ki\u1ec7m th\u1eddi gian, n\u01b0\u1edbc v\u00e0 chi ph\u00ed b\u1ea3o tr\u00ec.","og_url":"https:\/\/yonglibeltingvietnam.com\/zh\/product\/bang-tai-pu\/","og_site_name":"YONGLI BELTING VIETNAM - B\u0102NG T\u1ea2I YONGLI T\u1ea0I VI\u1ec6T NAM","article_modified_time":"2025-07-22T04:43:29+00:00","og_image":[{"width":1279,"height":1706,"url":"https:\/\/yonglibeltingvietnam.com\/wp-content\/uploads\/2025\/06\/Bang-tai-PU.jpg","type":"image\/jpeg"}],"twitter_card":"summary_large_image","twitter_misc":{"\u9884\u8ba1\u9605\u8bfb\u65f6\u95f4":"1 \u5206"},"schema":{"@context":"https:\/\/schema.org","@graph":[{"@type":"WebPage","@id":"https:\/\/yonglibeltingvietnam.com\/san-pham\/bang-tai-pu\/","url":"https:\/\/yonglibeltingvietnam.com\/san-pham\/bang-tai-pu\/","name":"B\u0102NG T\u1ea2I PU - YONGLI BELTING VIETNAM - B\u0102NG T\u1ea2I YONGLI T\u1ea0I VI\u1ec6T NAM","isPartOf":{"@id":"https:\/\/yonglibeltingvietnam.com\/#website"},"datePublished":"2025-06-21T06:27:51+00:00","dateModified":"2025-07-22T04:43:29+00:00","description":"B\u0103ng t\u1ea3i PU nguy\u00ean kh\u1ed1i YONGLI \u0111\u01b0\u1ee3c thi\u1ebft k\u1ebf \u0111\u1ec3 v\u1eadn h\u00e0nh d\u01b0\u1edbi \u00e1p l\u1ef1c m\u00e0 v\u1eabn \u0111\u1ea3m b\u1ea3o v\u1ec7 sinh an to\u00e0n th\u1ef1c ph\u1ea9m. B\u0103ng t\u1ea3i \u0111\u01b0\u1ee3c \u0111\u00f3ng k\u00edn ho\u00e0n to\u00e0n t\u1eeb m\u1ecdi ph\u00eda, kh\u00f4ng \u0111\u1ec3 vi khu\u1ea9n t\u00edch t\u1ee5, do \u0111\u00f3 c\u00f3 th\u1ec3 v\u1ec7 sinh d\u1ec5 d\u00e0ng v\u00e0 hi\u1ec7u qu\u1ea3. Ti\u1ebft ki\u1ec7m th\u1eddi gian, n\u01b0\u1edbc v\u00e0 chi ph\u00ed b\u1ea3o tr\u00ec.","breadcrumb":{"@id":"https:\/\/yonglibeltingvietnam.com\/san-pham\/bang-tai-pu\/#breadcrumb"},"inLanguage":"zh-Hans","potentialAction":[{"@type":"ReadAction","target":["https:\/\/yonglibeltingvietnam.com\/san-pham\/bang-tai-pu\/"]}]},{"@type":"BreadcrumbList","@id":"https:\/\/yonglibeltingvietnam.com\/san-pham\/bang-tai-pu\/#breadcrumb","itemListElement":[{"@type":"ListItem","position":1,"name":"Home","item":"https:\/\/yonglibeltingvietnam.com\/"},{"@type":"ListItem","position":2,"name":"C\u1eeda h\u00e0ng","item":"https:\/\/yonglibeltingvietnam.com\/cua-hang\/"},{"@type":"ListItem","position":3,"name":"B\u0102NG T\u1ea2I PU"}]},{"@type":"WebSite","@id":"https:\/\/yonglibeltingvietnam.com\/#website","url":"https:\/\/yonglibeltingvietnam.com\/","name":"YONGLI BELTING VIETNAM - B\u0102NG T\u1ea2I YONGLI T\u1ea0I VI\u1ec6T NAM","description":"","potentialAction":[{"@type":"SearchAction","target":{"@type":"EntryPoint","urlTemplate":"https:\/\/yonglibeltingvietnam.com\/?s={search_term_string}"},"query-input":"required name=search_term_string"}],"inLanguage":"zh-Hans"}]}},"_links":{"self":[{"href":"https:\/\/yonglibeltingvietnam.com\/zh\/wp-json\/wp\/v2\/product\/855","targetHints":{"allow":["GET"]}}],"collection":[{"href":"https:\/\/yonglibeltingvietnam.com\/zh\/wp-json\/wp\/v2\/product"}],"about":[{"href":"https:\/\/yonglibeltingvietnam.com\/zh\/wp-json\/wp\/v2\/types\/product"}],"replies":[{"embeddable":true,"href":"https:\/\/yonglibeltingvietnam.com\/zh\/wp-json\/wp\/v2\/comments?post=855"}],"wp:featuredmedia":[{"embeddable":true,"href":"https:\/\/yonglibeltingvietnam.com\/zh\/wp-json\/wp\/v2\/media\/859"}],"wp:attachment":[{"href":"https:\/\/yonglibeltingvietnam.com\/zh\/wp-json\/wp\/v2\/media?parent=855"}],"wp:term":[{"taxonomy":"product_brand","embeddable":true,"href":"https:\/\/yonglibeltingvietnam.com\/zh\/wp-json\/wp\/v2\/product_brand?post=855"},{"taxonomy":"product_cat","embeddable":true,"href":"https:\/\/yonglibeltingvietnam.com\/zh\/wp-json\/wp\/v2\/product_cat?post=855"},{"taxonomy":"product_tag","embeddable":true,"href":"https:\/\/yonglibeltingvietnam.com\/zh\/wp-json\/wp\/v2\/product_tag?post=855"}],"curies":[{"name":"wp","href":"https:\/\/api.w.org\/{rel}","templated":true}]}}