{"id":857,"date":"2025-06-21T13:30:35","date_gmt":"2025-06-21T06:30:35","guid":{"rendered":"https:\/\/yongli.123websitedev.com\/?post_type=product&#038;p=857"},"modified":"2025-07-22T13:52:27","modified_gmt":"2025-07-22T06:52:27","slug":"bang-tai-pvc","status":"publish","type":"product","link":"https:\/\/yonglibeltingvietnam.com\/zh\/product\/bang-tai-pvc\/","title":{"rendered":"B\u0102NG T\u1ea2I PVC"},"content":{"rendered":"<p>B\u0103ng t\u1ea3i PVC c\u1ee7a YONGLI s\u1eed d\u1ee5ng c\u00e1c v\u1eadt li\u1ec7u \u0111\u00e0n h\u1ed3i hi\u1ec7u su\u1ea5t cao nh\u1eb1m \u0111\u00e1p \u1ee9ng nhu c\u1ea7u v\u1eadn h\u00e0nh trong \u0111i\u1ec1u ki\u1ec7n \u0111\u1eb7c bi\u1ec7t. D\u00f2ng s\u1ea3n ph\u1ea9m n\u00e0y \u0111\u1eb7c bi\u1ec7t ph\u00f9 h\u1ee3p v\u1edbi c\u00e1c ng\u00e0nh c\u00f4ng nghi\u1ec7p y\u00eau c\u1ea7u cao v\u1ec1 v\u1ec7 sinh v\u00e0 \u0111\u1ed9 b\u1ec1n nh\u01b0 ch\u1ebf bi\u1ebfn th\u1ef1c ph\u1ea9m v\u00e0 n\u0103ng l\u01b0\u1ee3ng m\u1eb7t tr\u1eddi, mang \u0111\u1ebfn gi\u1ea3i ph\u00e1p truy\u1ec1n t\u1ea3i \u1ed5n \u0111\u1ecbnh, linh ho\u1ea1t v\u00e0 an to\u00e0n.<\/p>","protected":false},"excerpt":{"rendered":"<p>B\u0103ng t\u1ea3i PVC c\u1ee7a YONGLI s\u1eed d\u1ee5ng c\u00e1c v\u1eadt li\u1ec7u \u0111\u00e0n h\u1ed3i hi\u1ec7u su\u1ea5t cao nh\u1eb1m \u0111\u00e1p \u1ee9ng nhu c\u1ea7u v\u1eadn h\u00e0nh trong \u0111i\u1ec1u ki\u1ec7n \u0111\u1eb7c bi\u1ec7t. D\u00f2ng s\u1ea3n ph\u1ea9m n\u00e0y \u0111\u1eb7c bi\u1ec7t ph\u00f9 h\u1ee3p v\u1edbi c\u00e1c ng\u00e0nh c\u00f4ng nghi\u1ec7p y\u00eau c\u1ea7u cao v\u1ec1 v\u1ec7 sinh v\u00e0 \u0111\u1ed9 b\u1ec1n nh\u01b0 ch\u1ebf bi\u1ebfn th\u1ef1c ph\u1ea9m v\u00e0 n\u0103ng l\u01b0\u1ee3ng m\u1eb7t tr\u1eddi, mang \u0111\u1ebfn gi\u1ea3i ph\u00e1p truy\u1ec1n t\u1ea3i \u1ed5n \u0111\u1ecbnh, linh ho\u1ea1t v\u00e0[&hellip;]<\/p>","protected":false},"featured_media":861,"comment_status":"closed","ping_status":"closed","template":"","meta":{"_acf_changed":false},"product_brand":[],"product_cat":[69,62],"product_tag":[],"class_list":{"0":"post-857","1":"product","2":"type-product","3":"status-publish","4":"has-post-thumbnail","6":"product_cat-bang-tai","7":"product_cat-pvc","9":"first","10":"instock","11":"shipping-taxable","12":"product-type-simple"},"acf":[],"yoast_head":"<!-- This site is optimized with the Yoast SEO Premium plugin v20.9 (Yoast SEO v20.9) - https:\/\/yoast.com\/wordpress\/plugins\/seo\/ -->\n<title>B\u0102NG T\u1ea2I PVC - YONGLI BELTING VIETNAM - B\u0102NG T\u1ea2I YONGLI T\u1ea0I VI\u1ec6T NAM<\/title>\n<meta name=\"description\" content=\"B\u0103ng t\u1ea3i PVC c\u1ee7a YONGLI s\u1eed d\u1ee5ng c\u00e1c v\u1eadt li\u1ec7u \u0111\u00e0n h\u1ed3i hi\u1ec7u su\u1ea5t cao nh\u1eb1m \u0111\u00e1p \u1ee9ng nhu c\u1ea7u v\u1eadn h\u00e0nh trong \u0111i\u1ec1u ki\u1ec7n \u0111\u1eb7c bi\u1ec7t. D\u00f2ng s\u1ea3n ph\u1ea9m n\u00e0y \u0111\u1eb7c bi\u1ec7t ph\u00f9 h\u1ee3p v\u1edbi c\u00e1c ng\u00e0nh c\u00f4ng nghi\u1ec7p y\u00eau c\u1ea7u cao v\u1ec1 v\u1ec7 sinh v\u00e0 \u0111\u1ed9 b\u1ec1n nh\u01b0 ch\u1ebf bi\u1ebfn th\u1ef1c ph\u1ea9m v\u00e0 n\u0103ng l\u01b0\u1ee3ng m\u1eb7t tr\u1eddi, mang \u0111\u1ebfn gi\u1ea3i ph\u00e1p truy\u1ec1n t\u1ea3i \u1ed5n \u0111\u1ecbnh, linh ho\u1ea1t v\u00e0 an to\u00e0n.\" \/>\n<meta name=\"robots\" content=\"index, follow, max-snippet:-1, max-image-preview:large, max-video-preview:-1\" \/>\n<link rel=\"canonical\" href=\"https:\/\/yonglibeltingvietnam.com\/zh\/product\/bang-tai-pvc\/\" \/>\n<meta property=\"og:locale\" content=\"zh_CN\" \/>\n<meta property=\"og:type\" content=\"article\" \/>\n<meta property=\"og:title\" content=\"B\u0102NG T\u1ea2I PVC\" \/>\n<meta property=\"og:description\" content=\"B\u0103ng t\u1ea3i PVC c\u1ee7a YONGLI s\u1eed d\u1ee5ng c\u00e1c v\u1eadt li\u1ec7u \u0111\u00e0n h\u1ed3i hi\u1ec7u su\u1ea5t cao nh\u1eb1m \u0111\u00e1p \u1ee9ng nhu c\u1ea7u v\u1eadn h\u00e0nh trong \u0111i\u1ec1u ki\u1ec7n \u0111\u1eb7c bi\u1ec7t. D\u00f2ng s\u1ea3n ph\u1ea9m n\u00e0y \u0111\u1eb7c bi\u1ec7t ph\u00f9 h\u1ee3p v\u1edbi c\u00e1c ng\u00e0nh c\u00f4ng nghi\u1ec7p y\u00eau c\u1ea7u cao v\u1ec1 v\u1ec7 sinh v\u00e0 \u0111\u1ed9 b\u1ec1n nh\u01b0 ch\u1ebf bi\u1ebfn th\u1ef1c ph\u1ea9m v\u00e0 n\u0103ng l\u01b0\u1ee3ng m\u1eb7t tr\u1eddi, mang \u0111\u1ebfn gi\u1ea3i ph\u00e1p truy\u1ec1n t\u1ea3i \u1ed5n \u0111\u1ecbnh, linh ho\u1ea1t v\u00e0 an to\u00e0n.\" \/>\n<meta property=\"og:url\" content=\"https:\/\/yonglibeltingvietnam.com\/zh\/product\/bang-tai-pvc\/\" \/>\n<meta property=\"og:site_name\" content=\"YONGLI BELTING VIETNAM - B\u0102NG T\u1ea2I YONGLI T\u1ea0I VI\u1ec6T NAM\" \/>\n<meta property=\"article:modified_time\" content=\"2025-07-22T06:52:27+00:00\" \/>\n<meta property=\"og:image\" content=\"https:\/\/yonglibeltingvietnam.com\/wp-content\/uploads\/2025\/06\/Bang-tai-PVC.jpg\" \/>\n\t<meta property=\"og:image:width\" content=\"800\" \/>\n\t<meta property=\"og:image:height\" content=\"487\" \/>\n\t<meta property=\"og:image:type\" content=\"image\/jpeg\" \/>\n<meta name=\"twitter:card\" content=\"summary_large_image\" \/>\n<meta name=\"twitter:label1\" content=\"\u9884\u8ba1\u9605\u8bfb\u65f6\u95f4\" \/>\n\t<meta name=\"twitter:data1\" content=\"1 \u5206\" \/>\n<script type=\"application\/ld+json\" class=\"yoast-schema-graph\">{\"@context\":\"https:\/\/schema.org\",\"@graph\":[{\"@type\":\"WebPage\",\"@id\":\"https:\/\/yonglibeltingvietnam.com\/san-pham\/bang-tai-pvc\/\",\"url\":\"https:\/\/yonglibeltingvietnam.com\/san-pham\/bang-tai-pvc\/\",\"name\":\"B\u0102NG T\u1ea2I PVC - YONGLI BELTING VIETNAM - B\u0102NG T\u1ea2I YONGLI T\u1ea0I VI\u1ec6T NAM\",\"isPartOf\":{\"@id\":\"https:\/\/yonglibeltingvietnam.com\/#website\"},\"datePublished\":\"2025-06-21T06:30:35+00:00\",\"dateModified\":\"2025-07-22T06:52:27+00:00\",\"description\":\"B\u0103ng t\u1ea3i PVC c\u1ee7a YONGLI s\u1eed d\u1ee5ng c\u00e1c v\u1eadt li\u1ec7u \u0111\u00e0n h\u1ed3i hi\u1ec7u su\u1ea5t cao nh\u1eb1m \u0111\u00e1p \u1ee9ng nhu c\u1ea7u v\u1eadn h\u00e0nh trong \u0111i\u1ec1u ki\u1ec7n \u0111\u1eb7c bi\u1ec7t. D\u00f2ng s\u1ea3n ph\u1ea9m n\u00e0y \u0111\u1eb7c bi\u1ec7t ph\u00f9 h\u1ee3p v\u1edbi c\u00e1c ng\u00e0nh c\u00f4ng nghi\u1ec7p y\u00eau c\u1ea7u cao v\u1ec1 v\u1ec7 sinh v\u00e0 \u0111\u1ed9 b\u1ec1n nh\u01b0 ch\u1ebf bi\u1ebfn th\u1ef1c ph\u1ea9m v\u00e0 n\u0103ng l\u01b0\u1ee3ng m\u1eb7t tr\u1eddi, mang \u0111\u1ebfn gi\u1ea3i ph\u00e1p truy\u1ec1n t\u1ea3i \u1ed5n \u0111\u1ecbnh, linh ho\u1ea1t v\u00e0 an to\u00e0n.\",\"breadcrumb\":{\"@id\":\"https:\/\/yonglibeltingvietnam.com\/san-pham\/bang-tai-pvc\/#breadcrumb\"},\"inLanguage\":\"zh-Hans\",\"potentialAction\":[{\"@type\":\"ReadAction\",\"target\":[\"https:\/\/yonglibeltingvietnam.com\/san-pham\/bang-tai-pvc\/\"]}]},{\"@type\":\"BreadcrumbList\",\"@id\":\"https:\/\/yonglibeltingvietnam.com\/san-pham\/bang-tai-pvc\/#breadcrumb\",\"itemListElement\":[{\"@type\":\"ListItem\",\"position\":1,\"name\":\"Home\",\"item\":\"https:\/\/yonglibeltingvietnam.com\/\"},{\"@type\":\"ListItem\",\"position\":2,\"name\":\"C\u1eeda h\u00e0ng\",\"item\":\"https:\/\/yonglibeltingvietnam.com\/cua-hang\/\"},{\"@type\":\"ListItem\",\"position\":3,\"name\":\"B\u0102NG T\u1ea2I PVC\"}]},{\"@type\":\"WebSite\",\"@id\":\"https:\/\/yonglibeltingvietnam.com\/#website\",\"url\":\"https:\/\/yonglibeltingvietnam.com\/\",\"name\":\"YONGLI BELTING VIETNAM - B\u0102NG T\u1ea2I YONGLI T\u1ea0I VI\u1ec6T NAM\",\"description\":\"\",\"potentialAction\":[{\"@type\":\"SearchAction\",\"target\":{\"@type\":\"EntryPoint\",\"urlTemplate\":\"https:\/\/yonglibeltingvietnam.com\/?s={search_term_string}\"},\"query-input\":\"required name=search_term_string\"}],\"inLanguage\":\"zh-Hans\"}]}<\/script>\n<!-- \/ Yoast SEO Premium plugin. -->","yoast_head_json":{"title":"B\u0102NG T\u1ea2I PVC - YONGLI BELTING VIETNAM - B\u0102NG T\u1ea2I YONGLI T\u1ea0I VI\u1ec6T NAM","description":"B\u0103ng t\u1ea3i PVC c\u1ee7a YONGLI s\u1eed d\u1ee5ng c\u00e1c v\u1eadt li\u1ec7u \u0111\u00e0n h\u1ed3i hi\u1ec7u su\u1ea5t cao nh\u1eb1m \u0111\u00e1p \u1ee9ng nhu c\u1ea7u v\u1eadn h\u00e0nh trong \u0111i\u1ec1u ki\u1ec7n \u0111\u1eb7c bi\u1ec7t. D\u00f2ng s\u1ea3n ph\u1ea9m n\u00e0y \u0111\u1eb7c bi\u1ec7t ph\u00f9 h\u1ee3p v\u1edbi c\u00e1c ng\u00e0nh c\u00f4ng nghi\u1ec7p y\u00eau c\u1ea7u cao v\u1ec1 v\u1ec7 sinh v\u00e0 \u0111\u1ed9 b\u1ec1n nh\u01b0 ch\u1ebf bi\u1ebfn th\u1ef1c ph\u1ea9m v\u00e0 n\u0103ng l\u01b0\u1ee3ng m\u1eb7t tr\u1eddi, mang \u0111\u1ebfn gi\u1ea3i ph\u00e1p truy\u1ec1n t\u1ea3i \u1ed5n \u0111\u1ecbnh, linh ho\u1ea1t v\u00e0 an to\u00e0n.","robots":{"index":"index","follow":"follow","max-snippet":"max-snippet:-1","max-image-preview":"max-image-preview:large","max-video-preview":"max-video-preview:-1"},"canonical":"https:\/\/yonglibeltingvietnam.com\/zh\/product\/bang-tai-pvc\/","og_locale":"zh_CN","og_type":"article","og_title":"B\u0102NG T\u1ea2I PVC","og_description":"B\u0103ng t\u1ea3i PVC c\u1ee7a YONGLI s\u1eed d\u1ee5ng c\u00e1c v\u1eadt li\u1ec7u \u0111\u00e0n h\u1ed3i hi\u1ec7u su\u1ea5t cao nh\u1eb1m \u0111\u00e1p \u1ee9ng nhu c\u1ea7u v\u1eadn h\u00e0nh trong \u0111i\u1ec1u ki\u1ec7n \u0111\u1eb7c bi\u1ec7t. D\u00f2ng s\u1ea3n ph\u1ea9m n\u00e0y \u0111\u1eb7c bi\u1ec7t ph\u00f9 h\u1ee3p v\u1edbi c\u00e1c ng\u00e0nh c\u00f4ng nghi\u1ec7p y\u00eau c\u1ea7u cao v\u1ec1 v\u1ec7 sinh v\u00e0 \u0111\u1ed9 b\u1ec1n nh\u01b0 ch\u1ebf bi\u1ebfn th\u1ef1c ph\u1ea9m v\u00e0 n\u0103ng l\u01b0\u1ee3ng m\u1eb7t tr\u1eddi, mang \u0111\u1ebfn gi\u1ea3i ph\u00e1p truy\u1ec1n t\u1ea3i \u1ed5n \u0111\u1ecbnh, linh ho\u1ea1t v\u00e0 an to\u00e0n.","og_url":"https:\/\/yonglibeltingvietnam.com\/zh\/product\/bang-tai-pvc\/","og_site_name":"YONGLI BELTING VIETNAM - B\u0102NG T\u1ea2I YONGLI T\u1ea0I VI\u1ec6T NAM","article_modified_time":"2025-07-22T06:52:27+00:00","og_image":[{"width":800,"height":487,"url":"https:\/\/yonglibeltingvietnam.com\/wp-content\/uploads\/2025\/06\/Bang-tai-PVC.jpg","type":"image\/jpeg"}],"twitter_card":"summary_large_image","twitter_misc":{"\u9884\u8ba1\u9605\u8bfb\u65f6\u95f4":"1 \u5206"},"schema":{"@context":"https:\/\/schema.org","@graph":[{"@type":"WebPage","@id":"https:\/\/yonglibeltingvietnam.com\/san-pham\/bang-tai-pvc\/","url":"https:\/\/yonglibeltingvietnam.com\/san-pham\/bang-tai-pvc\/","name":"B\u0102NG T\u1ea2I PVC - YONGLI BELTING VIETNAM - B\u0102NG T\u1ea2I YONGLI T\u1ea0I VI\u1ec6T NAM","isPartOf":{"@id":"https:\/\/yonglibeltingvietnam.com\/#website"},"datePublished":"2025-06-21T06:30:35+00:00","dateModified":"2025-07-22T06:52:27+00:00","description":"B\u0103ng t\u1ea3i PVC c\u1ee7a YONGLI s\u1eed d\u1ee5ng c\u00e1c v\u1eadt li\u1ec7u \u0111\u00e0n h\u1ed3i hi\u1ec7u su\u1ea5t cao nh\u1eb1m \u0111\u00e1p \u1ee9ng nhu c\u1ea7u v\u1eadn h\u00e0nh trong \u0111i\u1ec1u ki\u1ec7n \u0111\u1eb7c bi\u1ec7t. D\u00f2ng s\u1ea3n ph\u1ea9m n\u00e0y \u0111\u1eb7c bi\u1ec7t ph\u00f9 h\u1ee3p v\u1edbi c\u00e1c ng\u00e0nh c\u00f4ng nghi\u1ec7p y\u00eau c\u1ea7u cao v\u1ec1 v\u1ec7 sinh v\u00e0 \u0111\u1ed9 b\u1ec1n nh\u01b0 ch\u1ebf bi\u1ebfn th\u1ef1c ph\u1ea9m v\u00e0 n\u0103ng l\u01b0\u1ee3ng m\u1eb7t tr\u1eddi, mang \u0111\u1ebfn gi\u1ea3i ph\u00e1p truy\u1ec1n t\u1ea3i \u1ed5n \u0111\u1ecbnh, linh ho\u1ea1t v\u00e0 an to\u00e0n.","breadcrumb":{"@id":"https:\/\/yonglibeltingvietnam.com\/san-pham\/bang-tai-pvc\/#breadcrumb"},"inLanguage":"zh-Hans","potentialAction":[{"@type":"ReadAction","target":["https:\/\/yonglibeltingvietnam.com\/san-pham\/bang-tai-pvc\/"]}]},{"@type":"BreadcrumbList","@id":"https:\/\/yonglibeltingvietnam.com\/san-pham\/bang-tai-pvc\/#breadcrumb","itemListElement":[{"@type":"ListItem","position":1,"name":"Home","item":"https:\/\/yonglibeltingvietnam.com\/"},{"@type":"ListItem","position":2,"name":"C\u1eeda h\u00e0ng","item":"https:\/\/yonglibeltingvietnam.com\/cua-hang\/"},{"@type":"ListItem","position":3,"name":"B\u0102NG T\u1ea2I PVC"}]},{"@type":"WebSite","@id":"https:\/\/yonglibeltingvietnam.com\/#website","url":"https:\/\/yonglibeltingvietnam.com\/","name":"YONGLI BELTING VIETNAM - B\u0102NG T\u1ea2I YONGLI T\u1ea0I VI\u1ec6T NAM","description":"","potentialAction":[{"@type":"SearchAction","target":{"@type":"EntryPoint","urlTemplate":"https:\/\/yonglibeltingvietnam.com\/?s={search_term_string}"},"query-input":"required name=search_term_string"}],"inLanguage":"zh-Hans"}]}},"_links":{"self":[{"href":"https:\/\/yonglibeltingvietnam.com\/zh\/wp-json\/wp\/v2\/product\/857","targetHints":{"allow":["GET"]}}],"collection":[{"href":"https:\/\/yonglibeltingvietnam.com\/zh\/wp-json\/wp\/v2\/product"}],"about":[{"href":"https:\/\/yonglibeltingvietnam.com\/zh\/wp-json\/wp\/v2\/types\/product"}],"replies":[{"embeddable":true,"href":"https:\/\/yonglibeltingvietnam.com\/zh\/wp-json\/wp\/v2\/comments?post=857"}],"wp:featuredmedia":[{"embeddable":true,"href":"https:\/\/yonglibeltingvietnam.com\/zh\/wp-json\/wp\/v2\/media\/861"}],"wp:attachment":[{"href":"https:\/\/yonglibeltingvietnam.com\/zh\/wp-json\/wp\/v2\/media?parent=857"}],"wp:term":[{"taxonomy":"product_brand","embeddable":true,"href":"https:\/\/yonglibeltingvietnam.com\/zh\/wp-json\/wp\/v2\/product_brand?post=857"},{"taxonomy":"product_cat","embeddable":true,"href":"https:\/\/yonglibeltingvietnam.com\/zh\/wp-json\/wp\/v2\/product_cat?post=857"},{"taxonomy":"product_tag","embeddable":true,"href":"https:\/\/yonglibeltingvietnam.com\/zh\/wp-json\/wp\/v2\/product_tag?post=857"}],"curies":[{"name":"wp","href":"https:\/\/api.w.org\/{rel}","templated":true}]}}